
{"id":11900,"date":"2020-12-03T12:49:02","date_gmt":"2020-12-03T11:49:02","guid":{"rendered":"http:\/\/milesiplanet.com\/?post_type=product&#038;p=11900"},"modified":"2020-12-03T12:56:47","modified_gmt":"2020-12-03T11:56:47","slug":"xbt18562","status":"publish","type":"product","link":"https:\/\/milesiplanet.com\/en\/prodotto\/outdoor-solutions\/outdoor-solutions-sealer\/outdoor-solutions-sealer-waterborne-sealer\/xbt18562\/","title":{"rendered":"XBT18562"},"content":{"rendered":"<p>Podk\u0142ad wodny pigmentowany o doskona\u0142ej zdolno\u015bci do utrzymywania si\u0119 na powierzchniach pionowych i dobrej zdolno\u015bci izolowania.<\/p>\n","protected":false},"excerpt":{"rendered":"<p>Podk\u0142ad wodny pigmentowany o doskona\u0142ej zdolno\u015bci do utrzymywania si\u0119 na powierzchniach pionowych i dobrej zdolno\u015bci izolowania.<\/p>\n","protected":false},"featured_media":0,"template":"","meta":{"_acf_changed":false},"product_brand":[],"product_cat":[247,260,261,643],"product_tag":[],"class_list":{"0":"post-11900","1":"product","2":"type-product","3":"status-publish","5":"product_cat-outdoor-solutions","6":"product_cat-outdoor-solutions-sealer","7":"product_cat-outdoor-solutions-sealer-waterborne-sealer","8":"product_cat-cee-en","10":"first","11":"instock","12":"shipping-taxable","13":"product-type-simple"},"acf":[],"_links":{"self":[{"href":"https:\/\/milesiplanet.com\/en\/wp-json\/wp\/v2\/product\/11900","targetHints":{"allow":["GET"]}}],"collection":[{"href":"https:\/\/milesiplanet.com\/en\/wp-json\/wp\/v2\/product"}],"about":[{"href":"https:\/\/milesiplanet.com\/en\/wp-json\/wp\/v2\/types\/product"}],"wp:attachment":[{"href":"https:\/\/milesiplanet.com\/en\/wp-json\/wp\/v2\/media?parent=11900"}],"wp:term":[{"taxonomy":"product_brand","embeddable":true,"href":"https:\/\/milesiplanet.com\/en\/wp-json\/wp\/v2\/product_brand?post=11900"},{"taxonomy":"product_cat","embeddable":true,"href":"https:\/\/milesiplanet.com\/en\/wp-json\/wp\/v2\/product_cat?post=11900"},{"taxonomy":"product_tag","embeddable":true,"href":"https:\/\/milesiplanet.com\/en\/wp-json\/wp\/v2\/product_tag?post=11900"}],"curies":[{"name":"wp","href":"https:\/\/api.w.org\/{rel}","templated":true}]}}