
{"id":29,"date":"2019-12-12T15:23:08","date_gmt":"2019-12-12T14:23:08","guid":{"rendered":"http:\/\/milesiplanet.com?page_id=29"},"modified":"2020-10-30T08:24:08","modified_gmt":"2020-10-30T07:24:08","slug":"productos","status":"publish","type":"page","link":"https:\/\/milesiplanet.com\/es\/sistema-tintometrico-milesi\/productos\/","title":{"rendered":"Productos"},"content":{"rendered":"<p><strong>Productos<\/strong><\/p>\n<p>Los Productos y las Series, en diferentes brillos que pueden ser realizados en los colores deseados utili\u00adzando el Sistema Tintom\u00e9trico Milesi se identifican con el t\u00e9rmino \u201cColor System\u201d.<\/p>\n<p>Las pastas est\u00e1n formuladas con pigmentos seleccionados en referencia a la norma EN71\/3.<\/p>\n<p>&nbsp;<\/p>\n<p><strong>Colores<\/strong><\/p>\n<p>Los colores realizados utilizando los Productos \u201cColor System\u201d y sus relativas pastas, tienen una esta\u00adbilidad en masa asegurada durante al menos 4 meses (delta E m\u00e1ximo de 0,5).<\/p>\n<p>&nbsp;<\/p>\n<p>Los pigmentados, si son fondos-acabados y acabados pigmentables controlados colorim\u00e9tricamente, no se deben corregir, si son fondos pigmentables no est\u00e1n controlados colorim\u00e9tricamente, ya que el nivel de perfecci\u00f3n en la constancia de reproducci\u00f3n no es tan esencial como en los aca\u00adbados, por eso es posible que deban ajustarse dependiendo de la precisi\u00f3n que se requiera.<\/p>\n<p>&nbsp;<\/p>\n<p>Aquellos colores semicubrientes, se deben de ajustar en funci\u00f3n del soporte utilizado.<\/p>\n<p>&nbsp;<\/p>\n","protected":false},"excerpt":{"rendered":"<p>Productos Los Productos y las Series, en diferentes brillos que pueden ser realizados en los colores deseados utili\u00adzando el Sistema Tintom\u00e9trico Milesi se identifican con el t\u00e9rmino \u201cColor System\u201d. Las pastas est\u00e1n formuladas con pigmentos seleccionados en referencia a la norma EN71\/3. &nbsp; Colores Los colores realizados utilizando los Productos \u201cColor System\u201d y sus relativas [&hellip;]<\/p>\n","protected":false},"author":1,"featured_media":0,"parent":237,"menu_order":80,"comment_status":"closed","ping_status":"closed","template":"prodotti.php","meta":{"_acf_changed":false,"footnotes":""},"class_list":["post-29","page","type-page","status-publish","hentry"],"acf":[],"_links":{"self":[{"href":"https:\/\/milesiplanet.com\/es\/wp-json\/wp\/v2\/pages\/29","targetHints":{"allow":["GET"]}}],"collection":[{"href":"https:\/\/milesiplanet.com\/es\/wp-json\/wp\/v2\/pages"}],"about":[{"href":"https:\/\/milesiplanet.com\/es\/wp-json\/wp\/v2\/types\/page"}],"author":[{"embeddable":true,"href":"https:\/\/milesiplanet.com\/es\/wp-json\/wp\/v2\/users\/1"}],"replies":[{"embeddable":true,"href":"https:\/\/milesiplanet.com\/es\/wp-json\/wp\/v2\/comments?post=29"}],"version-history":[{"count":0,"href":"https:\/\/milesiplanet.com\/es\/wp-json\/wp\/v2\/pages\/29\/revisions"}],"up":[{"embeddable":true,"href":"https:\/\/milesiplanet.com\/es\/wp-json\/wp\/v2\/pages\/237"}],"wp:attachment":[{"href":"https:\/\/milesiplanet.com\/es\/wp-json\/wp\/v2\/media?parent=29"}],"curies":[{"name":"wp","href":"https:\/\/api.w.org\/{rel}","templated":true}]}}