
{"id":5617,"date":"2020-02-24T18:38:28","date_gmt":"2020-02-24T17:38:28","guid":{"rendered":"http:\/\/milesiplanet.com\/?page_id=5617"},"modified":"2020-12-04T09:46:05","modified_gmt":"2020-12-04T08:46:05","slug":"establecer-contrasena","status":"publish","type":"page","link":"https:\/\/milesiplanet.com\/es\/iniciar-sesion\/establecer-contrasena\/","title":{"rendered":"Establecer contrase\u00f1a"},"content":{"rendered":"\r\n<div id=\"password-lost-form-wrap\">\r\n\r\n\t\r\n\t\r\n\t<form id=\"lostpasswordform\" method=\"post\" class=\"account-page-form\">\r\n\t\t<fieldset>\r\n\t\t\t<legend>Restablecer la contrase\u00f1a<\/legend>\r\n\r\n\t\t\t<div class=\"somfrp-lost-pass-form-text\">\r\n\t\t\t\t<p class=\"extra-space\">Por favor, introduce tu direcci\u00f3n de correo electr\u00f3nico o tu nombre de usuario. Recibir\u00e1s un enlace por correo electr\u00f3nico para crear una nueva contrase\u00f1a.<\/p>\t\t\t<\/div>\r\n\r\n\t\t\t<p class=\"no-margin\">\r\n\t\t\t\t<label for=\"somfrp_user_info\">Direcci\u00f3n de correo electr\u00f3nico o nombre de usuario<\/label>\r\n\t\t\t\t<input type=\"text\" name=\"somfrp_user_info\" id=\"somfrp_user_info\" required autocomplete=\"username\">\r\n\t\t\t<\/p>\r\n\t\t\t\r\n\r\n\t\t\t<div class=\"lostpassword-submit\">\r\n\t\t\t\t<input type=\"hidden\" id=\"somfrp_nonce\" name=\"somfrp_nonce\" value=\"61f2be1021\" \/><input type=\"hidden\" name=\"_wp_http_referer\" value=\"\/es\/wp-json\/wp\/v2\/pages\/5617\" \/>\t\t\t\t<input type=\"hidden\" name=\"submitted\" id=\"submitted\" value=\"true\">\r\n\t\t\t\t<input type=\"hidden\" name=\"somfrp_action\" id=\"somfrp_post_action\" value=\"somfrp_lost_pass\">\r\n\t\t\t\t<button type=\"submit\" id=\"reset-pass-submit\" name=\"reset-pass-submit\" class=\"button big-btn\">Restablecer la contrase\u00f1a<\/button>\r\n\t\t\t<\/div>\r\n\r\n\t\t<\/fieldset>\r\n\t<\/form>\r\n\r\n<\/div>\n","protected":false},"excerpt":{"rendered":"","protected":false},"author":1,"featured_media":0,"parent":78,"menu_order":34,"comment_status":"closed","ping_status":"closed","template":"recupero.php","meta":{"_acf_changed":false,"footnotes":""},"class_list":["post-5617","page","type-page","status-publish","hentry"],"acf":[],"_links":{"self":[{"href":"https:\/\/milesiplanet.com\/es\/wp-json\/wp\/v2\/pages\/5617","targetHints":{"allow":["GET"]}}],"collection":[{"href":"https:\/\/milesiplanet.com\/es\/wp-json\/wp\/v2\/pages"}],"about":[{"href":"https:\/\/milesiplanet.com\/es\/wp-json\/wp\/v2\/types\/page"}],"author":[{"embeddable":true,"href":"https:\/\/milesiplanet.com\/es\/wp-json\/wp\/v2\/users\/1"}],"replies":[{"embeddable":true,"href":"https:\/\/milesiplanet.com\/es\/wp-json\/wp\/v2\/comments?post=5617"}],"version-history":[{"count":1,"href":"https:\/\/milesiplanet.com\/es\/wp-json\/wp\/v2\/pages\/5617\/revisions"}],"predecessor-version":[{"id":11929,"href":"https:\/\/milesiplanet.com\/es\/wp-json\/wp\/v2\/pages\/5617\/revisions\/11929"}],"up":[{"embeddable":true,"href":"https:\/\/milesiplanet.com\/es\/wp-json\/wp\/v2\/pages\/78"}],"wp:attachment":[{"href":"https:\/\/milesiplanet.com\/es\/wp-json\/wp\/v2\/media?parent=5617"}],"curies":[{"name":"wp","href":"https:\/\/api.w.org\/{rel}","templated":true}]}}