
{"id":5638,"date":"2020-02-24T19:21:16","date_gmt":"2020-02-24T18:21:16","guid":{"rendered":"http:\/\/milesiplanet.com\/sistema-de-tintado-milesi\/presentacion\/"},"modified":"2020-03-19T09:22:43","modified_gmt":"2020-03-19T08:22:43","slug":"presentacion","status":"publish","type":"page","link":"https:\/\/milesiplanet.com\/es\/sistema-tintometrico-milesi\/presentacion\/","title":{"rendered":"Presentaci\u00f3n"},"content":{"rendered":"<p><strong>Milesi<\/strong> presenta una nueva versi\u00f3n de su Sistema Tintom\u00e9trico, dise\u00f1ado para permitir a sus Distribui\u00addores realizar f\u00e1cilmente el color deseado, pigmentado, semicubriente o coloreado, entre una amplia gama de productos para interiores y exteriores, al agua y al disolvente, compatible con todos los siste\u00admas de aplicaci\u00f3n y disponibles en diferentes envases.<\/p>\n<p>El Sistema Tintom\u00e9trico ofrece las siguientes<strong> ventajas<\/strong>:<\/p>\n<ul>\n<li>\n<h3><strong>Reducci\u00f3n del tiempo dedicado a la formulaci\u00f3n\u00a0 de los colores<\/strong><\/h3>\n<p>Para realizar un color es necesario disponer de la relativa f\u00f3rmula y prepararse y proceder como sigue:<\/p>\n<ul>\n<li style=\"list-style-type: none;\">\n<ul style=\"list-style-type: circle;\">\n<li>si se usa un espectrofot\u00f3metro, es posible proceder a la lectura del color y registrar los datos<\/li>\n<li>si no se usa un espectrofot\u00f3metro, es necesario anotar manualmente las cantidades de los productos utilizados para la realizaci\u00f3n del color. Para esta operaci\u00f3n, es \u00fatil poder utilizar la f\u00f3rmula de un color similar como <em>base de partida<\/em>.<\/li>\n<\/ul>\n<\/li>\n<\/ul>\n<\/li>\n<\/ul>\n<p>Se entiende que cuanto mayor sea el n\u00famero de f\u00f3rmulas de color que tenga, menos tiempo tendr\u00e1 que invertir para hacerlas.<\/p>\n<p><span class=\"A2\"><b><span lang=\"ES\" style=\"font-size: 11.0pt; color: windowtext;\">\u00a0 \u00a0 \u00a0 \u00a0 \u00a0 El Sistema Tintom\u00e9trico Milesi, al ofrecer m\u00e1s de 15,000 f\u00f3rmulas de color para una amplia gama de productos, lo convierte en algo espor\u00e1dico la necesidad de dedicar tiempo\u00a0 \u00a0 \u00a0 \u00a0 \u00a0 \u00a0 \u00a0 \u00a0 \u00a0 <\/span><\/b><\/span><span class=\"A2\"><b><span lang=\"ES\" style=\"font-size: 11.0pt; color: windowtext;\">a<\/span><\/b><\/span><span class=\"A2\"><b><span lang=\"ES\" style=\"font-size: 11.0pt; color: windowtext;\">\u00a0la\u00a0 <\/span><\/b><\/span><span class=\"A2\"><b><span lang=\"ES\" style=\"font-size: 11.0pt; color: windowtext;\">for\u00admulaci\u00f3n de colores.<\/span><\/b><\/span><\/p>\n<ul>\n<li>\n<h3><strong>Reducci\u00f3n del tiempo dedicado a la fabricaci\u00f3n de los colores<\/strong><\/h3>\n<p>Los fondos-acabados pigmentables del Sistema Tintom\u00e9trico <strong>Milesi <\/strong>est\u00e1n <em>controlados<\/em> <em>colorim\u00e9tricamente<\/em>;<br \/>\nLos colores reproducidos seg\u00fan una misma f\u00f3rmula, se grantiza la constancia para todas las diferentes fabricaciones que se hayan hecho (el delta E entre ellas es un m\u00e1ximo de 0,4 para colores pastel y 0,8 para colores oscuros). Esto significa no tener que <em>ajustar<\/em> el color fabricado. Los colores reproducidos en diferentes momentos utilizando Productos que no est\u00e9n <em>controlados colorim\u00e9tricamente<\/em>, se corre el riesgo elevado de tener diferentes tonos, incluso si se hacen sobre la base de la misma f\u00f3rmula, y por lo tanto deben corregirse.<\/li>\n<li>\n<h3><strong>Reducci\u00f3n en los sobrantes de producci\u00f3n<\/strong><\/h3>\n<p><em>Para ajustar<\/em> el color realizado, se deba a\u00f1adir el producto de base o las pastas necesarias para corre\u00adgirlo. La cantidad del producto final podr\u00eda exceder f\u00e1cilmente a la requerida, generando sobrantes en la producci\u00f3n.<br \/>\nEs evidente por lo tanto, la ventaja adicional que ofrece la utilizaci\u00f3n de los productos <em>controlados co\u00adlorim\u00e9tricamente<\/em>.<\/li>\n<\/ul>\n<p>El proceso a seguir para lograr el color deseado se ilustra en el V\u00eddeo Tutorial correspondiente.<\/p>\n<p>&nbsp;<\/p>\n","protected":false},"excerpt":{"rendered":"<p>Milesi presenta una nueva versi\u00f3n de su Sistema Tintom\u00e9trico, dise\u00f1ado para permitir a sus Distribui\u00addores realizar f\u00e1cilmente el color deseado, pigmentado, semicubriente o coloreado, entre una amplia gama de productos para interiores y exteriores, al agua y al disolvente, compatible con todos los siste\u00admas de aplicaci\u00f3n y disponibles en diferentes envases. El Sistema Tintom\u00e9trico ofrece [&hellip;]<\/p>\n","protected":false},"author":1,"featured_media":5106,"parent":237,"menu_order":66,"comment_status":"closed","ping_status":"closed","template":"presentazione.php","meta":{"_acf_changed":false,"footnotes":""},"class_list":["post-5638","page","type-page","status-publish","has-post-thumbnail","hentry"],"acf":[],"_links":{"self":[{"href":"https:\/\/milesiplanet.com\/es\/wp-json\/wp\/v2\/pages\/5638","targetHints":{"allow":["GET"]}}],"collection":[{"href":"https:\/\/milesiplanet.com\/es\/wp-json\/wp\/v2\/pages"}],"about":[{"href":"https:\/\/milesiplanet.com\/es\/wp-json\/wp\/v2\/types\/page"}],"author":[{"embeddable":true,"href":"https:\/\/milesiplanet.com\/es\/wp-json\/wp\/v2\/users\/1"}],"replies":[{"embeddable":true,"href":"https:\/\/milesiplanet.com\/es\/wp-json\/wp\/v2\/comments?post=5638"}],"version-history":[{"count":0,"href":"https:\/\/milesiplanet.com\/es\/wp-json\/wp\/v2\/pages\/5638\/revisions"}],"up":[{"embeddable":true,"href":"https:\/\/milesiplanet.com\/es\/wp-json\/wp\/v2\/pages\/237"}],"wp:featuredmedia":[{"embeddable":true,"href":"https:\/\/milesiplanet.com\/es\/wp-json\/wp\/v2\/media\/5106"}],"wp:attachment":[{"href":"https:\/\/milesiplanet.com\/es\/wp-json\/wp\/v2\/media?parent=5638"}],"curies":[{"name":"wp","href":"https:\/\/api.w.org\/{rel}","templated":true}]}}