
{"id":5728,"date":"2020-02-24T22:32:42","date_gmt":"2020-02-24T21:32:42","guid":{"rendered":"http:\/\/milesiplanet.com\/sistema-de-tintado-milesi\/software-milesi-easycolor\/"},"modified":"2020-09-04T14:11:38","modified_gmt":"2020-09-04T12:11:38","slug":"software-milesi-easycolor","status":"publish","type":"page","link":"https:\/\/milesiplanet.com\/es\/sistema-tintometrico-milesi\/software-milesi-easycolor\/","title":{"rendered":"Software Milesi EasyColor"},"content":{"rendered":"<p>Es el instrumento que le permite al Distribuidor acceder a la gama de productos \u201cColor System\u201d.<\/p>\n<ul>\n<li>disponer de nuestras f\u00f3rmulas<\/li>\n<li>archivar las f\u00f3rmulas de color espec\u00edficas<\/li>\n<li>a partir de esto fabricar con acciones simples todos los colores deseados<\/li>\n<li>realizar e imprimir las relativas etiquetas<\/li>\n<\/ul>\n<p>Se pone a disposici\u00f3n del distribuidor a trav\u00e9s de una licencia grabada en una llave USB. Debe instalarse en un pc con los requisitos m\u00ednimos y de los m\u00e1s comunes puestos en el mercado (*) <span lang=\"es\">de los \u00faltimos 10 a\u00f1os <\/span>de qui\u00e9n tenga la posesi\u00f3n de la password como Administrador.<br \/>\nSe puede actualizar de forma remota siguiendo instrucciones simples, con cada versi\u00f3n.<br \/>\nPermite generar etiquetas y fichas de seguridad de todos los productos formulados que se han in\u00adtroducido en el software.<\/p>\n<ul>\n<li>Se presenta en la versi\u00f3n Smart, estudiada para quien no disponga de espectrofot\u00f3metro y Ad\u00advance, que se puede conectar a un espectrofot\u00f3metro.<\/li>\n<li>Las f\u00f3rmulas proporcionadas a trav\u00e9s de Milesi EasyColor son:\n<ul>\n<li>para fondos, fondos \u2013 acabados y acabados para interiores y exteriores pigmentados en la ver\u00adsi\u00f3n Smart, los 1950 colores NCS y los 213 colores de la carta RAL K7; en la versi\u00f3n Advance, adem\u00e1s de estos, los 1.625 colores de la carta RAL Design, los 1.729 colores de la carta Pantone Coating, y de 11.000 referencias de las cartas m\u00e1s extendendidas en el mundo de la decoraci\u00f3n<\/li>\n<li>para los impregnantes y los acabados para exteriores coloreados y semicubrientes, son los de la carta Milesi Collection<\/li>\n<\/ul>\n<\/li>\n<\/ul>\n<p>Los Distribuidores pueden registrar en Milesi EasyColor tambi\u00e9n sus f\u00f3rmulas de colores personalizadas.<\/p>\n<p>&nbsp;<\/p>\n<p><span style=\"font-size: 8pt;\"><em>(*) Requisitos de PC: sistema operativo Windows 10 y versiones posteriores a 32 y \/ o 64 BIT, procesador a partir de 2 GHz, RAM a partir de 4 GB, espacio libre en disco a partir de 500 MB, memoria de tarjeta de video a partir de 256 M, .Net Framework 3.5, .Net Framework 4.5, Resoluci\u00f3n de video recomendada WXGA 1280 \u00d7 768 p\u00edxeles y profundidad de color TRUECOLOR 24 BIT o superior.<\/em><\/span><\/p>\n","protected":false},"excerpt":{"rendered":"<p>Es el instrumento que le permite al Distribuidor acceder a la gama de productos \u201cColor System\u201d. disponer de nuestras f\u00f3rmulas archivar las f\u00f3rmulas de color espec\u00edficas a partir de esto fabricar con acciones simples todos los colores deseados realizar e imprimir las relativas etiquetas Se pone a disposici\u00f3n del distribuidor a trav\u00e9s de una licencia [&hellip;]<\/p>\n","protected":false},"author":1,"featured_media":2647,"parent":237,"menu_order":87,"comment_status":"closed","ping_status":"closed","template":"software.php","meta":{"_acf_changed":false,"footnotes":""},"class_list":["post-5728","page","type-page","status-publish","has-post-thumbnail","hentry"],"acf":[],"_links":{"self":[{"href":"https:\/\/milesiplanet.com\/es\/wp-json\/wp\/v2\/pages\/5728","targetHints":{"allow":["GET"]}}],"collection":[{"href":"https:\/\/milesiplanet.com\/es\/wp-json\/wp\/v2\/pages"}],"about":[{"href":"https:\/\/milesiplanet.com\/es\/wp-json\/wp\/v2\/types\/page"}],"author":[{"embeddable":true,"href":"https:\/\/milesiplanet.com\/es\/wp-json\/wp\/v2\/users\/1"}],"replies":[{"embeddable":true,"href":"https:\/\/milesiplanet.com\/es\/wp-json\/wp\/v2\/comments?post=5728"}],"version-history":[{"count":0,"href":"https:\/\/milesiplanet.com\/es\/wp-json\/wp\/v2\/pages\/5728\/revisions"}],"up":[{"embeddable":true,"href":"https:\/\/milesiplanet.com\/es\/wp-json\/wp\/v2\/pages\/237"}],"wp:featuredmedia":[{"embeddable":true,"href":"https:\/\/milesiplanet.com\/es\/wp-json\/wp\/v2\/media\/2647"}],"wp:attachment":[{"href":"https:\/\/milesiplanet.com\/es\/wp-json\/wp\/v2\/media?parent=5728"}],"curies":[{"name":"wp","href":"https:\/\/api.w.org\/{rel}","templated":true}]}}