
{"id":5739,"date":"2020-02-24T22:39:59","date_gmt":"2020-02-24T21:39:59","guid":{"rendered":"http:\/\/milesiplanet.com\/soluciones-externas\/"},"modified":"2020-10-30T08:39:00","modified_gmt":"2020-10-30T07:39:00","slug":"soluciones-para-exteriores","status":"publish","type":"page","link":"https:\/\/milesiplanet.com\/es\/soluciones-para-exteriores\/","title":{"rendered":"Las Soluciones  para Exteriores"},"content":{"rendered":"<p>Las soluciones de barnizado al agua y al disolvente de <strong>Milesi<\/strong> espec\u00edficas para madera para exteriores, realzan su belleza y garantizan su protecci\u00f3n y durabilidad en el tiempo:<\/p>\n<ul>\n<li>previenen el desarrollo de hongos y moho y retrasan la amenaza de bacterias e insectos que podr\u00edan da\u00f1arlo y comprometer su estabilidad estructural<\/li>\n<li>lo hace resistente a los agentes atmosf\u00e9ricos incluso en las condiciones de exposici\u00f3n m\u00e1s extremas<\/li>\n<li>lo defiende de la acci\u00f3n nociva de los rayos UV<\/li>\n<\/ul>\n<p>Son ideales para todos los tipos de madera com\u00fanmente utilizados en exteriores y se adaptan a los procesos de barnizados m\u00e1s diversos y a todos los sistemas de aplicaci\u00f3n.<\/p>\n<p>Est\u00e1n disponibles en diferentes colores.<\/p>\n<p>&nbsp;<\/p>\n","protected":false},"excerpt":{"rendered":"<p>Las soluciones de barnizado al agua y al disolvente de Milesi espec\u00edficas para madera para exteriores, realzan su belleza y garantizan su protecci\u00f3n y durabilidad en el tiempo: previenen el desarrollo de hongos y moho y retrasan la amenaza de bacterias e insectos que podr\u00edan da\u00f1arlo y comprometer su estabilidad estructural lo hace resistente a [&hellip;]<\/p>\n","protected":false},"author":1,"featured_media":0,"parent":0,"menu_order":167,"comment_status":"closed","ping_status":"closed","template":"esterni.php","meta":{"_acf_changed":false,"footnotes":""},"class_list":["post-5739","page","type-page","status-publish","hentry"],"acf":[],"_links":{"self":[{"href":"https:\/\/milesiplanet.com\/es\/wp-json\/wp\/v2\/pages\/5739","targetHints":{"allow":["GET"]}}],"collection":[{"href":"https:\/\/milesiplanet.com\/es\/wp-json\/wp\/v2\/pages"}],"about":[{"href":"https:\/\/milesiplanet.com\/es\/wp-json\/wp\/v2\/types\/page"}],"author":[{"embeddable":true,"href":"https:\/\/milesiplanet.com\/es\/wp-json\/wp\/v2\/users\/1"}],"replies":[{"embeddable":true,"href":"https:\/\/milesiplanet.com\/es\/wp-json\/wp\/v2\/comments?post=5739"}],"version-history":[{"count":0,"href":"https:\/\/milesiplanet.com\/es\/wp-json\/wp\/v2\/pages\/5739\/revisions"}],"wp:attachment":[{"href":"https:\/\/milesiplanet.com\/es\/wp-json\/wp\/v2\/media?parent=5739"}],"curies":[{"name":"wp","href":"https:\/\/api.w.org\/{rel}","templated":true}]}}