
{"id":5746,"date":"2020-02-24T22:40:31","date_gmt":"2020-02-24T21:40:31","guid":{"rendered":"http:\/\/milesiplanet.com\/condiciones-generales-de-venta\/"},"modified":"2020-10-30T08:44:20","modified_gmt":"2020-10-30T07:44:20","slug":"condiciones-generales-de-venta","status":"publish","type":"page","link":"https:\/\/milesiplanet.com\/es\/condiciones-generales-de-venta\/","title":{"rendered":"Condiciones generales de venta"},"content":{"rendered":"<p><strong><a id=\"a1\"><\/a>CONDICIONES GENERALES DE LA VENTA <\/strong><\/p>\n<p>Salvo acuerdo expreso por escrito entre las partes:<\/p>\n<p>&nbsp;<\/p>\n<p><strong><a id=\"a2\"><\/a>Constituci\u00f3n y objeto del contrato<\/strong><\/p>\n<p>El pedido por parte del comprador constituye una propuesta firme e irrevocable de contratar.<\/p>\n<p>Industrias Qu\u00edmicas IVM S.A. (en adelante IVM) se reserva el derecho de aceptar o no, a su juicio, cada pedido de compra presentado por el comprador. En el caso de pedidos recogidos por agente comercial u otro intermediario, el contrato se entender\u00e1 celebrado s\u00f3lo despu\u00e9s de la aceptaci\u00f3n de IVM.<\/p>\n<p>&nbsp;<\/p>\n<p><strong><a id=\"a3\"><\/a>Precios<\/strong><\/p>\n<p>&nbsp;<\/p>\n<p>Los precios:<\/p>\n<ul>\n<li>Hacen referencia al precio por kilo o por litro, seg\u00fan el envase elegido<\/li>\n<li>Los precios son IVA <u>no incluido<\/u>; no incluyen tampoco ninguna tasa, impuesto ni precio p\u00fablico.<\/li>\n<li>Pueden sufrir variaciones en cualquier momento, previa comunicaci\u00f3n por parte de IVM.<\/li>\n<li>Los precios en factura son aquellos que est\u00e9n en vigor cuando IVM acepte el pedido.<\/li>\n<\/ul>\n<p>&nbsp;<\/p>\n<p>Cualquier gasto imprevisto relacionado con la venta, que no haya sido previsto ni pactado previamente, ser\u00e1 a cargo del comprador.<\/p>\n<p>&nbsp;<\/p>\n<p><strong><a id=\"a4\"><\/a>Envases<\/strong><\/p>\n<p>Los productos son vendidos por volumen o por peso.<\/p>\n<p>&nbsp;<\/p>\n<p><strong><a id=\"a5\"><\/a>Cantidad<\/strong><\/p>\n<p><u>Compras de productos fabricados por encargo<\/u>: El cliente se compromete a aceptar variaciones hasta m\u00e1s o menos el 10% de la cantidad encargada.<\/p>\n<p>&nbsp;<\/p>\n<p><strong><a id=\"a6\"><\/a>Pallets<\/strong><\/p>\n<p>Los env\u00edos de material contenido en bidones o latas se realizan sobre pallets.<\/p>\n<p>Los pallets no se retornar\u00e1n a IVM, salvo pacto expreso.<\/p>\n<p>&nbsp;<\/p>\n<p><strong><a id=\"a7\"><\/a>Plazos de entrega<\/strong><\/p>\n<p>Los plazos de entrega indicados se refieren a la puesta disposici\u00f3n o entrega en el lugar indicado en el primer pedido, y\u00a0 empiezan a contar a partir del d\u00eda de aceptaci\u00f3n del pedido por parte de IVM.\u00a0 Estos plazos son indicativos. Los eventuales retrasos no dan derecho al comprador a anular el pedido.<\/p>\n<p>IVM no es responsable de eventuales retrasos o falta de entrega en los casos siguientes:<\/p>\n<ul>\n<li>Fuerza mayor, o acontecimiento extraordinario como son escasez de materias primas, limitaci\u00f3n de suministro energ\u00e9tico, etc.<\/li>\n<li>Retrasos imputables al comprador, en particular por la falta o tard\u00eda comunicaci\u00f3n de datos indispensables para el env\u00edo de la mercanc\u00eda objeto del pedido.<\/li>\n<li>Necesidad o solicitud por parte del cliente de que se agrupen diferentes productos, objeto de m\u00e1s de un pedido, en un \u00fanico env\u00edo.<\/li>\n<li>Incumplimiento por el comprador de las condiciones de pago, incluyendo deudas vencidas por suministros anteriores.<\/li>\n<li>Modificaci\u00f3n de las circunstancias de solvencia o liquidez del cliente, incluidos el protesto de uno o m\u00e1s de efectos cambiarios, procesos de ejecuci\u00f3n judicial o administrativa, concurso de acreedores, ejecuci\u00f3n de hipoteca o de prenda, embargo de empresa, inicio procedimiento acuerdo extrajudicial de pagos, o el cierre de empresa o de su actividad.<\/li>\n<\/ul>\n<p>&nbsp;<\/p>\n<p>Salvo el caso de dolo o culpa grave de IVM, est\u00e1 expresamente excluido cualquier reembolso de da\u00f1os por falta o retraso en la entrega de los productos.<\/p>\n<p>&nbsp;<\/p>\n<p><strong><a id=\"a8\"><\/a>Pagos<\/strong><\/p>\n<p>Salvo acuerdo expreso y por escrito entre las partes, el comprador NO est\u00e1 autorizado a realizar ninguna reducci\u00f3n del precio pactado (por ejemplo en el caso de supuestos defectos de los productos).<\/p>\n<p>Las eventuales reclamaciones, quejas o retrasos en las entregas no dan derecho al comprador a suspender o retrasar los pagos de los productos a que se refieran tales reclamaciones, quejas\u00a0 o retrasos, ni de cualesquiera otros productos.<\/p>\n<p>El pago del precio debe realizarse, sin ninguna excepci\u00f3n, en el domicilio de IVM en Torrent (Valencia), Pol\u00edgono Industrial Mas\u00eda del Juez, calle El Perell\u00f3, n\u00famero 19, o en la cuenta bancaria de IVM. Los pagos realizados en cualquier otro lugar no tendr\u00e1n ning\u00fan efecto liberatorio. Las declaraciones de saldo, los recibos o cualquier otro documento justificativo del pago, s\u00f3lo tendr\u00e1n validez sin est\u00e1n firmados por el representante legal de IVM; ninguna otra firma tendr\u00e1n valor ni eficacia a tales efectos. Cuando el acuerdo de pago prevea que se realice mediante pagar\u00e9, letra de cambio, cheque, endoso o cesi\u00f3n de cr\u00e9dito, el lugar de pago ser\u00e1 siempre el domicilio de IVM en Torrent; esta regla se tendr\u00e1 en cuenta tambi\u00e9n para la determinaci\u00f3n de la competencia territorial de los Tribunales en caso de conflicto entre las partes.<\/p>\n<p>En caso de retraso respecto al pago del precio en los plazos convenidos: IVM se reserva el derecho de aplicar los intereses moratorios previstos en la normativa vigente (inter\u00e9s legal del dinero); y, adem\u00e1s IVM se reserva el derecho de suspender o anular los pedidos pendientes, sin que por tal causa el comprador pueda reclamar a IVM da\u00f1os directos ni indirectos.<\/p>\n<p>Si el comprador hubiese de pagar el precio de los productos en dos o m\u00e1s plazos, e impagase uno de ellos, perder\u00e1 el beneficio en cuanto al aplazamiento del resto de los plazos, e IVM podr\u00e1 exigir el pago inmediato de toda la deuda.<\/p>\n<p>&nbsp;<\/p>\n<p><strong><a id=\"a9\"><\/a>Responsabilidad del productor<\/strong><\/p>\n<p>La responsabilidad de IVM, en su calidad de proveedora de elast\u00f3meros, adhesivos poliuret\u00e1nicos, resinas y productos barnizantes, se refiere exclusivamente a la estabilidad de las caracter\u00edsticas fisicoqu\u00edmicas de los productos suministrados, dentro de los m\u00e1rgenes de tolerancia indicados en las fichas t\u00e9cnicas.<\/p>\n<p>IVM no puede ser considerada como responsable de da\u00f1os indirectos ni consecuenciales, p\u00e9rdidas de producci\u00f3n o p\u00e9rdida de beneficios.<\/p>\n<p>&nbsp;<\/p>\n<p><strong><a id=\"a10\"><\/a>Responsabilidad del comprador<\/strong><\/p>\n<p>Antes de utilizar un producto, el comprador ha de valorar la idoneidad del mismo para utilizarlo o aplicarlo en sus procesos productivos. A tal fin el comprador habr\u00e1 de tener muy en cuenta todas las indicaciones contenidas en las fichas t\u00e9cnicas de los productos.<\/p>\n<p>El comprador, al recibir los productos, habr\u00e1 de verificar la cantidad y calidad respecto a lo indicado en los pedidos.<\/p>\n<p>El comprador tiene la obligaci\u00f3n de verificar la idoneidad del producto sobre una muestra, antes de utilizarla en su proceso de producci\u00f3n. Durante el empleo del producto en su proceso de producci\u00f3n, el comprador ha de realizar un constante y atento control de los resultados, para limitar eventuales da\u00f1os.<\/p>\n<p>&nbsp;<\/p>\n<p><strong><a id=\"a11\"><\/a>Quejas y reclamaciones<\/strong><\/p>\n<p>Cuando los productos o sus envases resulten da\u00f1ados, o en caso de faltas, el comprador tiene la obligaci\u00f3n de formular\u00a0 las reservas oportunas en el albar\u00e1n o documento de recepci\u00f3n de la mercanc\u00eda, en la forma establecida seg\u00fan la modalidad de transporte. Adem\u00e1s de indicarlo en el albar\u00e1n, habr\u00e1 de comunicar su reclamaci\u00f3n a IVM en el plazo de tres d\u00edas, mediante carta certificada con acuse de recibo.<\/p>\n<p>En caso de vicios ocultos, el comprador habr\u00e1 de comunicar su reclamaci\u00f3n a IVM, por carta certificada con acuse de recibo, dentro de los tres d\u00edas siguientes a la fecha en que descubra tales vicios, pero sin que pueda exceder, en ning\u00fan caso, de seis meses a contar desde la fecha en que recibi\u00f3 la mercanc\u00eda.<\/p>\n<p>La prueba de que la reclamaci\u00f3n se ha presentado dentro del plazo establecido correr\u00e1 a cargo del comprador.<\/p>\n<p>&nbsp;<\/p>\n<p><strong><a id=\"a12\"><\/a>L\u00edmite m\u00e1ximo de la indemnizaci\u00f3n<\/strong><\/p>\n<p>Sin perjuicio de lo establecido en los apartados <em>\u201cResponsabilidad del productor\u201d<\/em> y <em>\u201cQuejas y reclamaciones\u201d, <\/em>IVM responder\u00e1 por los da\u00f1os causados al comprador, por vicios o defectos de los materiales entregados, pero \u00fanicamente hasta el doble del precio de tales materiales y sin exceder en ning\u00fan caso de 50.000 \u20ac.<\/p>\n<p>&nbsp;<\/p>\n<p><strong><a id=\"a13\"><\/a>Devoluciones<\/strong><\/p>\n<p>No se aceptar\u00e1n devoluciones de productos sin la previa autorizaci\u00f3n de la direcci\u00f3n comercial de IVM.<\/p>\n<p>&nbsp;<\/p>\n<p><strong><a id=\"a15\"><\/a>Reserva de dominio<\/strong><\/p>\n<p>Los productos suministrados por IVM ser\u00e1n propiedad de ella hasta que el comprador realice el pago \u00edntegro de su precio; pero el riesgo de deterioro de los mismos es a cargo del comprador a partir del momento de su entrega o puesta a disposici\u00f3n, conforme a lo indicado en el apartado <em>\u201cPlazos de entrega\u201d.<\/em><\/p>\n<p>&nbsp;<\/p>\n<p><strong><a id=\"a16\"><\/a>Informaci\u00f3n reservada<\/strong><\/p>\n<p>Las fichas t\u00e9cnicas, las presentaciones de los productos, y cualquier otra informaci\u00f3n comercial o tecnol\u00f3gica, productos, modalidades aplicativas y ciclos de aplicaci\u00f3n del barniz, recibidas de IVM, son documentos extremamente confidenciales y no podr\u00e1n divulgadas a terceros sin previa autorizaci\u00f3n escrita de IVM.<\/p>\n<p>&nbsp;<\/p>\n<p><strong><a id=\"a17\"><\/a>Controversias<\/strong><\/p>\n<p>Los Tribunales competentes para sustancias las controversias que surjan entre las partes con motivo de la interpretaci\u00f3n y cumplimiento de las presentes condiciones generales de la venta, son los Tribunales de la Jurisdicci\u00f3n Ordinaria espa\u00f1ola. La Ley aplicable ser\u00e1 la espa\u00f1ola.<\/p>\n<p>&nbsp;<\/p>\n<p><strong><a id=\"a18\"><\/a>Excepciones<\/strong><\/p>\n<p>Cualquier excepci\u00f3n a las condiciones generales de venta indicadas en los apartados anteriores, habr\u00e1 de ser previamente pactada con la Direcci\u00f3n Comercial de IVM.<\/p>\n","protected":false},"excerpt":{"rendered":"<p>CONDICIONES GENERALES DE LA VENTA Salvo acuerdo expreso por escrito entre las partes: &nbsp; Constituci\u00f3n y objeto del contrato El pedido por parte del comprador constituye una propuesta firme e irrevocable de contratar. Industrias Qu\u00edmicas IVM S.A. (en adelante IVM) se reserva el derecho de aceptar o no, a su juicio, cada pedido de compra [&hellip;]<\/p>\n","protected":false},"author":1,"featured_media":0,"parent":0,"menu_order":148,"comment_status":"closed","ping_status":"closed","template":"condizioni.php","meta":{"_acf_changed":false,"footnotes":""},"class_list":["post-5746","page","type-page","status-publish","hentry"],"acf":[],"_links":{"self":[{"href":"https:\/\/milesiplanet.com\/es\/wp-json\/wp\/v2\/pages\/5746","targetHints":{"allow":["GET"]}}],"collection":[{"href":"https:\/\/milesiplanet.com\/es\/wp-json\/wp\/v2\/pages"}],"about":[{"href":"https:\/\/milesiplanet.com\/es\/wp-json\/wp\/v2\/types\/page"}],"author":[{"embeddable":true,"href":"https:\/\/milesiplanet.com\/es\/wp-json\/wp\/v2\/users\/1"}],"replies":[{"embeddable":true,"href":"https:\/\/milesiplanet.com\/es\/wp-json\/wp\/v2\/comments?post=5746"}],"version-history":[{"count":0,"href":"https:\/\/milesiplanet.com\/es\/wp-json\/wp\/v2\/pages\/5746\/revisions"}],"wp:attachment":[{"href":"https:\/\/milesiplanet.com\/es\/wp-json\/wp\/v2\/media?parent=5746"}],"curies":[{"name":"wp","href":"https:\/\/api.w.org\/{rel}","templated":true}]}}