
{"id":7612,"date":"2020-01-08T16:58:04","date_gmt":"2020-01-08T15:58:04","guid":{"rendered":"http:\/\/milesiplanet.com\/prodotto\/uncategorized\/serie-gloss-lvr602x-color-system\/"},"modified":"2023-09-22T17:11:17","modified_gmt":"2023-09-22T15:11:17","slug":"serie-brillo-lvr602x-color-system","status":"publish","type":"product","link":"https:\/\/milesiplanet.com\/es\/prodotto\/para-el-interior\/para-el-interior-acabados-fondos-acabados\/para-el-interior-acabados-fondos-acabados-fondos-acabados-acrilicos\/serie-brillo-lvr602x-color-system\/","title":{"rendered":"Serie Brillo LVR602x \u2013 Color System"},"content":{"rendered":"<p>Fondo-acabados acr\u00edlicos con un excelente dise\u00f1o del poro y \u00f2ptima dureza superficial, se pueden utilizar tambi\u00e9n como acabados.<\/p>\n","protected":false},"excerpt":{"rendered":"<p>Fondo-acabados acr\u00edlicos con un excelente dise\u00f1o del poro y \u00f2ptima dureza superficial, se pueden utilizar tambi\u00e9n como acabados.<\/p>\n","protected":false},"featured_media":0,"template":"","meta":{"_acf_changed":false},"product_brand":[],"product_cat":[462,467,468,678],"product_tag":[],"class_list":{"0":"post-7612","1":"product","2":"type-product","3":"status-publish","5":"product_cat-para-el-interior","6":"product_cat-para-el-interior-acabados-fondos-acabados","7":"product_cat-para-el-interior-acabados-fondos-acabados-fondos-acabados-acrilicos","8":"product_cat-ive-es","10":"first","11":"instock","12":"shipping-taxable","13":"product-type-simple"},"acf":[],"_links":{"self":[{"href":"https:\/\/milesiplanet.com\/es\/wp-json\/wp\/v2\/product\/7612","targetHints":{"allow":["GET"]}}],"collection":[{"href":"https:\/\/milesiplanet.com\/es\/wp-json\/wp\/v2\/product"}],"about":[{"href":"https:\/\/milesiplanet.com\/es\/wp-json\/wp\/v2\/types\/product"}],"wp:attachment":[{"href":"https:\/\/milesiplanet.com\/es\/wp-json\/wp\/v2\/media?parent=7612"}],"wp:term":[{"taxonomy":"product_brand","embeddable":true,"href":"https:\/\/milesiplanet.com\/es\/wp-json\/wp\/v2\/product_brand?post=7612"},{"taxonomy":"product_cat","embeddable":true,"href":"https:\/\/milesiplanet.com\/es\/wp-json\/wp\/v2\/product_cat?post=7612"},{"taxonomy":"product_tag","embeddable":true,"href":"https:\/\/milesiplanet.com\/es\/wp-json\/wp\/v2\/product_tag?post=7612"}],"curies":[{"name":"wp","href":"https:\/\/api.w.org\/{rel}","templated":true}]}}