
{"id":11168,"date":"2020-10-30T16:55:18","date_gmt":"2020-10-30T15:55:18","guid":{"rendered":"http:\/\/milesiplanet.com\/sidentifier\/mot-de-passe-enregistre\/"},"modified":"2020-10-30T16:55:18","modified_gmt":"2020-10-30T15:55:18","slug":"mot-de-passe-enregistre","status":"publish","type":"page","link":"https:\/\/milesiplanet.com\/fr\/sidentifier\/mot-de-passe-enregistre\/","title":{"rendered":"Mot de passe enregistr\u00e9"},"content":{"rendered":"<p>Le mot de passe a \u00e9t\u00e9 g\u00e9n\u00e9r\u00e9<\/p>\n<p>Acc\u00e9dez \u00e0 la <a href=\"https:\/\/milesiplanet.com\/fr\/sidentifier\/\">zone de connexion<\/a><\/p>\n","protected":false},"excerpt":{"rendered":"<p>Le mot de passe a \u00e9t\u00e9 g\u00e9n\u00e9r\u00e9 Acc\u00e9dez \u00e0 la zone de connexion<\/p>\n","protected":false},"author":1,"featured_media":0,"parent":71,"menu_order":13,"comment_status":"closed","ping_status":"closed","template":"resetmail.php","meta":{"_acf_changed":false,"footnotes":""},"class_list":["post-11168","page","type-page","status-publish","hentry"],"acf":[],"_links":{"self":[{"href":"https:\/\/milesiplanet.com\/fr\/wp-json\/wp\/v2\/pages\/11168","targetHints":{"allow":["GET"]}}],"collection":[{"href":"https:\/\/milesiplanet.com\/fr\/wp-json\/wp\/v2\/pages"}],"about":[{"href":"https:\/\/milesiplanet.com\/fr\/wp-json\/wp\/v2\/types\/page"}],"author":[{"embeddable":true,"href":"https:\/\/milesiplanet.com\/fr\/wp-json\/wp\/v2\/users\/1"}],"replies":[{"embeddable":true,"href":"https:\/\/milesiplanet.com\/fr\/wp-json\/wp\/v2\/comments?post=11168"}],"version-history":[{"count":0,"href":"https:\/\/milesiplanet.com\/fr\/wp-json\/wp\/v2\/pages\/11168\/revisions"}],"up":[{"embeddable":true,"href":"https:\/\/milesiplanet.com\/fr\/wp-json\/wp\/v2\/pages\/71"}],"wp:attachment":[{"href":"https:\/\/milesiplanet.com\/fr\/wp-json\/wp\/v2\/media?parent=11168"}],"curies":[{"name":"wp","href":"https:\/\/api.w.org\/{rel}","templated":true}]}}