
{"id":13,"date":"2019-12-12T15:23:06","date_gmt":"2019-12-12T14:23:06","guid":{"rendered":"http:\/\/milesiplanet.com?page_id=13"},"modified":"2020-03-12T15:48:46","modified_gmt":"2020-03-12T14:48:46","slug":"produits","status":"publish","type":"page","link":"https:\/\/milesiplanet.com\/fr\/systeme-de-teinture-milesi\/produits\/","title":{"rendered":"Produits"},"content":{"rendered":"<p>L\u2019expression \u00ab\u00a0Color System\u00a0\u00bb identifie les produits et leurs s\u00e9ries dans des brillances diff\u00e9rentes, qui peuvent \u00eatre r\u00e9alis\u00e9s dans les couleurs d\u00e9sir\u00e9es en utilisant le Syst\u00e8me Tintom\u00e9trique.<\/p>\n<p>Les p\u00e2tes sont formul\u00e9es avec des pigments s\u00e9lectionn\u00e9s conform\u00e9ment \u00e0 la norme EN71\/3.<\/p>\n<p>&nbsp;<\/p>\n<p><strong>Couleurs<\/strong><\/p>\n<p>Les couleurs r\u00e9alis\u00e9es au moyen des bases du \u00ab\u00a0Color System\u00a0\u00bb et des p\u00e2tes correspondantes, ont une stabilit\u00e9 en pot garantie pendant au moins 4 mois (delta E maximum de 0,5)<\/p>\n<p>&nbsp;<\/p>\n<p>Les produits pigment\u00e9s, fabriqu\u00e9s sur la base de bicouches ou de finitions <em>pigmentables calibr\u00e9s<\/em>, ne doivent pas \u00eatre corrig\u00e9s\u00a0; s&#8217;ils sont fabriqu\u00e9s sur la base de fonds pigmentables non calibr\u00e9s, le niveau de perfection de reproduction des couleurs n&#8217;\u00e9tant pas aussi constant que celui des finitions, il peut \u00eatre n\u00e9cessaire de proc\u00e9der \u00e0 un ajustement en fonction de la pr\u00e9cision souhait\u00e9e.<\/p>\n<p>&nbsp;<\/p>\n<p>Les produits teint\u00e9s et semi-transparents doivent \u00eatre ajust\u00e9s en fonction du support utilis\u00e9.<\/p>\n","protected":false},"excerpt":{"rendered":"<p>L\u2019expression \u00ab\u00a0Color System\u00a0\u00bb identifie les produits et leurs s\u00e9ries dans des brillances diff\u00e9rentes, qui peuvent \u00eatre r\u00e9alis\u00e9s dans les couleurs d\u00e9sir\u00e9es en utilisant le Syst\u00e8me Tintom\u00e9trique. Les p\u00e2tes sont formul\u00e9es avec des pigments s\u00e9lectionn\u00e9s conform\u00e9ment \u00e0 la norme EN71\/3. &nbsp; Couleurs Les couleurs r\u00e9alis\u00e9es au moyen des bases du \u00ab\u00a0Color System\u00a0\u00bb et des p\u00e2tes correspondantes, [&hellip;]<\/p>\n","protected":false},"author":1,"featured_media":0,"parent":233,"menu_order":82,"comment_status":"closed","ping_status":"closed","template":"prodotti.php","meta":{"_acf_changed":false,"footnotes":""},"class_list":["post-13","page","type-page","status-publish","hentry"],"acf":[],"_links":{"self":[{"href":"https:\/\/milesiplanet.com\/fr\/wp-json\/wp\/v2\/pages\/13","targetHints":{"allow":["GET"]}}],"collection":[{"href":"https:\/\/milesiplanet.com\/fr\/wp-json\/wp\/v2\/pages"}],"about":[{"href":"https:\/\/milesiplanet.com\/fr\/wp-json\/wp\/v2\/types\/page"}],"author":[{"embeddable":true,"href":"https:\/\/milesiplanet.com\/fr\/wp-json\/wp\/v2\/users\/1"}],"replies":[{"embeddable":true,"href":"https:\/\/milesiplanet.com\/fr\/wp-json\/wp\/v2\/comments?post=13"}],"version-history":[{"count":0,"href":"https:\/\/milesiplanet.com\/fr\/wp-json\/wp\/v2\/pages\/13\/revisions"}],"up":[{"embeddable":true,"href":"https:\/\/milesiplanet.com\/fr\/wp-json\/wp\/v2\/pages\/233"}],"wp:attachment":[{"href":"https:\/\/milesiplanet.com\/fr\/wp-json\/wp\/v2\/media?parent=13"}],"curies":[{"name":"wp","href":"https:\/\/api.w.org\/{rel}","templated":true}]}}