
{"id":5459,"date":"2020-02-18T14:55:52","date_gmt":"2020-02-18T13:55:52","guid":{"rendered":"http:\/\/milesiplanet.com\/?page_id=5459"},"modified":"2020-11-11T16:56:28","modified_gmt":"2020-11-11T15:56:28","slug":"pour-vous","status":"publish","type":"page","link":"https:\/\/milesiplanet.com\/fr\/milesi-gallery\/pour-vous\/","title":{"rendered":"Pour vous"},"content":{"rendered":"<p><strong>Vous trouverez ici la liste du mat\u00e9riel que Milesi met \u00e0 votre disposition pour vous aider \u00e0 promouvoir votre offre.<\/strong><\/p>\n<p>&nbsp;<\/p>\n<p>&nbsp;<\/p>\n\n\t\t<style type=\"text\/css\">\n\t\t\t#gallery-1 {\n\t\t\t\tmargin: auto;\n\t\t\t}\n\t\t\t#gallery-1 .gallery-item {\n\t\t\t\tfloat: left;\n\t\t\t\tmargin-top: 10px;\n\t\t\t\ttext-align: center;\n\t\t\t\twidth: 33%;\n\t\t\t}\n\t\t\t#gallery-1 img {\n\t\t\t\tborder: 2px solid #cfcfcf;\n\t\t\t}\n\t\t\t#gallery-1 .gallery-caption {\n\t\t\t\tmargin-left: 0;\n\t\t\t}\n\t\t\t\/* see gallery_shortcode() in wp-includes\/media.php *\/\n\t\t<\/style>\n\t\t<div id='gallery-1' class='gallery galleryid-5459 gallery-columns-3 gallery-size-large'><dl class='gallery-item'>\n\t\t\t<dt class='gallery-icon portrait'>\n\t\t\t\t<img loading=\"lazy\" decoding=\"async\" width=\"724\" height=\"1024\" src=\"https:\/\/milesiplanet.com\/wp-content\/uploads\/2020\/03\/MVF-Brochure-Milesi-Sistema-Tintometrico_copertina-724x1024.jpg\" class=\"attachment-large size-large\" alt=\"Systeme Tintometrique\" aria-describedby=\"gallery-1-7120\" srcset=\"https:\/\/milesiplanet.com\/wp-content\/uploads\/2020\/03\/MVF-Brochure-Milesi-Sistema-Tintometrico_copertina-724x1024.jpg 724w, https:\/\/milesiplanet.com\/wp-content\/uploads\/2020\/03\/MVF-Brochure-Milesi-Sistema-Tintometrico_copertina-212x300.jpg 212w, https:\/\/milesiplanet.com\/wp-content\/uploads\/2020\/03\/MVF-Brochure-Milesi-Sistema-Tintometrico_copertina-768x1086.jpg 768w, https:\/\/milesiplanet.com\/wp-content\/uploads\/2020\/03\/MVF-Brochure-Milesi-Sistema-Tintometrico_copertina-1086x1536.jpg 1086w, https:\/\/milesiplanet.com\/wp-content\/uploads\/2020\/03\/MVF-Brochure-Milesi-Sistema-Tintometrico_copertina-1448x2048.jpg 1448w, https:\/\/milesiplanet.com\/wp-content\/uploads\/2020\/03\/MVF-Brochure-Milesi-Sistema-Tintometrico_copertina-600x849.jpg 600w, https:\/\/milesiplanet.com\/wp-content\/uploads\/2020\/03\/MVF-Brochure-Milesi-Sistema-Tintometrico_copertina-scaled.jpg 1810w\" sizes=\"auto, (max-width: 724px) 100vw, 724px\" \/>\n\t\t\t<\/dt>\n\t\t\t\t<dd class='wp-caption-text gallery-caption' id='gallery-1-7120'>\n\t\t\t\tBrochure Syst\u00e8me Tintom\u00e9trique\n\t\t\t\t<\/dd><\/dl>\n\t\t\t<br style='clear: both' \/>\n\t\t<\/div>\n\n<p>&nbsp;<\/p>\n\n\t\t<style type=\"text\/css\">\n\t\t\t#gallery-2 {\n\t\t\t\tmargin: auto;\n\t\t\t}\n\t\t\t#gallery-2 .gallery-item {\n\t\t\t\tfloat: left;\n\t\t\t\tmargin-top: 10px;\n\t\t\t\ttext-align: center;\n\t\t\t\twidth: 33%;\n\t\t\t}\n\t\t\t#gallery-2 img {\n\t\t\t\tborder: 2px solid #cfcfcf;\n\t\t\t}\n\t\t\t#gallery-2 .gallery-caption {\n\t\t\t\tmargin-left: 0;\n\t\t\t}\n\t\t\t\/* see gallery_shortcode() in wp-includes\/media.php *\/\n\t\t<\/style>\n\t\t<div id='gallery-2' class='gallery galleryid-5459 gallery-columns-3 gallery-size-medium'><dl class='gallery-item'>\n\t\t\t<dt class='gallery-icon landscape'>\n\t\t\t\t<a href='https:\/\/milesiplanet.com\/fr\/milesi-gallery\/pour-vos-clients\/attachment\/mazzetta\/'><img loading=\"lazy\" decoding=\"async\" width=\"300\" height=\"225\" src=\"https:\/\/milesiplanet.com\/wp-content\/uploads\/2020\/11\/mazzetta-300x225.jpg\" class=\"attachment-medium size-medium\" alt=\"\" aria-describedby=\"gallery-2-11620\" srcset=\"https:\/\/milesiplanet.com\/wp-content\/uploads\/2020\/11\/mazzetta-300x225.jpg 300w, https:\/\/milesiplanet.com\/wp-content\/uploads\/2020\/11\/mazzetta-1024x768.jpg 1024w, https:\/\/milesiplanet.com\/wp-content\/uploads\/2020\/11\/mazzetta-768x576.jpg 768w, https:\/\/milesiplanet.com\/wp-content\/uploads\/2020\/11\/mazzetta-1536x1152.jpg 1536w, https:\/\/milesiplanet.com\/wp-content\/uploads\/2020\/11\/mazzetta-2048x1536.jpg 2048w, https:\/\/milesiplanet.com\/wp-content\/uploads\/2020\/11\/mazzetta-600x450.jpg 600w\" sizes=\"auto, (max-width: 300px) 100vw, 300px\" \/><\/a>\n\t\t\t<\/dt>\n\t\t\t\t<dd class='wp-caption-text gallery-caption' id='gallery-2-11620'>\n\t\t\t\tCollection Milesi Nuancier des couleurs et impr\u00e9gnations teint\u00e9es\n\t\t\t\t<\/dd><\/dl><dl class='gallery-item'>\n\t\t\t<dt class='gallery-icon landscape'>\n\t\t\t\t<a href='https:\/\/milesiplanet.com\/fr\/milesi-gallery\/pour-vous\/attachment\/ncs-980-2-2\/'><img loading=\"lazy\" decoding=\"async\" width=\"300\" height=\"225\" src=\"https:\/\/milesiplanet.com\/wp-content\/uploads\/2020\/01\/NCS-980-1-300x225.jpg\" class=\"attachment-medium size-medium\" alt=\"\" aria-describedby=\"gallery-2-5134\" srcset=\"https:\/\/milesiplanet.com\/wp-content\/uploads\/2020\/01\/NCS-980-1-300x225.jpg 300w, https:\/\/milesiplanet.com\/wp-content\/uploads\/2020\/01\/NCS-980-1-1024x768.jpg 1024w, https:\/\/milesiplanet.com\/wp-content\/uploads\/2020\/01\/NCS-980-1-768x576.jpg 768w, https:\/\/milesiplanet.com\/wp-content\/uploads\/2020\/01\/NCS-980-1-1536x1152.jpg 1536w, https:\/\/milesiplanet.com\/wp-content\/uploads\/2020\/01\/NCS-980-1-600x450.jpg 600w, https:\/\/milesiplanet.com\/wp-content\/uploads\/2020\/01\/NCS-980-1.jpg 1600w\" sizes=\"auto, (max-width: 300px) 100vw, 300px\" \/><\/a>\n\t\t\t<\/dt>\n\t\t\t\t<dd class='wp-caption-text gallery-caption' id='gallery-2-5134'>\n\t\t\t\t   Nuancier couleurs NCS 980\n\t\t\t\t<\/dd><\/dl><dl class='gallery-item'>\n\t\t\t<dt class='gallery-icon landscape'>\n\t\t\t\t<a href='https:\/\/milesiplanet.com\/fr\/milesi-gallery\/pour-vos-clients\/attachment\/ral-k7-2\/'><img loading=\"lazy\" decoding=\"async\" width=\"300\" height=\"225\" src=\"https:\/\/milesiplanet.com\/wp-content\/uploads\/2020\/01\/RAL-K7-300x225.jpg\" class=\"attachment-medium size-medium\" alt=\"RA\" aria-describedby=\"gallery-2-4009\" srcset=\"https:\/\/milesiplanet.com\/wp-content\/uploads\/2020\/01\/RAL-K7-300x225.jpg 300w, https:\/\/milesiplanet.com\/wp-content\/uploads\/2020\/01\/RAL-K7-1024x768.jpg 1024w, https:\/\/milesiplanet.com\/wp-content\/uploads\/2020\/01\/RAL-K7-768x576.jpg 768w, https:\/\/milesiplanet.com\/wp-content\/uploads\/2020\/01\/RAL-K7-1536x1152.jpg 1536w, https:\/\/milesiplanet.com\/wp-content\/uploads\/2020\/01\/RAL-K7-2048x1536.jpg 2048w, https:\/\/milesiplanet.com\/wp-content\/uploads\/2020\/01\/RAL-K7-600x450.jpg 600w, https:\/\/milesiplanet.com\/wp-content\/uploads\/2020\/01\/RAL-K7-e1584017859347.jpg 1600w\" sizes=\"auto, (max-width: 300px) 100vw, 300px\" \/><\/a>\n\t\t\t<\/dt>\n\t\t\t\t<dd class='wp-caption-text gallery-caption' id='gallery-2-4009'>\n\t\t\t\t   Nuancier couleurs RAL K7\n\t\t\t\t<\/dd><\/dl><br style=\"clear: both\" \/>\n\t\t<\/div>\n\n\n\t\t<style type=\"text\/css\">\n\t\t\t#gallery-3 {\n\t\t\t\tmargin: auto;\n\t\t\t}\n\t\t\t#gallery-3 .gallery-item {\n\t\t\t\tfloat: left;\n\t\t\t\tmargin-top: 10px;\n\t\t\t\ttext-align: center;\n\t\t\t\twidth: 33%;\n\t\t\t}\n\t\t\t#gallery-3 img {\n\t\t\t\tborder: 2px solid #cfcfcf;\n\t\t\t}\n\t\t\t#gallery-3 .gallery-caption {\n\t\t\t\tmargin-left: 0;\n\t\t\t}\n\t\t\t\/* see gallery_shortcode() in wp-includes\/media.php *\/\n\t\t<\/style>\n\t\t<div id='gallery-3' class='gallery galleryid-5459 gallery-columns-3 gallery-size-medium'><dl class='gallery-item'>\n\t\t\t<dt class='gallery-icon portrait'>\n\t\t\t\t<a href='https:\/\/milesiplanet.com\/fr\/milesi-gallery\/pour-vous\/attachment\/espositore-bca-2\/'><img loading=\"lazy\" decoding=\"async\" width=\"225\" height=\"300\" src=\"https:\/\/milesiplanet.com\/wp-content\/uploads\/2020\/01\/espositore-bca-225x300.jpg\" class=\"attachment-medium size-medium\" alt=\"espositore bca\" aria-describedby=\"gallery-3-4917\" srcset=\"https:\/\/milesiplanet.com\/wp-content\/uploads\/2020\/01\/espositore-bca-225x300.jpg 225w, https:\/\/milesiplanet.com\/wp-content\/uploads\/2020\/01\/espositore-bca-768x1024.jpg 768w, https:\/\/milesiplanet.com\/wp-content\/uploads\/2020\/01\/espositore-bca-1152x1536.jpg 1152w, https:\/\/milesiplanet.com\/wp-content\/uploads\/2020\/01\/espositore-bca-1536x2048.jpg 1536w, https:\/\/milesiplanet.com\/wp-content\/uploads\/2020\/01\/espositore-bca-600x800.jpg 600w, https:\/\/milesiplanet.com\/wp-content\/uploads\/2020\/01\/espositore-bca-scaled.jpg 1920w\" sizes=\"auto, (max-width: 225px) 100vw, 225px\" \/><\/a>\n\t\t\t<\/dt>\n\t\t\t\t<dd class='wp-caption-text gallery-caption' id='gallery-3-4917'>\n\t\t\t\tPr\u00e9sentoir BCA\n\t\t\t\t<\/dd><\/dl>\n\t\t\t<br style='clear: both' \/>\n\t\t<\/div>\n\n<p>&nbsp;<\/p>\n<p>&nbsp;<\/p>\n<p><span style=\"font-size: 10pt;\"><em>Contactez votre correspondant Milesi pour commander les brochures en version papier et le mat\u00e9riel.<\/em><\/span><\/p>\n<p>&nbsp;<\/p>\n","protected":false},"excerpt":{"rendered":"<p>Vous trouverez ici la liste du mat\u00e9riel que Milesi met \u00e0 votre disposition pour vous aider \u00e0 promouvoir votre offre. &nbsp; &nbsp; &nbsp; &nbsp; &nbsp; Contactez votre correspondant Milesi pour commander les brochures en version papier et le mat\u00e9riel. &nbsp;<\/p>\n","protected":false},"author":1,"featured_media":0,"parent":5456,"menu_order":121,"comment_status":"closed","ping_status":"closed","template":"gallery.php","meta":{"_acf_changed":false,"footnotes":""},"class_list":["post-5459","page","type-page","status-publish","hentry"],"acf":[],"_links":{"self":[{"href":"https:\/\/milesiplanet.com\/fr\/wp-json\/wp\/v2\/pages\/5459","targetHints":{"allow":["GET"]}}],"collection":[{"href":"https:\/\/milesiplanet.com\/fr\/wp-json\/wp\/v2\/pages"}],"about":[{"href":"https:\/\/milesiplanet.com\/fr\/wp-json\/wp\/v2\/types\/page"}],"author":[{"embeddable":true,"href":"https:\/\/milesiplanet.com\/fr\/wp-json\/wp\/v2\/users\/1"}],"replies":[{"embeddable":true,"href":"https:\/\/milesiplanet.com\/fr\/wp-json\/wp\/v2\/comments?post=5459"}],"version-history":[{"count":0,"href":"https:\/\/milesiplanet.com\/fr\/wp-json\/wp\/v2\/pages\/5459\/revisions"}],"up":[{"embeddable":true,"href":"https:\/\/milesiplanet.com\/fr\/wp-json\/wp\/v2\/pages\/5456"}],"wp:attachment":[{"href":"https:\/\/milesiplanet.com\/fr\/wp-json\/wp\/v2\/media?parent=5459"}],"curies":[{"name":"wp","href":"https:\/\/api.w.org\/{rel}","templated":true}]}}