
{"id":5464,"date":"2020-02-18T15:02:08","date_gmt":"2020-02-18T14:02:08","guid":{"rendered":"http:\/\/milesiplanet.com\/?page_id=5464"},"modified":"2020-11-11T16:53:04","modified_gmt":"2020-11-11T15:53:04","slug":"pour-vos-clients","status":"publish","type":"page","link":"https:\/\/milesiplanet.com\/fr\/milesi-gallery\/pour-vos-clients\/","title":{"rendered":"Pour vos clients"},"content":{"rendered":"<p><strong>Vous trouverez ici la liste du mat\u00e9riel que Milesi met \u00e0 votre disposition pour votre activit\u00e9.<\/strong><\/p>\n\n\t\t<style type=\"text\/css\">\n\t\t\t#gallery-1 {\n\t\t\t\tmargin: auto;\n\t\t\t}\n\t\t\t#gallery-1 .gallery-item {\n\t\t\t\tfloat: left;\n\t\t\t\tmargin-top: 10px;\n\t\t\t\ttext-align: center;\n\t\t\t\twidth: 33%;\n\t\t\t}\n\t\t\t#gallery-1 img {\n\t\t\t\tborder: 2px solid #cfcfcf;\n\t\t\t}\n\t\t\t#gallery-1 .gallery-caption {\n\t\t\t\tmargin-left: 0;\n\t\t\t}\n\t\t\t\/* see gallery_shortcode() in wp-includes\/media.php *\/\n\t\t<\/style>\n\t\t<div id='gallery-1' class='gallery galleryid-5464 gallery-columns-3 gallery-size-large'><dl class='gallery-item'>\n\t\t\t<dt class='gallery-icon portrait'>\n\t\t\t\t<a href='https:\/\/milesiplanet.com\/fr\/milesi-gallery\/pour-vos-clients\/attachment\/mvf-brochure-milesi-esterni_copertina\/'><img loading=\"lazy\" decoding=\"async\" width=\"724\" height=\"1024\" src=\"https:\/\/milesiplanet.com\/wp-content\/uploads\/2020\/03\/MVF-Brochure-Milesi-Esterni_copertina-724x1024.jpg\" class=\"attachment-large size-large\" alt=\"Milesi solutions \u00e0 l\u2019eau pour bois ext\u00e9rieurs et PVC\" aria-describedby=\"gallery-1-7128\" srcset=\"https:\/\/milesiplanet.com\/wp-content\/uploads\/2020\/03\/MVF-Brochure-Milesi-Esterni_copertina-724x1024.jpg 724w, https:\/\/milesiplanet.com\/wp-content\/uploads\/2020\/03\/MVF-Brochure-Milesi-Esterni_copertina-212x300.jpg 212w, https:\/\/milesiplanet.com\/wp-content\/uploads\/2020\/03\/MVF-Brochure-Milesi-Esterni_copertina-768x1086.jpg 768w, https:\/\/milesiplanet.com\/wp-content\/uploads\/2020\/03\/MVF-Brochure-Milesi-Esterni_copertina-1086x1536.jpg 1086w, https:\/\/milesiplanet.com\/wp-content\/uploads\/2020\/03\/MVF-Brochure-Milesi-Esterni_copertina-1448x2048.jpg 1448w, https:\/\/milesiplanet.com\/wp-content\/uploads\/2020\/03\/MVF-Brochure-Milesi-Esterni_copertina-600x849.jpg 600w, https:\/\/milesiplanet.com\/wp-content\/uploads\/2020\/03\/MVF-Brochure-Milesi-Esterni_copertina-scaled.jpg 1810w\" sizes=\"auto, (max-width: 724px) 100vw, 724px\" \/><\/a>\n\t\t\t<\/dt>\n\t\t\t\t<dd class='wp-caption-text gallery-caption' id='gallery-1-7128'>\n\t\t\t\tSolutions \u00e0 l\u2019eau pour bois ext\u00e9rieurs et PVC\n\t\t\t\t<\/dd><\/dl><dl class='gallery-item'>\n\t\t\t<dt class='gallery-icon portrait'>\n\t\t\t\t<a href='https:\/\/milesiplanet.com\/fr\/milesi-gallery\/pour-vos-clients\/attachment\/mvf-brochure-milesi-bca_copertina\/'><img loading=\"lazy\" decoding=\"async\" width=\"735\" height=\"1024\" src=\"https:\/\/milesiplanet.com\/wp-content\/uploads\/2020\/03\/MVF-Brochure-Milesi-BCA_copertina-735x1024.jpg\" class=\"attachment-large size-large\" alt=\"BCA \u2013 La nouvelle technologie qui r\u00e9volutionne les vernis pour bois\" aria-describedby=\"gallery-1-7153\" srcset=\"https:\/\/milesiplanet.com\/wp-content\/uploads\/2020\/03\/MVF-Brochure-Milesi-BCA_copertina-735x1024.jpg 735w, https:\/\/milesiplanet.com\/wp-content\/uploads\/2020\/03\/MVF-Brochure-Milesi-BCA_copertina-215x300.jpg 215w, https:\/\/milesiplanet.com\/wp-content\/uploads\/2020\/03\/MVF-Brochure-Milesi-BCA_copertina-768x1069.jpg 768w, https:\/\/milesiplanet.com\/wp-content\/uploads\/2020\/03\/MVF-Brochure-Milesi-BCA_copertina-1103x1536.jpg 1103w, https:\/\/milesiplanet.com\/wp-content\/uploads\/2020\/03\/MVF-Brochure-Milesi-BCA_copertina-1471x2048.jpg 1471w, https:\/\/milesiplanet.com\/wp-content\/uploads\/2020\/03\/MVF-Brochure-Milesi-BCA_copertina-600x835.jpg 600w, https:\/\/milesiplanet.com\/wp-content\/uploads\/2020\/03\/MVF-Brochure-Milesi-BCA_copertina.jpg 1759w\" sizes=\"auto, (max-width: 735px) 100vw, 735px\" \/><\/a>\n\t\t\t<\/dt>\n\t\t\t\t<dd class='wp-caption-text gallery-caption' id='gallery-1-7153'>\n\t\t\t\tBCA \u2013 La nouvelle technologie qui r\u00e9volutionne les vernis pour bois\n\t\t\t\t<\/dd><\/dl>\n\t\t\t<br style='clear: both' \/>\n\t\t<\/div>\n\n<p>&nbsp;<\/p>\n\n\t\t<style type=\"text\/css\">\n\t\t\t#gallery-2 {\n\t\t\t\tmargin: auto;\n\t\t\t}\n\t\t\t#gallery-2 .gallery-item {\n\t\t\t\tfloat: left;\n\t\t\t\tmargin-top: 10px;\n\t\t\t\ttext-align: center;\n\t\t\t\twidth: 33%;\n\t\t\t}\n\t\t\t#gallery-2 img {\n\t\t\t\tborder: 2px solid #cfcfcf;\n\t\t\t}\n\t\t\t#gallery-2 .gallery-caption {\n\t\t\t\tmargin-left: 0;\n\t\t\t}\n\t\t\t\/* see gallery_shortcode() in wp-includes\/media.php *\/\n\t\t<\/style>\n\t\t<div id='gallery-2' class='gallery galleryid-5464 gallery-columns-3 gallery-size-medium'><dl class='gallery-item'>\n\t\t\t<dt class='gallery-icon landscape'>\n\t\t\t\t<a href='https:\/\/milesiplanet.com\/fr\/milesi-gallery\/pour-vos-clients\/attachment\/ncs-200-2\/'><img loading=\"lazy\" decoding=\"async\" width=\"300\" height=\"225\" src=\"https:\/\/milesiplanet.com\/wp-content\/uploads\/2020\/01\/NCS-200-300x225.jpg\" class=\"attachment-medium size-medium\" alt=\"NCS\" aria-describedby=\"gallery-2-4485\" srcset=\"https:\/\/milesiplanet.com\/wp-content\/uploads\/2020\/01\/NCS-200-300x225.jpg 300w, https:\/\/milesiplanet.com\/wp-content\/uploads\/2020\/01\/NCS-200-1024x768.jpg 1024w, https:\/\/milesiplanet.com\/wp-content\/uploads\/2020\/01\/NCS-200-768x576.jpg 768w, https:\/\/milesiplanet.com\/wp-content\/uploads\/2020\/01\/NCS-200-1536x1152.jpg 1536w, https:\/\/milesiplanet.com\/wp-content\/uploads\/2020\/01\/NCS-200-2048x1536.jpg 2048w, https:\/\/milesiplanet.com\/wp-content\/uploads\/2020\/01\/NCS-200-600x450.jpg 600w\" sizes=\"auto, (max-width: 300px) 100vw, 300px\" \/><\/a>\n\t\t\t<\/dt>\n\t\t\t\t<dd class='wp-caption-text gallery-caption' id='gallery-2-4485'>\n\t\t\t\tNuancier couleurs NCS 200\n\t\t\t\t<\/dd><\/dl>\n\t\t\t<br style='clear: both' \/>\n\t\t<\/div>\n\n<p>&nbsp;<\/p>\n\n\t\t<style type=\"text\/css\">\n\t\t\t#gallery-3 {\n\t\t\t\tmargin: auto;\n\t\t\t}\n\t\t\t#gallery-3 .gallery-item {\n\t\t\t\tfloat: left;\n\t\t\t\tmargin-top: 10px;\n\t\t\t\ttext-align: center;\n\t\t\t\twidth: 33%;\n\t\t\t}\n\t\t\t#gallery-3 img {\n\t\t\t\tborder: 2px solid #cfcfcf;\n\t\t\t}\n\t\t\t#gallery-3 .gallery-caption {\n\t\t\t\tmargin-left: 0;\n\t\t\t}\n\t\t\t\/* see gallery_shortcode() in wp-includes\/media.php *\/\n\t\t<\/style>\n\t\t<div id='gallery-3' class='gallery galleryid-5464 gallery-columns-3 gallery-size-medium'><dl class='gallery-item'>\n\t\t\t<dt class='gallery-icon landscape'>\n\t\t\t\t<a href='https:\/\/milesiplanet.com\/fr\/milesi-gallery\/pour-vos-clients\/attachment\/cappellini-2-2\/'><img loading=\"lazy\" decoding=\"async\" width=\"300\" height=\"224\" src=\"https:\/\/milesiplanet.com\/wp-content\/uploads\/2020\/01\/cappellini-1-300x224.jpg\" class=\"attachment-medium size-medium\" alt=\"cappellini\" aria-describedby=\"gallery-3-4947\" srcset=\"https:\/\/milesiplanet.com\/wp-content\/uploads\/2020\/01\/cappellini-1-300x224.jpg 300w, https:\/\/milesiplanet.com\/wp-content\/uploads\/2020\/01\/cappellini-1-1024x763.jpg 1024w, https:\/\/milesiplanet.com\/wp-content\/uploads\/2020\/01\/cappellini-1-768x572.jpg 768w, https:\/\/milesiplanet.com\/wp-content\/uploads\/2020\/01\/cappellini-1-1536x1145.jpg 1536w, https:\/\/milesiplanet.com\/wp-content\/uploads\/2020\/01\/cappellini-1-2048x1526.jpg 2048w, https:\/\/milesiplanet.com\/wp-content\/uploads\/2020\/01\/cappellini-1-600x447.jpg 600w\" sizes=\"auto, (max-width: 300px) 100vw, 300px\" \/><\/a>\n\t\t\t<\/dt>\n\t\t\t\t<dd class='wp-caption-text gallery-caption' id='gallery-3-4947'>\n\t\t\t\tCasquettes\n\t\t\t\t<\/dd><\/dl><dl class='gallery-item'>\n\t\t\t<dt class='gallery-icon landscape'>\n\t\t\t\t<a href='https:\/\/milesiplanet.com\/fr\/milesi-gallery\/pour-vos-clients\/attachment\/pennellino\/'><img loading=\"lazy\" decoding=\"async\" width=\"300\" height=\"224\" src=\"https:\/\/milesiplanet.com\/wp-content\/uploads\/2020\/11\/pennellino-300x224.jpg\" class=\"attachment-medium size-medium\" alt=\"\" aria-describedby=\"gallery-3-11627\" srcset=\"https:\/\/milesiplanet.com\/wp-content\/uploads\/2020\/11\/pennellino-300x224.jpg 300w, https:\/\/milesiplanet.com\/wp-content\/uploads\/2020\/11\/pennellino-1024x763.jpg 1024w, https:\/\/milesiplanet.com\/wp-content\/uploads\/2020\/11\/pennellino-768x572.jpg 768w, https:\/\/milesiplanet.com\/wp-content\/uploads\/2020\/11\/pennellino-1536x1145.jpg 1536w, https:\/\/milesiplanet.com\/wp-content\/uploads\/2020\/11\/pennellino-2048x1526.jpg 2048w, https:\/\/milesiplanet.com\/wp-content\/uploads\/2020\/11\/pennellino-600x447.jpg 600w\" sizes=\"auto, (max-width: 300px) 100vw, 300px\" \/><\/a>\n\t\t\t<\/dt>\n\t\t\t\t<dd class='wp-caption-text gallery-caption' id='gallery-3-11627'>\n\t\t\t\tPinceaux\n\t\t\t\t<\/dd><\/dl><dl class='gallery-item'>\n\t\t\t<dt class='gallery-icon landscape'>\n\t\t\t\t<a href='https:\/\/milesiplanet.com\/fr\/milesi-gallery\/pour-vos-clients\/attachment\/penne-2-2\/'><img loading=\"lazy\" decoding=\"async\" width=\"300\" height=\"224\" src=\"https:\/\/milesiplanet.com\/wp-content\/uploads\/2020\/01\/penne-1-300x224.jpg\" class=\"attachment-medium size-medium\" alt=\"penne\" aria-describedby=\"gallery-3-4933\" srcset=\"https:\/\/milesiplanet.com\/wp-content\/uploads\/2020\/01\/penne-1-300x224.jpg 300w, https:\/\/milesiplanet.com\/wp-content\/uploads\/2020\/01\/penne-1-1024x763.jpg 1024w, https:\/\/milesiplanet.com\/wp-content\/uploads\/2020\/01\/penne-1-768x572.jpg 768w, https:\/\/milesiplanet.com\/wp-content\/uploads\/2020\/01\/penne-1-1536x1145.jpg 1536w, https:\/\/milesiplanet.com\/wp-content\/uploads\/2020\/01\/penne-1-2048x1526.jpg 2048w, https:\/\/milesiplanet.com\/wp-content\/uploads\/2020\/01\/penne-1-600x447.jpg 600w\" sizes=\"auto, (max-width: 300px) 100vw, 300px\" \/><\/a>\n\t\t\t<\/dt>\n\t\t\t\t<dd class='wp-caption-text gallery-caption' id='gallery-3-4933'>\n\t\t\t\tStylos\n\t\t\t\t<\/dd><\/dl><br style=\"clear: both\" \/><dl class='gallery-item'>\n\t\t\t<dt class='gallery-icon landscape'>\n\t\t\t\t<a href='https:\/\/milesiplanet.com\/fr\/milesi-gallery\/pour-vos-clients\/attachment\/magliette\/'><img loading=\"lazy\" decoding=\"async\" width=\"300\" height=\"224\" src=\"https:\/\/milesiplanet.com\/wp-content\/uploads\/2020\/11\/magliette-300x224.jpg\" class=\"attachment-medium size-medium\" alt=\"\" aria-describedby=\"gallery-3-11613\" srcset=\"https:\/\/milesiplanet.com\/wp-content\/uploads\/2020\/11\/magliette-300x224.jpg 300w, https:\/\/milesiplanet.com\/wp-content\/uploads\/2020\/11\/magliette-1024x763.jpg 1024w, https:\/\/milesiplanet.com\/wp-content\/uploads\/2020\/11\/magliette-768x572.jpg 768w, https:\/\/milesiplanet.com\/wp-content\/uploads\/2020\/11\/magliette-1536x1145.jpg 1536w, https:\/\/milesiplanet.com\/wp-content\/uploads\/2020\/11\/magliette-2048x1526.jpg 2048w, https:\/\/milesiplanet.com\/wp-content\/uploads\/2020\/11\/magliette-600x447.jpg 600w\" sizes=\"auto, (max-width: 300px) 100vw, 300px\" \/><\/a>\n\t\t\t<\/dt>\n\t\t\t\t<dd class='wp-caption-text gallery-caption' id='gallery-3-11613'>\n\t\t\t\tT-Shirts\n\t\t\t\t<\/dd><\/dl><dl class='gallery-item'>\n\t\t\t<dt class='gallery-icon landscape'>\n\t\t\t\t<a href='https:\/\/milesiplanet.com\/fr\/milesi-gallery\/pour-vos-clients\/attachment\/pettorina\/'><img loading=\"lazy\" decoding=\"async\" width=\"300\" height=\"224\" src=\"https:\/\/milesiplanet.com\/wp-content\/uploads\/2020\/11\/pettorina-300x224.jpg\" class=\"attachment-medium size-medium\" alt=\"\" aria-describedby=\"gallery-3-11634\" srcset=\"https:\/\/milesiplanet.com\/wp-content\/uploads\/2020\/11\/pettorina-300x224.jpg 300w, https:\/\/milesiplanet.com\/wp-content\/uploads\/2020\/11\/pettorina-1024x763.jpg 1024w, https:\/\/milesiplanet.com\/wp-content\/uploads\/2020\/11\/pettorina-768x572.jpg 768w, https:\/\/milesiplanet.com\/wp-content\/uploads\/2020\/11\/pettorina-1536x1145.jpg 1536w, https:\/\/milesiplanet.com\/wp-content\/uploads\/2020\/11\/pettorina-2048x1526.jpg 2048w, https:\/\/milesiplanet.com\/wp-content\/uploads\/2020\/11\/pettorina-600x447.jpg 600w\" sizes=\"auto, (max-width: 300px) 100vw, 300px\" \/><\/a>\n\t\t\t<\/dt>\n\t\t\t\t<dd class='wp-caption-text gallery-caption' id='gallery-3-11634'>\n\t\t\t\tGilets\n\t\t\t\t<\/dd><\/dl>\n\t\t\t<br style='clear: both' \/>\n\t\t<\/div>\n\n<p>&nbsp;<\/p>\n<p><span style=\"font-size: 10pt;\"><em>Contactez votre correspondant Milesi pour commander les brochures en version papier et le mat\u00e9riel.<\/em><\/span><\/p>\n<p>&nbsp;<\/p>\n","protected":false},"excerpt":{"rendered":"<p>Vous trouverez ici la liste du mat\u00e9riel que Milesi met \u00e0 votre disposition pour votre activit\u00e9. &nbsp; &nbsp; &nbsp; Contactez votre correspondant Milesi pour commander les brochures en version papier et le mat\u00e9riel. &nbsp;<\/p>\n","protected":false},"author":1,"featured_media":0,"parent":5456,"menu_order":127,"comment_status":"closed","ping_status":"closed","template":"gallery.php","meta":{"_acf_changed":false,"footnotes":""},"class_list":["post-5464","page","type-page","status-publish","hentry"],"acf":[],"_links":{"self":[{"href":"https:\/\/milesiplanet.com\/fr\/wp-json\/wp\/v2\/pages\/5464","targetHints":{"allow":["GET"]}}],"collection":[{"href":"https:\/\/milesiplanet.com\/fr\/wp-json\/wp\/v2\/pages"}],"about":[{"href":"https:\/\/milesiplanet.com\/fr\/wp-json\/wp\/v2\/types\/page"}],"author":[{"embeddable":true,"href":"https:\/\/milesiplanet.com\/fr\/wp-json\/wp\/v2\/users\/1"}],"replies":[{"embeddable":true,"href":"https:\/\/milesiplanet.com\/fr\/wp-json\/wp\/v2\/comments?post=5464"}],"version-history":[{"count":0,"href":"https:\/\/milesiplanet.com\/fr\/wp-json\/wp\/v2\/pages\/5464\/revisions"}],"up":[{"embeddable":true,"href":"https:\/\/milesiplanet.com\/fr\/wp-json\/wp\/v2\/pages\/5456"}],"wp:attachment":[{"href":"https:\/\/milesiplanet.com\/fr\/wp-json\/wp\/v2\/media?parent=5464"}],"curies":[{"name":"wp","href":"https:\/\/api.w.org\/{rel}","templated":true}]}}