
{"id":5466,"date":"2020-02-18T15:04:14","date_gmt":"2020-02-18T14:04:14","guid":{"rendered":"http:\/\/milesiplanet.com\/?page_id=5466"},"modified":"2020-10-30T15:14:58","modified_gmt":"2020-10-30T14:14:58","slug":"etiquettes-avec-charte-graphique-et-logo-milesi","status":"publish","type":"page","link":"https:\/\/milesiplanet.com\/fr\/etiquettes-avec-charte-graphique-et-logo-milesi\/","title":{"rendered":"Etiquettes avec charte graphique et logo Milesi"},"content":{"rendered":"<p>Votre interlocuteur commercial est \u00e0 votre disposition pour vous informer de la proc\u00e9dure d\u2019utilisation de la charte graphique pour l\u2019impression des \u00e9tiquettes de vos produits reconditionn\u00e9s ou transform\u00e9s.<\/p>\n<p>&nbsp;<\/p>\n<p><img loading=\"lazy\" decoding=\"async\" class=\"alignnone wp-image-11083 size-medium\" src=\"https:\/\/milesiplanet.com\/wp-content\/uploads\/2020\/10\/MVF-rombi-300x214.jpg\" alt=\"\" width=\"300\" height=\"214\" srcset=\"https:\/\/milesiplanet.com\/wp-content\/uploads\/2020\/10\/MVF-rombi-300x214.jpg 300w, https:\/\/milesiplanet.com\/wp-content\/uploads\/2020\/10\/MVF-rombi-1024x731.jpg 1024w, https:\/\/milesiplanet.com\/wp-content\/uploads\/2020\/10\/MVF-rombi-768x548.jpg 768w, https:\/\/milesiplanet.com\/wp-content\/uploads\/2020\/10\/MVF-rombi-600x428.jpg 600w, https:\/\/milesiplanet.com\/wp-content\/uploads\/2020\/10\/MVF-rombi.jpg 1161w\" sizes=\"auto, (max-width: 300px) 100vw, 300px\" \/>\u00a0 \u00a0\u00a0 <img loading=\"lazy\" decoding=\"async\" class=\"alignnone wp-image-11018 size-medium\" src=\"https:\/\/milesiplanet.com\/wp-content\/uploads\/2020\/10\/no-rombi-300x214.jpg\" alt=\"\" width=\"300\" height=\"214\" srcset=\"https:\/\/milesiplanet.com\/wp-content\/uploads\/2020\/10\/no-rombi-300x214.jpg 300w, https:\/\/milesiplanet.com\/wp-content\/uploads\/2020\/10\/no-rombi-1024x729.jpg 1024w, https:\/\/milesiplanet.com\/wp-content\/uploads\/2020\/10\/no-rombi-768x547.jpg 768w, https:\/\/milesiplanet.com\/wp-content\/uploads\/2020\/10\/no-rombi-600x427.jpg 600w, https:\/\/milesiplanet.com\/wp-content\/uploads\/2020\/10\/no-rombi.jpg 1163w\" sizes=\"auto, (max-width: 300px) 100vw, 300px\" \/><\/p>\n","protected":false},"excerpt":{"rendered":"<p>Votre interlocuteur commercial est \u00e0 votre disposition pour vous informer de la proc\u00e9dure d\u2019utilisation de la charte graphique pour l\u2019impression des \u00e9tiquettes de vos produits reconditionn\u00e9s ou transform\u00e9s. &nbsp; \u00a0 \u00a0\u00a0<\/p>\n","protected":false},"author":1,"featured_media":5154,"parent":0,"menu_order":139,"comment_status":"closed","ping_status":"closed","template":"neutro.php","meta":{"_acf_changed":false,"footnotes":""},"class_list":["post-5466","page","type-page","status-publish","has-post-thumbnail","hentry"],"acf":[],"_links":{"self":[{"href":"https:\/\/milesiplanet.com\/fr\/wp-json\/wp\/v2\/pages\/5466","targetHints":{"allow":["GET"]}}],"collection":[{"href":"https:\/\/milesiplanet.com\/fr\/wp-json\/wp\/v2\/pages"}],"about":[{"href":"https:\/\/milesiplanet.com\/fr\/wp-json\/wp\/v2\/types\/page"}],"author":[{"embeddable":true,"href":"https:\/\/milesiplanet.com\/fr\/wp-json\/wp\/v2\/users\/1"}],"replies":[{"embeddable":true,"href":"https:\/\/milesiplanet.com\/fr\/wp-json\/wp\/v2\/comments?post=5466"}],"version-history":[{"count":0,"href":"https:\/\/milesiplanet.com\/fr\/wp-json\/wp\/v2\/pages\/5466\/revisions"}],"wp:featuredmedia":[{"embeddable":true,"href":"https:\/\/milesiplanet.com\/fr\/wp-json\/wp\/v2\/media\/5154"}],"wp:attachment":[{"href":"https:\/\/milesiplanet.com\/fr\/wp-json\/wp\/v2\/media?parent=5466"}],"curies":[{"name":"wp","href":"https:\/\/api.w.org\/{rel}","templated":true}]}}