
{"id":5471,"date":"2020-02-18T15:14:45","date_gmt":"2020-02-18T14:14:45","guid":{"rendered":"http:\/\/milesiplanet.com\/?page_id=5471"},"modified":"2020-02-24T19:35:57","modified_gmt":"2020-02-24T18:35:57","slug":"nuanciers-de-couleurs","status":"publish","type":"page","link":"https:\/\/milesiplanet.com\/fr\/systeme-de-teinture-milesi\/nuanciers-de-couleurs\/","title":{"rendered":"Nuanciers de couleurs"},"content":{"rendered":"<p>Milesi fournit au distributeur les nuanciers suivants, pour s\u00e9lectionner la couleur \u00e0 reproduire\u00a0:<\/p>\n<ul>\n<li><strong>NCS 980 Couleurs et RALK7 pour les couleurs pigment\u00e9es<\/strong><\/li>\n<li><strong>MILESI COLLECTION<\/strong>, pour les teintes et semi-transparents.<\/li>\n<\/ul>\n<p>Les couleurs dont la formule est disponible dans EasyColor peuvent \u00e9galement \u00eatre visualis\u00e9es sur le logiciele.<\/p>\n","protected":false},"excerpt":{"rendered":"<p>Milesi fournit au distributeur les nuanciers suivants, pour s\u00e9lectionner la couleur \u00e0 reproduire\u00a0: NCS 980 Couleurs et RALK7 pour les couleurs pigment\u00e9es MILESI COLLECTION, pour les teintes et semi-transparents. Les couleurs dont la formule est disponible dans EasyColor peuvent \u00e9galement \u00eatre visualis\u00e9es sur le logiciele.<\/p>\n","protected":false},"author":1,"featured_media":0,"parent":233,"menu_order":47,"comment_status":"closed","ping_status":"closed","template":"cartella-colore.php","meta":{"_acf_changed":false,"footnotes":""},"class_list":["post-5471","page","type-page","status-publish","hentry"],"acf":[],"_links":{"self":[{"href":"https:\/\/milesiplanet.com\/fr\/wp-json\/wp\/v2\/pages\/5471","targetHints":{"allow":["GET"]}}],"collection":[{"href":"https:\/\/milesiplanet.com\/fr\/wp-json\/wp\/v2\/pages"}],"about":[{"href":"https:\/\/milesiplanet.com\/fr\/wp-json\/wp\/v2\/types\/page"}],"author":[{"embeddable":true,"href":"https:\/\/milesiplanet.com\/fr\/wp-json\/wp\/v2\/users\/1"}],"replies":[{"embeddable":true,"href":"https:\/\/milesiplanet.com\/fr\/wp-json\/wp\/v2\/comments?post=5471"}],"version-history":[{"count":0,"href":"https:\/\/milesiplanet.com\/fr\/wp-json\/wp\/v2\/pages\/5471\/revisions"}],"up":[{"embeddable":true,"href":"https:\/\/milesiplanet.com\/fr\/wp-json\/wp\/v2\/pages\/233"}],"wp:attachment":[{"href":"https:\/\/milesiplanet.com\/fr\/wp-json\/wp\/v2\/media?parent=5471"}],"curies":[{"name":"wp","href":"https:\/\/api.w.org\/{rel}","templated":true}]}}