
{"id":5508,"date":"2020-02-18T16:57:03","date_gmt":"2020-02-18T15:57:03","guid":{"rendered":"http:\/\/milesiplanet.com\/?page_id=5508"},"modified":"2020-03-12T15:46:48","modified_gmt":"2020-03-12T14:46:48","slug":"presentation","status":"publish","type":"page","link":"https:\/\/milesiplanet.com\/fr\/systeme-de-teinture-milesi\/presentation\/","title":{"rendered":"Pr\u00e9sentation"},"content":{"rendered":"<p><strong>Milesi <\/strong>pr\u00e9sente une nouvelle version de son Syst\u00e8me Tintom\u00e9trique, con\u00e7u pour permettre \u00e0 ses distributeurs de cr\u00e9er tr\u00e8s facilement la couleur souhait\u00e9e, pigment\u00e9e, semi-transparente ou teint\u00e9e, d\u2019une gamme \u00e9tendue de produits pour int\u00e9rieur et ext\u00e9rieur, \u00e0 l\u2019eau et en solvant, utilisables avec l\u2019ensemble des syst\u00e8mes d\u2019application et disponibles en diff\u00e9rents conditionnements.<\/p>\n<p>Le Syst\u00e8me Tintom\u00e9trique offre les <strong>avantages suivants<\/strong>\u00a0:<\/p>\n<ul>\n<li>\n<h3><strong>R\u00e8duction du temps consacr\u00e9 \u00e0 la formulation des couleurs<\/strong><\/h3>\n<p>Pour cr\u00e9er une couleur, il est n\u00e9cessaire de disposer de la formule correspondante ou de s&#8217;en doter en proc\u00e9dant comme suit:<\/li>\n<\/ul>\n<ul>\n<li style=\"list-style-type: none;\">\n<ul>\n<li style=\"list-style-type: none;\">\n<ul style=\"list-style-type: circle;\">\n<li>avec un spectrophotom\u00e8tre, il est possible de lire la couleur et d\u2019enregistrer les donn\u00e9es correspondantes<\/li>\n<\/ul>\n<\/li>\n<\/ul>\n<\/li>\n<\/ul>\n<ul>\n<li style=\"list-style-type: none;\">\n<ul>\n<li style=\"list-style-type: none;\">\n<ul style=\"list-style-type: circle;\">\n<li>sans spectrophotom\u00e8tre, il est n\u00e9cessaire d\u2019annoter manuellement les quantit\u00e9s de produits utilis\u00e9s pour leur mise \u00e0 la teinte. Pour cette op\u00e9ration, il est utile de pouvoir se servir de la formule d\u2019une couleur semblable \u00e0 la couleur de base de d\u00e9part<\/li>\n<\/ul>\n<\/li>\n<\/ul>\n<\/li>\n<\/ul>\n<p style=\"padding-left: 20px;\">Donc..plus vous disposez de formules de couleurs, moins vous passez de temps \u00e0 les fabriquer!<br \/>\n<strong>En proposant plus de 15 000 formules de couleurs pour une tr\u00e8s large gamme de produits, il devient inutile de consacrer du temps \u00e0 formuler des couleurs avec le syst\u00e8me Tintom\u00e9trique Milesi.<\/strong><\/p>\n<h3><\/h3>\n<ul>\n<li>\n<h3><strong>R\u00e8duction du temps pass\u00e9 \u00e0 la fabrication des couleurs<\/strong><\/h3>\n<p>Le bicouches et les finitions pigmentables du Syst\u00e8me Tintom\u00e9trique <strong>Milesi<\/strong> sont calibr\u00e9s.<br \/>\nA partir d\u2019une formule donn\u00e9e, la reproductibilit\u00e9 de la couleur est garantie quelle que soit l\u2019atelier dans laquelle elle est r\u00e9alis\u00e9e (delta E est au maximum de 0,4 pour les couleurs pastel et de 0,8 pour les couleurs fonc\u00e9es).<br \/>\nVous n\u2019avez donc \u00e0 proc\u00e9der \u00e0 aucun ajustement de couleur.<br \/>\nLes couleurs reproduites \u00e0 diff\u00e9rents moments en utilisant des produits non calibr\u00e9s, pr\u00e9sentent par contre un risque \u00e9lev\u00e9 d&#8217;avoir des teintes diff\u00e9rentes m\u00eame si elles sont r\u00e9alis\u00e9es sur la base de la m\u00eame formule, et doivent donc \u00eatre corrig\u00e9es.<\/li>\n<\/ul>\n<ul>\n<li>\n<h3><strong>R\u00e8duction des <\/strong><strong>d\u00e9chets de production<\/strong><\/h3>\n<p>Pour ajuster la couleur que vous avez cr\u00e9\u00e9e, vous devez ajouter le produit de base ou les p\u00e2tes n\u00e9cessaires \u00e0 sa correction. La quantit\u00e9 du produit final pourrait cependant d\u00e9passer celle requise, et g\u00e9n\u00e9rer des d\u00e9chets de production. Il est donc \u00e9vident que l&#8217;utilisation de <em>produits calibr\u00e9s<\/em> offre un avantage suppl\u00e9mentaire.<\/li>\n<\/ul>\n<p>&nbsp;<\/p>\n<p>Le processus \u00e0 suivre pour r\u00e9aliser la couleur souhait\u00e9e est illustr\u00e9 dans le Tutoriel vid\u00e9o connexe.<\/p>\n","protected":false},"excerpt":{"rendered":"<p>Milesi pr\u00e9sente une nouvelle version de son Syst\u00e8me Tintom\u00e9trique, con\u00e7u pour permettre \u00e0 ses distributeurs de cr\u00e9er tr\u00e8s facilement la couleur souhait\u00e9e, pigment\u00e9e, semi-transparente ou teint\u00e9e, d\u2019une gamme \u00e9tendue de produits pour int\u00e9rieur et ext\u00e9rieur, \u00e0 l\u2019eau et en solvant, utilisables avec l\u2019ensemble des syst\u00e8mes d\u2019application et disponibles en diff\u00e9rents conditionnements. Le Syst\u00e8me Tintom\u00e9trique offre [&hellip;]<\/p>\n","protected":false},"author":1,"featured_media":5102,"parent":233,"menu_order":78,"comment_status":"closed","ping_status":"closed","template":"presentazione.php","meta":{"_acf_changed":false,"footnotes":""},"class_list":["post-5508","page","type-page","status-publish","has-post-thumbnail","hentry"],"acf":[],"_links":{"self":[{"href":"https:\/\/milesiplanet.com\/fr\/wp-json\/wp\/v2\/pages\/5508","targetHints":{"allow":["GET"]}}],"collection":[{"href":"https:\/\/milesiplanet.com\/fr\/wp-json\/wp\/v2\/pages"}],"about":[{"href":"https:\/\/milesiplanet.com\/fr\/wp-json\/wp\/v2\/types\/page"}],"author":[{"embeddable":true,"href":"https:\/\/milesiplanet.com\/fr\/wp-json\/wp\/v2\/users\/1"}],"replies":[{"embeddable":true,"href":"https:\/\/milesiplanet.com\/fr\/wp-json\/wp\/v2\/comments?post=5508"}],"version-history":[{"count":0,"href":"https:\/\/milesiplanet.com\/fr\/wp-json\/wp\/v2\/pages\/5508\/revisions"}],"up":[{"embeddable":true,"href":"https:\/\/milesiplanet.com\/fr\/wp-json\/wp\/v2\/pages\/233"}],"wp:featuredmedia":[{"embeddable":true,"href":"https:\/\/milesiplanet.com\/fr\/wp-json\/wp\/v2\/media\/5102"}],"wp:attachment":[{"href":"https:\/\/milesiplanet.com\/fr\/wp-json\/wp\/v2\/media?parent=5508"}],"curies":[{"name":"wp","href":"https:\/\/api.w.org\/{rel}","templated":true}]}}