
{"id":5519,"date":"2020-02-18T17:15:31","date_gmt":"2020-02-18T16:15:31","guid":{"rendered":"http:\/\/milesiplanet.com\/?page_id=5519"},"modified":"2020-03-12T15:55:19","modified_gmt":"2020-03-12T14:55:19","slug":"logiciel-milesi-easycolor","status":"publish","type":"page","link":"https:\/\/milesiplanet.com\/fr\/systeme-de-teinture-milesi\/logiciel-milesi-easycolor\/","title":{"rendered":"Logiciel EasyColor Milesi"},"content":{"rendered":"<p>Pour la gamme de produits &#8220;Color System&#8221; cet outil permet aux distributeurs :<\/p>\n<ul>\n<li>de disposer des formules Milesi<\/li>\n<li>d\u2019enregistrer des formules de couleurs sp\u00e9cifiques<\/li>\n<li>et, \u00e0 partir de ces formules, de produire les couleurs souhait\u00e9es par des actions simples<\/li>\n<li>de fabriquer et d\u2019imprimer les \u00e9tiquettes correspondantes<\/li>\n<\/ul>\n<p>Le logiciel est mis \u00e0 la disposition des distributeurs par le biais d&#8217;une licence charg\u00e9e sur une cl\u00e9 USB. Il doit \u00eatre install\u00e9 sur un PC ayant la configuration minimale requise parmi les plus courantes mises sur le march\u00e9 (*) au cours des dix derni\u00e8res ann\u00e9es, et dont vous poss\u00e9dez un acc\u00e8s Administrateur.<\/p>\n<p>Le logiciel peut \u00eatre mis \u00e0 jour \u00e0 distance en suivant des instructions simples \u00e0 chaque version.<\/p>\n<p>Il permet de g\u00e9n\u00e9rer des \u00e9tiquettes et des fiches de donn\u00e9es de s\u00e9curit\u00e9 pour les produits qui n\u00e9cessitent le chargement d\u2019une formule.<\/p>\n<ul>\n<li>Il est pr\u00e9sent\u00e9 en version <strong>Smart<\/strong>, con\u00e7ue pour ceux qui n&#8217;ont pas de spectrophotom\u00e8tre, et<strong> Advance<\/strong>, raccordable \u00e0 un spectrophotom\u00e8tre.<\/li>\n<li>Les formules Milesi fournies via Easycolor sont :\n<ul>\n<li>pour les fonds, les appr\u00eats et les finitions pour int\u00e9rieur et ext\u00e9rieur pigment\u00e9s\u00a0: en version Smart, celles des 1950 couleurs NCS et des 213 couleurs du nuancier RAL K7\u00a0; en version Advance, en plus des pr\u00e9c\u00e9dentes, celles des 1 625 couleurs du nuancier RAL Design, des 1\u00a0729 couleurs du nuancier Pantone Coating, et des 11\u00a0000 r\u00e9f\u00e9rences des nuanciers les plus r\u00e9pandus dans le monde de la d\u00e9coration<\/li>\n<li>pour les impr\u00e9gnations et les finitions pour ext\u00e9rieur teint\u00e9es et semi-transparentess, celles du nuancier Milesi Collection<\/li>\n<\/ul>\n<\/li>\n<\/ul>\n<p>Le distributeur peut \u00e9galement enregistrer dans EasyColor les formules de ses couleurs personnalis\u00e9es.<\/p>\n<p>&nbsp;<\/p>\n<p><span style=\"font-size: 8pt;\">(*)\u00a0<em>Configuration minimale requise pour le PC\u00a0<\/em>:\u00a0<em>Syst\u00e8me d&#8217;exploitation Windows 10 et versions ult\u00e9rieures de 32 et\/ou 64 BITS, Processeur 2 GHz, RAM 4 Go, Espace disque libre 500 Mo, M\u00e9moire carte vid\u00e9o 256 Mo, .Net Framework 3.5, .Net Framework 4.5, R\u00e9solution conseill\u00e9e de la Vid\u00e9o WXGA 1280\u00d7768 pixels\u00a0 et profondeur de couleur TRUECOLOR 24 BITS ou sup\u00e9rieure<\/em><\/span><\/p>\n","protected":false},"excerpt":{"rendered":"<p>Pour la gamme de produits &#8220;Color System&#8221; cet outil permet aux distributeurs : de disposer des formules Milesi d\u2019enregistrer des formules de couleurs sp\u00e9cifiques et, \u00e0 partir de ces formules, de produire les couleurs souhait\u00e9es par des actions simples de fabriquer et d\u2019imprimer les \u00e9tiquettes correspondantes Le logiciel est mis \u00e0 la disposition des distributeurs [&hellip;]<\/p>\n","protected":false},"author":1,"featured_media":2643,"parent":233,"menu_order":88,"comment_status":"closed","ping_status":"closed","template":"software.php","meta":{"_acf_changed":false,"footnotes":""},"class_list":["post-5519","page","type-page","status-publish","has-post-thumbnail","hentry"],"acf":[],"_links":{"self":[{"href":"https:\/\/milesiplanet.com\/fr\/wp-json\/wp\/v2\/pages\/5519","targetHints":{"allow":["GET"]}}],"collection":[{"href":"https:\/\/milesiplanet.com\/fr\/wp-json\/wp\/v2\/pages"}],"about":[{"href":"https:\/\/milesiplanet.com\/fr\/wp-json\/wp\/v2\/types\/page"}],"author":[{"embeddable":true,"href":"https:\/\/milesiplanet.com\/fr\/wp-json\/wp\/v2\/users\/1"}],"replies":[{"embeddable":true,"href":"https:\/\/milesiplanet.com\/fr\/wp-json\/wp\/v2\/comments?post=5519"}],"version-history":[{"count":0,"href":"https:\/\/milesiplanet.com\/fr\/wp-json\/wp\/v2\/pages\/5519\/revisions"}],"up":[{"embeddable":true,"href":"https:\/\/milesiplanet.com\/fr\/wp-json\/wp\/v2\/pages\/233"}],"wp:featuredmedia":[{"embeddable":true,"href":"https:\/\/milesiplanet.com\/fr\/wp-json\/wp\/v2\/media\/2643"}],"wp:attachment":[{"href":"https:\/\/milesiplanet.com\/fr\/wp-json\/wp\/v2\/media?parent=5519"}],"curies":[{"name":"wp","href":"https:\/\/api.w.org\/{rel}","templated":true}]}}