
{"id":5526,"date":"2020-02-18T18:17:09","date_gmt":"2020-02-18T17:17:09","guid":{"rendered":"http:\/\/milesiplanet.com\/?page_id=5526"},"modified":"2020-03-12T15:56:07","modified_gmt":"2020-03-12T14:56:07","slug":"materiel","status":"publish","type":"page","link":"https:\/\/milesiplanet.com\/fr\/systeme-de-teinture-milesi\/materiel\/","title":{"rendered":"Mat\u00e9riel"},"content":{"rendered":"<p>Outre les produits, les nuanciers de couleurs et le logiciel EasyColor, le Syst\u00e8me Tintom\u00e9trique Milesi pr\u00e9voit le mat\u00e9riel suivant\u00a0:<\/p>\n<p>&nbsp;<\/p>\n<p><strong>SPECTROPHOTOM\u00c8TRE <\/strong><em>(facultatif)<\/em><\/p>\n<p>Il est utile de trouver la formulation de couleurs sp\u00e9cifiques sans avoir \u00e0 enregistrer manuellement la formule en m\u00eame temps que la mise \u00e0 la teinte du produit.\u00a0 Datacolor est seul compatible avec le logiciel Easycolor de Milesi<\/p>\n<p><strong>\u00a0<\/strong><\/p>\n<p><strong>BALANCE <\/strong><em>(facultative)<\/em><\/p>\n<p>C&#8217;est un \u00e9quipement indispensable seulement dans le cas o\u00f9 vous n&#8217;utilisez pas de machine \u00e0 teinter, afin de mesurer les quantit\u00e9s de produits et de p\u00e2tes pour r\u00e9aliser une certaine couleur et ensuite enregistrer la formule.\u00a0 La balance doit afficher une pr\u00e9cision de pes\u00e9e d&#8217;au moins un dixi\u00e8me de gramme.<\/p>\n<p><strong>\u00a0\u00a0<\/strong><\/p>\n<p><strong>AGITATEUR MODULAIRE POUR P\u00c2TES <\/strong><em>(facultatif)<\/em><\/p>\n<p>Son utilisation est recommand\u00e9e pour ceux qui n&#8217;ont pas de machine \u00e0 teinter, afin de maintenir l&#8217;homog\u00e9n\u00e9it\u00e9 des p\u00e2tes.<\/p>\n<p>&nbsp;<\/p>\n<p><strong>MACHINE A TEINTER <\/strong><em>(facultatif)<\/em><\/p>\n<p>Son utilisation est recommand\u00e9e pour acc\u00e9l\u00e9rer la pr\u00e9paration de la couleur. Il est possible de choisir une machine \u00e0 teinter gravim\u00e9trique ou volum\u00e9trique.<\/p>\n<p><strong>\u00a0<\/strong><\/p>\n<p><strong>AGITATEUR POUR LE PRODUIT FINAL<\/strong><\/p>\n<p>C&#8217;est un outil indispensable pour bien m\u00e9langer le produit de base et les p\u00e2tes afin d&#8217;obtenir une couleur homog\u00e8ne.\u00a0 Les agitateurs gyroscopiques ou \u00e0 axe vertical peuvent \u00eatre choisis.<\/p>\n<p>&nbsp;<\/p>\n","protected":false},"excerpt":{"rendered":"<p>Outre les produits, les nuanciers de couleurs et le logiciel EasyColor, le Syst\u00e8me Tintom\u00e9trique Milesi pr\u00e9voit le mat\u00e9riel suivant\u00a0: &nbsp; SPECTROPHOTOM\u00c8TRE (facultatif) Il est utile de trouver la formulation de couleurs sp\u00e9cifiques sans avoir \u00e0 enregistrer manuellement la formule en m\u00eame temps que la mise \u00e0 la teinte du produit.\u00a0 Datacolor est seul compatible avec [&hellip;]<\/p>\n","protected":false},"author":1,"featured_media":5280,"parent":233,"menu_order":103,"comment_status":"closed","ping_status":"closed","template":"presentazione.php","meta":{"_acf_changed":false,"footnotes":""},"class_list":["post-5526","page","type-page","status-publish","has-post-thumbnail","hentry"],"acf":[],"_links":{"self":[{"href":"https:\/\/milesiplanet.com\/fr\/wp-json\/wp\/v2\/pages\/5526","targetHints":{"allow":["GET"]}}],"collection":[{"href":"https:\/\/milesiplanet.com\/fr\/wp-json\/wp\/v2\/pages"}],"about":[{"href":"https:\/\/milesiplanet.com\/fr\/wp-json\/wp\/v2\/types\/page"}],"author":[{"embeddable":true,"href":"https:\/\/milesiplanet.com\/fr\/wp-json\/wp\/v2\/users\/1"}],"replies":[{"embeddable":true,"href":"https:\/\/milesiplanet.com\/fr\/wp-json\/wp\/v2\/comments?post=5526"}],"version-history":[{"count":0,"href":"https:\/\/milesiplanet.com\/fr\/wp-json\/wp\/v2\/pages\/5526\/revisions"}],"up":[{"embeddable":true,"href":"https:\/\/milesiplanet.com\/fr\/wp-json\/wp\/v2\/pages\/233"}],"wp:featuredmedia":[{"embeddable":true,"href":"https:\/\/milesiplanet.com\/fr\/wp-json\/wp\/v2\/media\/5280"}],"wp:attachment":[{"href":"https:\/\/milesiplanet.com\/fr\/wp-json\/wp\/v2\/media?parent=5526"}],"curies":[{"name":"wp","href":"https:\/\/api.w.org\/{rel}","templated":true}]}}