
{"id":5532,"date":"2020-02-18T18:23:47","date_gmt":"2020-02-18T17:23:47","guid":{"rendered":"http:\/\/milesiplanet.com\/?page_id=5532"},"modified":"2020-02-24T22:17:32","modified_gmt":"2020-02-24T21:17:32","slug":"solutions-pour-exterieur","status":"publish","type":"page","link":"https:\/\/milesiplanet.com\/fr\/solutions-pour-exterieur\/","title":{"rendered":"Solutions pour ext\u00e9rieur"},"content":{"rendered":"<p>Les solutions de vernissage pour ext\u00e9rieur, sp\u00e9ciales bois, en phase aqueuse <strong>Milesi<\/strong>, prot\u00e8gent et garantissent la long\u00e9vit\u00e9 du bois, tout en mettant en relief son veinage\u00a0:<\/p>\n<ul>\n<li>elles pr\u00e9viennent le d\u00e9veloppement de champignons et de moisissures, et \u00e9cartent la menace des bact\u00e9ries et des insectes qui pourraient endommager le bois et en compromettre la stabilit\u00e9 structurelle<\/li>\n<li>elles rendent le bois r\u00e9sistant aux agents climatiques, m\u00eame dans les conditions d\u2019exposition les plus extr\u00eames<\/li>\n<li>elles le prot\u00e8gent contre l\u2019action pr\u00e9judiciable des rayons UV<\/li>\n<\/ul>\n<p>Ces solutions sont id\u00e9ales pour tous les types de bois couramment utilis\u00e9s \u00e0 l\u2019ext\u00e9rieur, et s\u2019adaptent aux cycles de finition les plus divers, ainsi qu\u2019\u00e0 tous les syst\u00e8mes d\u2019application.<br \/>\nElles sont propos\u00e9es en diff\u00e9rents conditionnements.<\/p>\n","protected":false},"excerpt":{"rendered":"<p>Les solutions de vernissage pour ext\u00e9rieur, sp\u00e9ciales bois, en phase aqueuse Milesi, prot\u00e8gent et garantissent la long\u00e9vit\u00e9 du bois, tout en mettant en relief son veinage\u00a0: elles pr\u00e9viennent le d\u00e9veloppement de champignons et de moisissures, et \u00e9cartent la menace des bact\u00e9ries et des insectes qui pourraient endommager le bois et en compromettre la stabilit\u00e9 structurelle [&hellip;]<\/p>\n","protected":false},"author":1,"featured_media":0,"parent":0,"menu_order":164,"comment_status":"closed","ping_status":"closed","template":"esterni.php","meta":{"_acf_changed":false,"footnotes":""},"class_list":["post-5532","page","type-page","status-publish","hentry"],"acf":[],"_links":{"self":[{"href":"https:\/\/milesiplanet.com\/fr\/wp-json\/wp\/v2\/pages\/5532","targetHints":{"allow":["GET"]}}],"collection":[{"href":"https:\/\/milesiplanet.com\/fr\/wp-json\/wp\/v2\/pages"}],"about":[{"href":"https:\/\/milesiplanet.com\/fr\/wp-json\/wp\/v2\/types\/page"}],"author":[{"embeddable":true,"href":"https:\/\/milesiplanet.com\/fr\/wp-json\/wp\/v2\/users\/1"}],"replies":[{"embeddable":true,"href":"https:\/\/milesiplanet.com\/fr\/wp-json\/wp\/v2\/comments?post=5532"}],"version-history":[{"count":0,"href":"https:\/\/milesiplanet.com\/fr\/wp-json\/wp\/v2\/pages\/5532\/revisions"}],"wp:attachment":[{"href":"https:\/\/milesiplanet.com\/fr\/wp-json\/wp\/v2\/media?parent=5532"}],"curies":[{"name":"wp","href":"https:\/\/api.w.org\/{rel}","templated":true}]}}