
{"id":5544,"date":"2020-02-19T13:28:42","date_gmt":"2020-02-19T12:28:42","guid":{"rendered":"http:\/\/milesiplanet.com\/?page_id=5544"},"modified":"2020-03-12T16:49:18","modified_gmt":"2020-03-12T15:49:18","slug":"finitions","status":"publish","type":"page","link":"https:\/\/milesiplanet.com\/fr\/systeme-de-teinture-milesi\/nuanciers-de-couleurs\/finitions\/","title":{"rendered":"Finitions"},"content":{"rendered":"<p>Le tableau montre toutes les combinaisons de couleurs qui peuvent \u00eatre obtenues en recouvrant les impr\u00e9gnations teint\u00e9es par des finitions teint\u00e9es.<\/p>\n<p>&nbsp;<\/p>\n<p><img loading=\"lazy\" decoding=\"async\" class=\"wp-image-7195 alignnone\" src=\"https:\/\/milesiplanet.com\/wp-content\/uploads\/2020\/03\/MVF-Brochure-Milesi-Esterni_tabella-1021x1024.jpg\" alt=\"\" width=\"713\" height=\"715\" srcset=\"https:\/\/milesiplanet.com\/wp-content\/uploads\/2020\/03\/MVF-Brochure-Milesi-Esterni_tabella-1021x1024.jpg 1021w, https:\/\/milesiplanet.com\/wp-content\/uploads\/2020\/03\/MVF-Brochure-Milesi-Esterni_tabella-300x300.jpg 300w, https:\/\/milesiplanet.com\/wp-content\/uploads\/2020\/03\/MVF-Brochure-Milesi-Esterni_tabella-150x150.jpg 150w, https:\/\/milesiplanet.com\/wp-content\/uploads\/2020\/03\/MVF-Brochure-Milesi-Esterni_tabella-768x770.jpg 768w, https:\/\/milesiplanet.com\/wp-content\/uploads\/2020\/03\/MVF-Brochure-Milesi-Esterni_tabella-1531x1536.jpg 1531w, https:\/\/milesiplanet.com\/wp-content\/uploads\/2020\/03\/MVF-Brochure-Milesi-Esterni_tabella-2042x2048.jpg 2042w, https:\/\/milesiplanet.com\/wp-content\/uploads\/2020\/03\/MVF-Brochure-Milesi-Esterni_tabella-600x602.jpg 600w, https:\/\/milesiplanet.com\/wp-content\/uploads\/2020\/03\/MVF-Brochure-Milesi-Esterni_tabella-100x100.jpg 100w\" sizes=\"auto, (max-width: 713px) 100vw, 713px\" \/><\/p>\n<p>&nbsp;<\/p>\n<p>Les couleurs sont pr\u00e9sent\u00e9es sur pin, appliqu\u00e9es en une seule couche.<\/p>\n<p>&nbsp;<\/p>\n","protected":false},"excerpt":{"rendered":"<p>Le tableau montre toutes les combinaisons de couleurs qui peuvent \u00eatre obtenues en recouvrant les impr\u00e9gnations teint\u00e9es par des finitions teint\u00e9es. &nbsp; &nbsp; Les couleurs sont pr\u00e9sent\u00e9es sur pin, appliqu\u00e9es en une seule couche. &nbsp;<\/p>\n","protected":false},"author":1,"featured_media":0,"parent":5471,"menu_order":52,"comment_status":"closed","ping_status":"closed","template":"cartella-colore.php","meta":{"_acf_changed":false,"footnotes":""},"class_list":["post-5544","page","type-page","status-publish","hentry"],"acf":[],"_links":{"self":[{"href":"https:\/\/milesiplanet.com\/fr\/wp-json\/wp\/v2\/pages\/5544","targetHints":{"allow":["GET"]}}],"collection":[{"href":"https:\/\/milesiplanet.com\/fr\/wp-json\/wp\/v2\/pages"}],"about":[{"href":"https:\/\/milesiplanet.com\/fr\/wp-json\/wp\/v2\/types\/page"}],"author":[{"embeddable":true,"href":"https:\/\/milesiplanet.com\/fr\/wp-json\/wp\/v2\/users\/1"}],"replies":[{"embeddable":true,"href":"https:\/\/milesiplanet.com\/fr\/wp-json\/wp\/v2\/comments?post=5544"}],"version-history":[{"count":0,"href":"https:\/\/milesiplanet.com\/fr\/wp-json\/wp\/v2\/pages\/5544\/revisions"}],"up":[{"embeddable":true,"href":"https:\/\/milesiplanet.com\/fr\/wp-json\/wp\/v2\/pages\/5471"}],"wp:attachment":[{"href":"https:\/\/milesiplanet.com\/fr\/wp-json\/wp\/v2\/media?parent=5544"}],"curies":[{"name":"wp","href":"https:\/\/api.w.org\/{rel}","templated":true}]}}