
{"id":87,"date":"2019-12-13T14:21:14","date_gmt":"2019-12-13T13:21:14","guid":{"rendered":"http:\/\/milesiplanet.com\/?page_id=87"},"modified":"2023-07-25T17:03:31","modified_gmt":"2023-07-25T15:03:31","slug":"page-daccueil","status":"publish","type":"page","link":"https:\/\/milesiplanet.com\/fr\/","title":{"rendered":"Page d&#8217;accueil"},"content":{"rendered":"<p>Espace d\u00e9di\u00e9 \u00e0 nos distributeurs<\/p>\n<p>&nbsp;<\/p>\n","protected":false},"excerpt":{"rendered":"<p>Espace d\u00e9di\u00e9 \u00e0 nos distributeurs &nbsp;<\/p>\n","protected":false},"author":1,"featured_media":5164,"parent":0,"menu_order":5,"comment_status":"closed","ping_status":"closed","template":"home.php","meta":{"_acf_changed":false,"footnotes":""},"class_list":["post-87","page","type-page","status-publish","has-post-thumbnail","hentry"],"acf":[],"_links":{"self":[{"href":"https:\/\/milesiplanet.com\/fr\/wp-json\/wp\/v2\/pages\/87","targetHints":{"allow":["GET"]}}],"collection":[{"href":"https:\/\/milesiplanet.com\/fr\/wp-json\/wp\/v2\/pages"}],"about":[{"href":"https:\/\/milesiplanet.com\/fr\/wp-json\/wp\/v2\/types\/page"}],"author":[{"embeddable":true,"href":"https:\/\/milesiplanet.com\/fr\/wp-json\/wp\/v2\/users\/1"}],"replies":[{"embeddable":true,"href":"https:\/\/milesiplanet.com\/fr\/wp-json\/wp\/v2\/comments?post=87"}],"version-history":[{"count":1,"href":"https:\/\/milesiplanet.com\/fr\/wp-json\/wp\/v2\/pages\/87\/revisions"}],"predecessor-version":[{"id":13287,"href":"https:\/\/milesiplanet.com\/fr\/wp-json\/wp\/v2\/pages\/87\/revisions\/13287"}],"wp:featuredmedia":[{"embeddable":true,"href":"https:\/\/milesiplanet.com\/fr\/wp-json\/wp\/v2\/media\/5164"}],"wp:attachment":[{"href":"https:\/\/milesiplanet.com\/fr\/wp-json\/wp\/v2\/media?parent=87"}],"curies":[{"name":"wp","href":"https:\/\/api.w.org\/{rel}","templated":true}]}}