
{"id":10310,"date":"2020-10-16T09:57:24","date_gmt":"2020-10-16T07:57:24","guid":{"rendered":"http:\/\/milesiplanet.com\/?post_type=product&#038;p=10310"},"modified":"2020-10-28T16:20:06","modified_gmt":"2020-10-28T15:20:06","slug":"ygc6aa4g","status":"publish","type":"product","link":"https:\/\/milesiplanet.com\/fr\/prodotto\/solutions-dexterieur\/solutions-dexterieur-finition\/solutions-dexterieur-finition-finitions-a-base-de-solvant\/ygc6aa4g\/","title":{"rendered":"YGC6AA4G"},"content":{"rendered":"<p><span lang=\"FR\">Finition synth\u00e9tique, tr\u00e8s bonne verticalit\u00e9.<\/span><\/p>\n","protected":false},"excerpt":{"rendered":"<p>Finition synth\u00e9tique, tr\u00e8s bonne verticalit\u00e9.<\/p>\n","protected":false},"featured_media":0,"template":"","meta":{"_acf_changed":false},"product_brand":[],"product_cat":[287,288,353,626],"product_tag":[],"class_list":{"0":"post-10310","1":"product","2":"type-product","3":"status-publish","5":"product_cat-solutions-dexterieur","6":"product_cat-solutions-dexterieur-finition-finitions-a-base-de-solvant","7":"product_cat-solutions-dexterieur-finition","8":"product_cat-africa-fr","10":"first","11":"instock","12":"shipping-taxable","13":"product-type-simple"},"acf":[],"_links":{"self":[{"href":"https:\/\/milesiplanet.com\/fr\/wp-json\/wp\/v2\/product\/10310","targetHints":{"allow":["GET"]}}],"collection":[{"href":"https:\/\/milesiplanet.com\/fr\/wp-json\/wp\/v2\/product"}],"about":[{"href":"https:\/\/milesiplanet.com\/fr\/wp-json\/wp\/v2\/types\/product"}],"wp:attachment":[{"href":"https:\/\/milesiplanet.com\/fr\/wp-json\/wp\/v2\/media?parent=10310"}],"wp:term":[{"taxonomy":"product_brand","embeddable":true,"href":"https:\/\/milesiplanet.com\/fr\/wp-json\/wp\/v2\/product_brand?post=10310"},{"taxonomy":"product_cat","embeddable":true,"href":"https:\/\/milesiplanet.com\/fr\/wp-json\/wp\/v2\/product_cat?post=10310"},{"taxonomy":"product_tag","embeddable":true,"href":"https:\/\/milesiplanet.com\/fr\/wp-json\/wp\/v2\/product_tag?post=10310"}],"curies":[{"name":"wp","href":"https:\/\/api.w.org\/{rel}","templated":true}]}}