
{"id":10316,"date":"2020-10-16T10:39:21","date_gmt":"2020-10-16T08:39:21","guid":{"rendered":"http:\/\/milesiplanet.com\/?post_type=product&#038;p=10316"},"modified":"2020-10-30T14:18:24","modified_gmt":"2020-10-30T13:18:24","slug":"xgc19849","status":"publish","type":"product","link":"https:\/\/milesiplanet.com\/fr\/prodotto\/solutions-dexterieur\/solutions-dexterieur-finition\/solutions-dexterieur-finition-finitions-a-base-deau\/xgc19849\/","title":{"rendered":"XGC19849"},"content":{"rendered":"<p><span lang=\"FR\">Finitions \u00e0 l&#8217;eau, sp\u00e9cifique pore ouvert, tr\u00e8s bon tendu.<\/span><\/p>\n","protected":false},"excerpt":{"rendered":"<p>Finitions \u00e0 l&#8217;eau, sp\u00e9cifique pore ouvert, tr\u00e8s bon tendu.<\/p>\n","protected":false},"featured_media":0,"template":"","meta":{"_acf_changed":false},"product_brand":[],"product_cat":[287,300,353,698],"product_tag":[],"class_list":{"0":"post-10316","1":"product","2":"type-product","3":"status-publish","5":"product_cat-solutions-dexterieur","6":"product_cat-solutions-dexterieur-finition-finitions-a-base-deau","7":"product_cat-solutions-dexterieur-finition","8":"product_cat-mvf-fr","10":"first","11":"instock","12":"shipping-taxable","13":"product-type-simple"},"acf":[],"_links":{"self":[{"href":"https:\/\/milesiplanet.com\/fr\/wp-json\/wp\/v2\/product\/10316","targetHints":{"allow":["GET"]}}],"collection":[{"href":"https:\/\/milesiplanet.com\/fr\/wp-json\/wp\/v2\/product"}],"about":[{"href":"https:\/\/milesiplanet.com\/fr\/wp-json\/wp\/v2\/types\/product"}],"wp:attachment":[{"href":"https:\/\/milesiplanet.com\/fr\/wp-json\/wp\/v2\/media?parent=10316"}],"wp:term":[{"taxonomy":"product_brand","embeddable":true,"href":"https:\/\/milesiplanet.com\/fr\/wp-json\/wp\/v2\/product_brand?post=10316"},{"taxonomy":"product_cat","embeddable":true,"href":"https:\/\/milesiplanet.com\/fr\/wp-json\/wp\/v2\/product_cat?post=10316"},{"taxonomy":"product_tag","embeddable":true,"href":"https:\/\/milesiplanet.com\/fr\/wp-json\/wp\/v2\/product_tag?post=10316"}],"curies":[{"name":"wp","href":"https:\/\/api.w.org\/{rel}","templated":true}]}}