
{"id":10317,"date":"2020-10-16T10:58:07","date_gmt":"2020-10-16T08:58:07","guid":{"rendered":"http:\/\/milesiplanet.com\/?post_type=product&#038;p=10317"},"modified":"2020-11-09T14:22:29","modified_gmt":"2020-11-09T13:22:29","slug":"xgc1900x-serie-gloss-color-system","status":"publish","type":"product","link":"https:\/\/milesiplanet.com\/fr\/prodotto\/pour-exterieur\/pour-exterieur-finition\/pour-exterieur-finition-finition-a-leau\/xgc1900x-serie-gloss-color-system\/","title":{"rendered":"XGC1900x S\u00e9rie Gloss &#8211; Color System"},"content":{"rendered":"<p>Finitions en phase aqueuse, perm\u00e9abilit\u00e9 maximale ???<\/p>\n","protected":false},"excerpt":{"rendered":"<p>Finitions en phase aqueuse, perm\u00e9abilit\u00e9 maximale ???<\/p>\n","protected":false},"featured_media":0,"template":"","meta":{"_acf_changed":false},"product_brand":[],"product_cat":[330,335,336,626],"product_tag":[],"class_list":{"0":"post-10317","1":"product","2":"type-product","3":"status-publish","5":"product_cat-pour-exterieur","6":"product_cat-pour-exterieur-finition","7":"product_cat-pour-exterieur-finition-finition-a-leau","8":"product_cat-africa-fr","10":"first","11":"instock","12":"shipping-taxable","13":"product-type-simple"},"acf":[],"_links":{"self":[{"href":"https:\/\/milesiplanet.com\/fr\/wp-json\/wp\/v2\/product\/10317","targetHints":{"allow":["GET"]}}],"collection":[{"href":"https:\/\/milesiplanet.com\/fr\/wp-json\/wp\/v2\/product"}],"about":[{"href":"https:\/\/milesiplanet.com\/fr\/wp-json\/wp\/v2\/types\/product"}],"wp:attachment":[{"href":"https:\/\/milesiplanet.com\/fr\/wp-json\/wp\/v2\/media?parent=10317"}],"wp:term":[{"taxonomy":"product_brand","embeddable":true,"href":"https:\/\/milesiplanet.com\/fr\/wp-json\/wp\/v2\/product_brand?post=10317"},{"taxonomy":"product_cat","embeddable":true,"href":"https:\/\/milesiplanet.com\/fr\/wp-json\/wp\/v2\/product_cat?post=10317"},{"taxonomy":"product_tag","embeddable":true,"href":"https:\/\/milesiplanet.com\/fr\/wp-json\/wp\/v2\/product_tag?post=10317"}],"curies":[{"name":"wp","href":"https:\/\/api.w.org\/{rel}","templated":true}]}}