
{"id":10318,"date":"2020-02-26T18:12:43","date_gmt":"2020-02-26T17:12:43","guid":{"rendered":"http:\/\/milesiplanet.com\/prodotto\/uncategorized\/xgcfaa38\/"},"modified":"2023-09-26T16:28:42","modified_gmt":"2023-09-26T14:28:42","slug":"xgcfaa38","status":"publish","type":"product","link":"https:\/\/milesiplanet.com\/fr\/prodotto\/solutions-dexterieur\/solutions-dexterieur-finition\/solutions-dexterieur-finition-finitions-a-base-deau\/xgcfaa38\/","title":{"rendered":"XGCFAA38"},"content":{"rendered":"<p>Finition hydro, effet naturel, avec de bonnes propri\u00e9t\u00e9s d&#8217;impermeabilit\u00e9 \u00e0 l&#8217;eau.<\/p>\n","protected":false},"excerpt":{"rendered":"<p>Finition hydro, effet naturel, avec de bonnes propri\u00e9t\u00e9s d&#8217;impermeabilit\u00e9 \u00e0 l&#8217;eau.<\/p>\n","protected":false},"featured_media":0,"template":"","meta":{"_acf_changed":false},"product_brand":[],"product_cat":[287,300,353,698],"product_tag":[],"class_list":{"0":"post-10318","1":"product","2":"type-product","3":"status-publish","5":"product_cat-solutions-dexterieur","6":"product_cat-solutions-dexterieur-finition-finitions-a-base-deau","7":"product_cat-solutions-dexterieur-finition","8":"product_cat-mvf-fr","10":"first","11":"instock","12":"shipping-taxable","13":"product-type-simple"},"acf":[],"_links":{"self":[{"href":"https:\/\/milesiplanet.com\/fr\/wp-json\/wp\/v2\/product\/10318","targetHints":{"allow":["GET"]}}],"collection":[{"href":"https:\/\/milesiplanet.com\/fr\/wp-json\/wp\/v2\/product"}],"about":[{"href":"https:\/\/milesiplanet.com\/fr\/wp-json\/wp\/v2\/types\/product"}],"wp:attachment":[{"href":"https:\/\/milesiplanet.com\/fr\/wp-json\/wp\/v2\/media?parent=10318"}],"wp:term":[{"taxonomy":"product_brand","embeddable":true,"href":"https:\/\/milesiplanet.com\/fr\/wp-json\/wp\/v2\/product_brand?post=10318"},{"taxonomy":"product_cat","embeddable":true,"href":"https:\/\/milesiplanet.com\/fr\/wp-json\/wp\/v2\/product_cat?post=10318"},{"taxonomy":"product_tag","embeddable":true,"href":"https:\/\/milesiplanet.com\/fr\/wp-json\/wp\/v2\/product_tag?post=10318"}],"curies":[{"name":"wp","href":"https:\/\/api.w.org\/{rel}","templated":true}]}}