
{"id":10319,"date":"2020-10-16T15:43:10","date_gmt":"2020-10-16T13:43:10","guid":{"rendered":"http:\/\/milesiplanet.com\/?post_type=product&#038;p=10319"},"modified":"2023-09-25T16:24:05","modified_gmt":"2023-09-25T14:24:05","slug":"xbt24958","status":"publish","type":"product","link":"https:\/\/milesiplanet.com\/fr\/prodotto\/solutions-dexterieur\/solutions-dexterieur-enduit\/fonds-a-base-deau\/xbt24958\/","title":{"rendered":"XBT24958"},"content":{"rendered":"<p>Fond hydro, avec d&#8217;excellentes propri\u00e9t\u00e9s isolantes et d&#8217;\u00e9lasticit\u00e9.<\/p>\n","protected":false},"excerpt":{"rendered":"<p>Fond hydro, avec d&#8217;excellentes propri\u00e9t\u00e9s isolantes et d&#8217;\u00e9lasticit\u00e9.<\/p>\n","protected":false},"featured_media":0,"template":"","meta":{"_acf_changed":false},"product_brand":[],"product_cat":[287,303,352,698],"product_tag":[],"class_list":{"0":"post-10319","1":"product","2":"type-product","3":"status-publish","5":"product_cat-solutions-dexterieur","6":"product_cat-fonds-a-base-deau","7":"product_cat-solutions-dexterieur-enduit","8":"product_cat-mvf-fr","10":"first","11":"instock","12":"shipping-taxable","13":"product-type-simple"},"acf":[],"_links":{"self":[{"href":"https:\/\/milesiplanet.com\/fr\/wp-json\/wp\/v2\/product\/10319","targetHints":{"allow":["GET"]}}],"collection":[{"href":"https:\/\/milesiplanet.com\/fr\/wp-json\/wp\/v2\/product"}],"about":[{"href":"https:\/\/milesiplanet.com\/fr\/wp-json\/wp\/v2\/types\/product"}],"wp:attachment":[{"href":"https:\/\/milesiplanet.com\/fr\/wp-json\/wp\/v2\/media?parent=10319"}],"wp:term":[{"taxonomy":"product_brand","embeddable":true,"href":"https:\/\/milesiplanet.com\/fr\/wp-json\/wp\/v2\/product_brand?post=10319"},{"taxonomy":"product_cat","embeddable":true,"href":"https:\/\/milesiplanet.com\/fr\/wp-json\/wp\/v2\/product_cat?post=10319"},{"taxonomy":"product_tag","embeddable":true,"href":"https:\/\/milesiplanet.com\/fr\/wp-json\/wp\/v2\/product_tag?post=10319"}],"curies":[{"name":"wp","href":"https:\/\/api.w.org\/{rel}","templated":true}]}}