
{"id":10321,"date":"2020-01-09T14:35:08","date_gmt":"2020-01-09T13:35:08","guid":{"rendered":"http:\/\/milesiplanet.com\/prodotto\/uncategorized\/xhc6\/"},"modified":"2023-09-26T17:11:43","modified_gmt":"2023-09-26T15:11:43","slug":"xhc6","status":"publish","type":"product","link":"https:\/\/milesiplanet.com\/fr\/prodotto\/solutions-dexterieur\/solutions-dexterieur-impregnant\/solutions-dexterieur-impregnant-impregnant-a-leau\/xhc6\/","title":{"rendered":"XHC6"},"content":{"rendered":"<p>Impr\u00e9gnation hydro cir\u00e9e, \u00e0 l&#8217;excellente facilit\u00e9 d&#8217;utilisation<\/p>\n","protected":false},"excerpt":{"rendered":"<p>Impr\u00e9gnation hydro cir\u00e9e, \u00e0 l&#8217;excellente facilit\u00e9 d&#8217;utilisation<\/p>\n","protected":false},"featured_media":0,"template":"","meta":{"_acf_changed":false},"product_brand":[],"product_cat":[698,287,312,313],"product_tag":[],"class_list":{"0":"post-10321","1":"product","2":"type-product","3":"status-publish","5":"product_cat-mvf-fr","6":"product_cat-solutions-dexterieur","7":"product_cat-solutions-dexterieur-impregnant","8":"product_cat-solutions-dexterieur-impregnant-impregnant-a-leau","10":"first","11":"instock","12":"shipping-taxable","13":"product-type-simple"},"acf":[],"_links":{"self":[{"href":"https:\/\/milesiplanet.com\/fr\/wp-json\/wp\/v2\/product\/10321","targetHints":{"allow":["GET"]}}],"collection":[{"href":"https:\/\/milesiplanet.com\/fr\/wp-json\/wp\/v2\/product"}],"about":[{"href":"https:\/\/milesiplanet.com\/fr\/wp-json\/wp\/v2\/types\/product"}],"wp:attachment":[{"href":"https:\/\/milesiplanet.com\/fr\/wp-json\/wp\/v2\/media?parent=10321"}],"wp:term":[{"taxonomy":"product_brand","embeddable":true,"href":"https:\/\/milesiplanet.com\/fr\/wp-json\/wp\/v2\/product_brand?post=10321"},{"taxonomy":"product_cat","embeddable":true,"href":"https:\/\/milesiplanet.com\/fr\/wp-json\/wp\/v2\/product_cat?post=10321"},{"taxonomy":"product_tag","embeddable":true,"href":"https:\/\/milesiplanet.com\/fr\/wp-json\/wp\/v2\/product_tag?post=10321"}],"curies":[{"name":"wp","href":"https:\/\/api.w.org\/{rel}","templated":true}]}}