
{"id":13372,"date":"2023-11-17T10:37:03","date_gmt":"2023-11-17T09:37:03","guid":{"rendered":"https:\/\/milesiplanet.com\/?post_type=product&#038;p=13372"},"modified":"2023-11-22T16:58:29","modified_gmt":"2023-11-22T15:58:29","slug":"xbtf01-prova","status":"publish","type":"product","link":"https:\/\/milesiplanet.com\/fr\/prodotto\/solutions-dexterieur\/solutions-dexterieur-enduit\/fonds-a-base-deau\/xbtf01-prova\/","title":{"rendered":"XBTF01"},"content":{"rendered":"<p>Fond \u00e0 eau, \u00e0 l&#8217;excellente tension superficielle et bon \u00e9grenage<\/p>\n","protected":false},"excerpt":{"rendered":"<p>Fond \u00e0 eau, \u00e0 l&#8217;excellente tension superficielle et bon \u00e9grenage<\/p>\n","protected":false},"featured_media":0,"template":"","meta":{"_acf_changed":false},"product_brand":[],"product_cat":[287,303,352,698],"product_tag":[],"class_list":{"0":"post-13372","1":"product","2":"type-product","3":"status-publish","5":"product_cat-solutions-dexterieur","6":"product_cat-fonds-a-base-deau","7":"product_cat-solutions-dexterieur-enduit","8":"product_cat-mvf-fr","10":"first","11":"instock","12":"shipping-taxable","13":"product-type-simple"},"acf":[],"_links":{"self":[{"href":"https:\/\/milesiplanet.com\/fr\/wp-json\/wp\/v2\/product\/13372","targetHints":{"allow":["GET"]}}],"collection":[{"href":"https:\/\/milesiplanet.com\/fr\/wp-json\/wp\/v2\/product"}],"about":[{"href":"https:\/\/milesiplanet.com\/fr\/wp-json\/wp\/v2\/types\/product"}],"wp:attachment":[{"href":"https:\/\/milesiplanet.com\/fr\/wp-json\/wp\/v2\/media?parent=13372"}],"wp:term":[{"taxonomy":"product_brand","embeddable":true,"href":"https:\/\/milesiplanet.com\/fr\/wp-json\/wp\/v2\/product_brand?post=13372"},{"taxonomy":"product_cat","embeddable":true,"href":"https:\/\/milesiplanet.com\/fr\/wp-json\/wp\/v2\/product_cat?post=13372"},{"taxonomy":"product_tag","embeddable":true,"href":"https:\/\/milesiplanet.com\/fr\/wp-json\/wp\/v2\/product_tag?post=13372"}],"curies":[{"name":"wp","href":"https:\/\/api.w.org\/{rel}","templated":true}]}}