
{"id":13375,"date":"2023-11-22T16:20:54","date_gmt":"2023-11-22T15:20:54","guid":{"rendered":"https:\/\/milesiplanet.com\/?post_type=product&#038;p=13375"},"modified":"2023-11-22T16:24:20","modified_gmt":"2023-11-22T15:24:20","slug":"xbc2","status":"publish","type":"product","link":"https:\/\/milesiplanet.com\/fr\/prodotto\/solutions-dexterieur\/solutions-dexterieur-enduit\/fonds-a-base-deau\/xbc2\/","title":{"rendered":"XBC2"},"content":{"rendered":"<p>Fond hydro, \u00e0 bonne verticalit\u00e9. Certifii\u00e9 Resistance Outdoor WKI 2022.<\/p>\n","protected":false},"excerpt":{"rendered":"<p>Fond hydro, \u00e0 bonne verticalit\u00e9. Certifii\u00e9 Resistance Outdoor WKI 2022.<\/p>\n","protected":false},"featured_media":0,"template":"","meta":{"_acf_changed":false},"product_brand":[],"product_cat":[698,287,303,352],"product_tag":[],"class_list":{"0":"post-13375","1":"product","2":"type-product","3":"status-publish","5":"product_cat-mvf-fr","6":"product_cat-solutions-dexterieur","7":"product_cat-fonds-a-base-deau","8":"product_cat-solutions-dexterieur-enduit","10":"first","11":"instock","12":"shipping-taxable","13":"product-type-simple"},"acf":[],"_links":{"self":[{"href":"https:\/\/milesiplanet.com\/fr\/wp-json\/wp\/v2\/product\/13375","targetHints":{"allow":["GET"]}}],"collection":[{"href":"https:\/\/milesiplanet.com\/fr\/wp-json\/wp\/v2\/product"}],"about":[{"href":"https:\/\/milesiplanet.com\/fr\/wp-json\/wp\/v2\/types\/product"}],"wp:attachment":[{"href":"https:\/\/milesiplanet.com\/fr\/wp-json\/wp\/v2\/media?parent=13375"}],"wp:term":[{"taxonomy":"product_brand","embeddable":true,"href":"https:\/\/milesiplanet.com\/fr\/wp-json\/wp\/v2\/product_brand?post=13375"},{"taxonomy":"product_cat","embeddable":true,"href":"https:\/\/milesiplanet.com\/fr\/wp-json\/wp\/v2\/product_cat?post=13375"},{"taxonomy":"product_tag","embeddable":true,"href":"https:\/\/milesiplanet.com\/fr\/wp-json\/wp\/v2\/product_tag?post=13375"}],"curies":[{"name":"wp","href":"https:\/\/api.w.org\/{rel}","templated":true}]}}