
{"id":5447,"date":"2020-01-14T12:23:23","date_gmt":"2020-01-14T11:23:23","guid":{"rendered":"http:\/\/milesiplanet.com\/prodotto\/uncategorized\/xgt06x-serie-gloss\/"},"modified":"2023-09-26T16:32:40","modified_gmt":"2023-09-26T14:32:40","slug":"xgt06x-serie-gloss","status":"publish","type":"product","link":"https:\/\/milesiplanet.com\/fr\/prodotto\/solutions-dexterieur\/all-in-one-tout-en-un\/xgt06x-serie-gloss\/","title":{"rendered":"XGT06x S\u00e9rie Gloss"},"content":{"rendered":"<p>Produits hydro 3X 1 qui peuvent remplacer l&#8217;impr\u00e9gnation, le fond et la finition. Excellente facilt\u00e9 d&#8217;application, bon pouvoir garnissant<\/p>\n","protected":false},"excerpt":{"rendered":"<p>Produits hydro 3X 1 qui peuvent remplacer l&#8217;impr\u00e9gnation, le fond et la finition. Excellente facilt\u00e9 d&#8217;application, bon pouvoir garnissant<\/p>\n","protected":false},"featured_media":0,"template":"","meta":{"_acf_changed":false},"product_brand":[],"product_cat":[286,287,698],"product_tag":[],"class_list":{"0":"post-5447","1":"product","2":"type-product","3":"status-publish","5":"product_cat-all-in-one-tout-en-un","6":"product_cat-solutions-dexterieur","7":"product_cat-mvf-fr","9":"first","10":"instock","11":"shipping-taxable","12":"product-type-simple"},"acf":[],"_links":{"self":[{"href":"https:\/\/milesiplanet.com\/fr\/wp-json\/wp\/v2\/product\/5447","targetHints":{"allow":["GET"]}}],"collection":[{"href":"https:\/\/milesiplanet.com\/fr\/wp-json\/wp\/v2\/product"}],"about":[{"href":"https:\/\/milesiplanet.com\/fr\/wp-json\/wp\/v2\/types\/product"}],"wp:attachment":[{"href":"https:\/\/milesiplanet.com\/fr\/wp-json\/wp\/v2\/media?parent=5447"}],"wp:term":[{"taxonomy":"product_brand","embeddable":true,"href":"https:\/\/milesiplanet.com\/fr\/wp-json\/wp\/v2\/product_brand?post=5447"},{"taxonomy":"product_cat","embeddable":true,"href":"https:\/\/milesiplanet.com\/fr\/wp-json\/wp\/v2\/product_cat?post=5447"},{"taxonomy":"product_tag","embeddable":true,"href":"https:\/\/milesiplanet.com\/fr\/wp-json\/wp\/v2\/product_tag?post=5447"}],"curies":[{"name":"wp","href":"https:\/\/api.w.org\/{rel}","templated":true}]}}