
{"id":5499,"date":"2020-01-13T16:02:58","date_gmt":"2020-01-13T15:02:58","guid":{"rendered":"http:\/\/milesiplanet.com\/prodotto\/uncategorized\/xgc100x-serie-gloss\/"},"modified":"2020-10-30T14:15:56","modified_gmt":"2020-10-30T13:15:56","slug":"xgc100x-serie-gloss","status":"publish","type":"product","link":"https:\/\/milesiplanet.com\/fr\/prodotto\/solutions-dexterieur\/solutions-dexterieur-finition\/solutions-dexterieur-finition-finitions-a-base-deau\/xgc100x-serie-gloss\/","title":{"rendered":"XGC100x S\u00e9rie Gloss"},"content":{"rendered":"<p>Finitions \u00e0 l&#8217;eau sp\u00e9cifique pour cycles semi-transparents, excellente r\u00e9sistance au jaunissement.<\/p>\n","protected":false},"excerpt":{"rendered":"<p>Finitions \u00e0 l&#8217;eau sp\u00e9cifique pour cycles semi-transparents, excellente r\u00e9sistance au jaunissement.<\/p>\n","protected":false},"featured_media":0,"template":"","meta":{"_acf_changed":false},"product_brand":[],"product_cat":[287,300,353,698],"product_tag":[],"class_list":{"0":"post-5499","1":"product","2":"type-product","3":"status-publish","5":"product_cat-solutions-dexterieur","6":"product_cat-solutions-dexterieur-finition-finitions-a-base-deau","7":"product_cat-solutions-dexterieur-finition","8":"product_cat-mvf-fr","10":"first","11":"instock","12":"shipping-taxable","13":"product-type-simple"},"acf":[],"_links":{"self":[{"href":"https:\/\/milesiplanet.com\/fr\/wp-json\/wp\/v2\/product\/5499","targetHints":{"allow":["GET"]}}],"collection":[{"href":"https:\/\/milesiplanet.com\/fr\/wp-json\/wp\/v2\/product"}],"about":[{"href":"https:\/\/milesiplanet.com\/fr\/wp-json\/wp\/v2\/types\/product"}],"wp:attachment":[{"href":"https:\/\/milesiplanet.com\/fr\/wp-json\/wp\/v2\/media?parent=5499"}],"wp:term":[{"taxonomy":"product_brand","embeddable":true,"href":"https:\/\/milesiplanet.com\/fr\/wp-json\/wp\/v2\/product_brand?post=5499"},{"taxonomy":"product_cat","embeddable":true,"href":"https:\/\/milesiplanet.com\/fr\/wp-json\/wp\/v2\/product_cat?post=5499"},{"taxonomy":"product_tag","embeddable":true,"href":"https:\/\/milesiplanet.com\/fr\/wp-json\/wp\/v2\/product_tag?post=5499"}],"curies":[{"name":"wp","href":"https:\/\/api.w.org\/{rel}","templated":true}]}}