
{"id":5515,"date":"2020-01-13T15:53:56","date_gmt":"2020-01-13T14:53:56","guid":{"rendered":"http:\/\/milesiplanet.com\/prodotto\/uncategorized\/xgc6a99x-serie-gloss\/"},"modified":"2023-09-26T16:19:33","modified_gmt":"2023-09-26T14:19:33","slug":"xgc6a99x-serie-gloss","status":"publish","type":"product","link":"https:\/\/milesiplanet.com\/fr\/prodotto\/solutions-dexterieur\/solutions-dexterieur-finition\/solutions-dexterieur-finition-finitions-a-base-deau\/xgc6a99x-serie-gloss\/","title":{"rendered":"XGC6A99x S\u00e9rie Gloss"},"content":{"rendered":"<p><span lang=\"FR\">Finition hydro, \u00e0 l&#8217;excellente perm\u00e9abilit\u00e9<\/span><\/p>\n","protected":false},"excerpt":{"rendered":"<p>Finition hydro, \u00e0 l&#8217;excellente perm\u00e9abilit\u00e9<\/p>\n","protected":false},"featured_media":0,"template":"","meta":{"_acf_changed":false},"product_brand":[],"product_cat":[287,300,353,698],"product_tag":[],"class_list":{"0":"post-5515","1":"product","2":"type-product","3":"status-publish","5":"product_cat-solutions-dexterieur","6":"product_cat-solutions-dexterieur-finition-finitions-a-base-deau","7":"product_cat-solutions-dexterieur-finition","8":"product_cat-mvf-fr","10":"first","11":"instock","12":"shipping-taxable","13":"product-type-simple"},"acf":[],"_links":{"self":[{"href":"https:\/\/milesiplanet.com\/fr\/wp-json\/wp\/v2\/product\/5515","targetHints":{"allow":["GET"]}}],"collection":[{"href":"https:\/\/milesiplanet.com\/fr\/wp-json\/wp\/v2\/product"}],"about":[{"href":"https:\/\/milesiplanet.com\/fr\/wp-json\/wp\/v2\/types\/product"}],"wp:attachment":[{"href":"https:\/\/milesiplanet.com\/fr\/wp-json\/wp\/v2\/media?parent=5515"}],"wp:term":[{"taxonomy":"product_brand","embeddable":true,"href":"https:\/\/milesiplanet.com\/fr\/wp-json\/wp\/v2\/product_brand?post=5515"},{"taxonomy":"product_cat","embeddable":true,"href":"https:\/\/milesiplanet.com\/fr\/wp-json\/wp\/v2\/product_cat?post=5515"},{"taxonomy":"product_tag","embeddable":true,"href":"https:\/\/milesiplanet.com\/fr\/wp-json\/wp\/v2\/product_tag?post=5515"}],"curies":[{"name":"wp","href":"https:\/\/api.w.org\/{rel}","templated":true}]}}