
{"id":5537,"date":"2020-01-13T11:56:52","date_gmt":"2020-01-13T10:56:52","guid":{"rendered":"http:\/\/milesiplanet.com\/prodotto\/uncategorized\/xbt10\/"},"modified":"2023-09-25T16:27:36","modified_gmt":"2023-09-25T14:27:36","slug":"xbt10","status":"publish","type":"product","link":"https:\/\/milesiplanet.com\/fr\/prodotto\/solutions-dexterieur\/solutions-dexterieur-enduit\/fonds-a-base-deau\/xbt10\/","title":{"rendered":"XBT10"},"content":{"rendered":"<p>Fond hydro, avec d&#8217;excellentes propri\u00e9t\u00e9s comme le pouvoir couvrant et l&#8217;\u00e9grenage facile.<\/p>\n","protected":false},"excerpt":{"rendered":"<p>Fond hydro, avec d&#8217;excellentes propri\u00e9t\u00e9s comme le pouvoir couvrant et l&#8217;\u00e9grenage facile.<\/p>\n","protected":false},"featured_media":0,"template":"","meta":{"_acf_changed":false},"product_brand":[],"product_cat":[287,303,352,626,698],"product_tag":[],"class_list":{"0":"post-5537","1":"product","2":"type-product","3":"status-publish","5":"product_cat-solutions-dexterieur","6":"product_cat-fonds-a-base-deau","7":"product_cat-solutions-dexterieur-enduit","8":"product_cat-africa-fr","9":"product_cat-mvf-fr","11":"first","12":"instock","13":"shipping-taxable","14":"product-type-simple"},"acf":[],"_links":{"self":[{"href":"https:\/\/milesiplanet.com\/fr\/wp-json\/wp\/v2\/product\/5537","targetHints":{"allow":["GET"]}}],"collection":[{"href":"https:\/\/milesiplanet.com\/fr\/wp-json\/wp\/v2\/product"}],"about":[{"href":"https:\/\/milesiplanet.com\/fr\/wp-json\/wp\/v2\/types\/product"}],"wp:attachment":[{"href":"https:\/\/milesiplanet.com\/fr\/wp-json\/wp\/v2\/media?parent=5537"}],"wp:term":[{"taxonomy":"product_brand","embeddable":true,"href":"https:\/\/milesiplanet.com\/fr\/wp-json\/wp\/v2\/product_brand?post=5537"},{"taxonomy":"product_cat","embeddable":true,"href":"https:\/\/milesiplanet.com\/fr\/wp-json\/wp\/v2\/product_cat?post=5537"},{"taxonomy":"product_tag","embeddable":true,"href":"https:\/\/milesiplanet.com\/fr\/wp-json\/wp\/v2\/product_tag?post=5537"}],"curies":[{"name":"wp","href":"https:\/\/api.w.org\/{rel}","templated":true}]}}