
{"id":5538,"date":"2020-01-13T14:24:12","date_gmt":"2020-01-13T13:24:12","guid":{"rendered":"http:\/\/milesiplanet.com\/prodotto\/uncategorized\/xbt6aa1\/"},"modified":"2023-09-26T15:58:17","modified_gmt":"2023-09-26T13:58:17","slug":"xbt6aa1","status":"publish","type":"product","link":"https:\/\/milesiplanet.com\/fr\/prodotto\/solutions-dexterieur\/solutions-dexterieur-enduit\/fonds-a-base-deau\/xbt6aa1\/","title":{"rendered":"XBT6AA1"},"content":{"rendered":"<p>Fond hydro, \u00e0 l&#8217;excellente verticalit\u00e9 et pouvoir isolant. Certifii\u00e9 Resistance Outdoor WKI 2022.<\/p>\n","protected":false},"excerpt":{"rendered":"<p>Fond hydro, \u00e0 l&#8217;excellente verticalit\u00e9 et pouvoir isolant. Certifii\u00e9 Resistance Outdoor WKI 2022.<\/p>\n","protected":false},"featured_media":0,"template":"","meta":{"_acf_changed":false},"product_brand":[],"product_cat":[287,303,352,698],"product_tag":[],"class_list":{"0":"post-5538","1":"product","2":"type-product","3":"status-publish","5":"product_cat-solutions-dexterieur","6":"product_cat-fonds-a-base-deau","7":"product_cat-solutions-dexterieur-enduit","8":"product_cat-mvf-fr","10":"first","11":"instock","12":"shipping-taxable","13":"product-type-simple"},"acf":[],"_links":{"self":[{"href":"https:\/\/milesiplanet.com\/fr\/wp-json\/wp\/v2\/product\/5538","targetHints":{"allow":["GET"]}}],"collection":[{"href":"https:\/\/milesiplanet.com\/fr\/wp-json\/wp\/v2\/product"}],"about":[{"href":"https:\/\/milesiplanet.com\/fr\/wp-json\/wp\/v2\/types\/product"}],"wp:attachment":[{"href":"https:\/\/milesiplanet.com\/fr\/wp-json\/wp\/v2\/media?parent=5538"}],"wp:term":[{"taxonomy":"product_brand","embeddable":true,"href":"https:\/\/milesiplanet.com\/fr\/wp-json\/wp\/v2\/product_brand?post=5538"},{"taxonomy":"product_cat","embeddable":true,"href":"https:\/\/milesiplanet.com\/fr\/wp-json\/wp\/v2\/product_cat?post=5538"},{"taxonomy":"product_tag","embeddable":true,"href":"https:\/\/milesiplanet.com\/fr\/wp-json\/wp\/v2\/product_tag?post=5538"}],"curies":[{"name":"wp","href":"https:\/\/api.w.org\/{rel}","templated":true}]}}