
{"id":5558,"date":"2020-01-09T11:43:31","date_gmt":"2020-01-09T10:43:31","guid":{"rendered":"http:\/\/milesiplanet.com\/prodotto\/uncategorized\/xhc5\/"},"modified":"2023-09-27T10:29:25","modified_gmt":"2023-09-27T08:29:25","slug":"xhc5","status":"publish","type":"product","link":"https:\/\/milesiplanet.com\/fr\/prodotto\/solutions-dexterieur\/solutions-dexterieur-impregnant\/solutions-dexterieur-impregnant-impregnant-a-leau\/xhc5\/","title":{"rendered":"XHC5"},"content":{"rendered":"<p>Impr\u00e9gnation \u00e0 eau avec une excellente mouillabilit\u00e9<\/p>\n","protected":false},"excerpt":{"rendered":"<p>Impr\u00e9gnation \u00e0 eau avec une excellente mouillabilit\u00e9<\/p>\n","protected":false},"featured_media":0,"template":"","meta":{"_acf_changed":false},"product_brand":[],"product_cat":[287,312,313,698],"product_tag":[],"class_list":{"0":"post-5558","1":"product","2":"type-product","3":"status-publish","5":"product_cat-solutions-dexterieur","6":"product_cat-solutions-dexterieur-impregnant","7":"product_cat-solutions-dexterieur-impregnant-impregnant-a-leau","8":"product_cat-mvf-fr","10":"first","11":"instock","12":"shipping-taxable","13":"product-type-simple"},"acf":[],"_links":{"self":[{"href":"https:\/\/milesiplanet.com\/fr\/wp-json\/wp\/v2\/product\/5558","targetHints":{"allow":["GET"]}}],"collection":[{"href":"https:\/\/milesiplanet.com\/fr\/wp-json\/wp\/v2\/product"}],"about":[{"href":"https:\/\/milesiplanet.com\/fr\/wp-json\/wp\/v2\/types\/product"}],"wp:attachment":[{"href":"https:\/\/milesiplanet.com\/fr\/wp-json\/wp\/v2\/media?parent=5558"}],"wp:term":[{"taxonomy":"product_brand","embeddable":true,"href":"https:\/\/milesiplanet.com\/fr\/wp-json\/wp\/v2\/product_brand?post=5558"},{"taxonomy":"product_cat","embeddable":true,"href":"https:\/\/milesiplanet.com\/fr\/wp-json\/wp\/v2\/product_cat?post=5558"},{"taxonomy":"product_tag","embeddable":true,"href":"https:\/\/milesiplanet.com\/fr\/wp-json\/wp\/v2\/product_tag?post=5558"}],"curies":[{"name":"wp","href":"https:\/\/api.w.org\/{rel}","templated":true}]}}