
{"id":5561,"date":"2020-01-09T14:59:21","date_gmt":"2020-01-09T13:59:21","guid":{"rendered":"http:\/\/milesiplanet.com\/prodotto\/uncategorized\/xht100\/"},"modified":"2020-10-29T15:46:55","modified_gmt":"2020-10-29T14:46:55","slug":"xht100","status":"publish","type":"product","link":"https:\/\/milesiplanet.com\/fr\/prodotto\/solutions-dexterieur\/solutions-dexterieur-impregnant\/solutions-dexterieur-impregnant-impregnant-a-leau\/xht100\/","title":{"rendered":"XHT100"},"content":{"rendered":"<p>Impr\u00e9gnation \u00e0 l&#8217;eau, avec r\u00e9sistance maximale au jaunissement.<\/p>\n","protected":false},"excerpt":{"rendered":"<p>Impr\u00e9gnation \u00e0 l&#8217;eau, avec r\u00e9sistance maximale au jaunissement.<\/p>\n","protected":false},"featured_media":0,"template":"","meta":{"_acf_changed":false},"product_brand":[],"product_cat":[287,312,313,698],"product_tag":[],"class_list":{"0":"post-5561","1":"product","2":"type-product","3":"status-publish","5":"product_cat-solutions-dexterieur","6":"product_cat-solutions-dexterieur-impregnant","7":"product_cat-solutions-dexterieur-impregnant-impregnant-a-leau","8":"product_cat-mvf-fr","10":"first","11":"instock","12":"shipping-taxable","13":"product-type-simple"},"acf":[],"_links":{"self":[{"href":"https:\/\/milesiplanet.com\/fr\/wp-json\/wp\/v2\/product\/5561","targetHints":{"allow":["GET"]}}],"collection":[{"href":"https:\/\/milesiplanet.com\/fr\/wp-json\/wp\/v2\/product"}],"about":[{"href":"https:\/\/milesiplanet.com\/fr\/wp-json\/wp\/v2\/types\/product"}],"wp:attachment":[{"href":"https:\/\/milesiplanet.com\/fr\/wp-json\/wp\/v2\/media?parent=5561"}],"wp:term":[{"taxonomy":"product_brand","embeddable":true,"href":"https:\/\/milesiplanet.com\/fr\/wp-json\/wp\/v2\/product_brand?post=5561"},{"taxonomy":"product_cat","embeddable":true,"href":"https:\/\/milesiplanet.com\/fr\/wp-json\/wp\/v2\/product_cat?post=5561"},{"taxonomy":"product_tag","embeddable":true,"href":"https:\/\/milesiplanet.com\/fr\/wp-json\/wp\/v2\/product_tag?post=5561"}],"curies":[{"name":"wp","href":"https:\/\/api.w.org\/{rel}","templated":true}]}}