
{"id":5563,"date":"2020-01-09T14:30:00","date_gmt":"2020-01-09T13:30:00","guid":{"rendered":"http:\/\/milesiplanet.com\/prodotto\/uncategorized\/xwc703\/"},"modified":"2023-09-25T16:08:14","modified_gmt":"2023-09-25T14:08:14","slug":"xwc703","status":"publish","type":"product","link":"https:\/\/milesiplanet.com\/fr\/prodotto\/solutions-dexterieur\/solutions-dexterieur-impregnant\/solutions-dexterieur-impregnant-impregnant-a-leau\/xwc703\/","title":{"rendered":"XWC703"},"content":{"rendered":"<p>Impr\u00e9gnation hydro, r\u00e9g\u00e9nerante, sous forme de gel, limitant le ph\u00e9nom\u00e8ne de gouttes lors de l&#8217;application parties suspendues, plafonds, etc.. facilit\u00e9 d&#8217;application<\/p>\n","protected":false},"excerpt":{"rendered":"<p>Impr\u00e9gnation hydro, r\u00e9g\u00e9nerante, sous forme de gel, limitant le ph\u00e9nom\u00e8ne de gouttes lors de l&#8217;application parties suspendues, plafonds, etc.. facilit\u00e9 d&#8217;application<\/p>\n","protected":false},"featured_media":0,"template":"","meta":{"_acf_changed":false},"product_brand":[],"product_cat":[287,312,313,698],"product_tag":[],"class_list":{"0":"post-5563","1":"product","2":"type-product","3":"status-publish","5":"product_cat-solutions-dexterieur","6":"product_cat-solutions-dexterieur-impregnant","7":"product_cat-solutions-dexterieur-impregnant-impregnant-a-leau","8":"product_cat-mvf-fr","10":"first","11":"instock","12":"shipping-taxable","13":"product-type-simple"},"acf":[],"_links":{"self":[{"href":"https:\/\/milesiplanet.com\/fr\/wp-json\/wp\/v2\/product\/5563","targetHints":{"allow":["GET"]}}],"collection":[{"href":"https:\/\/milesiplanet.com\/fr\/wp-json\/wp\/v2\/product"}],"about":[{"href":"https:\/\/milesiplanet.com\/fr\/wp-json\/wp\/v2\/types\/product"}],"wp:attachment":[{"href":"https:\/\/milesiplanet.com\/fr\/wp-json\/wp\/v2\/media?parent=5563"}],"wp:term":[{"taxonomy":"product_brand","embeddable":true,"href":"https:\/\/milesiplanet.com\/fr\/wp-json\/wp\/v2\/product_brand?post=5563"},{"taxonomy":"product_cat","embeddable":true,"href":"https:\/\/milesiplanet.com\/fr\/wp-json\/wp\/v2\/product_cat?post=5563"},{"taxonomy":"product_tag","embeddable":true,"href":"https:\/\/milesiplanet.com\/fr\/wp-json\/wp\/v2\/product_tag?post=5563"}],"curies":[{"name":"wp","href":"https:\/\/api.w.org\/{rel}","templated":true}]}}