
{"id":5575,"date":"2020-01-09T16:44:03","date_gmt":"2020-01-09T15:44:03","guid":{"rendered":"http:\/\/milesiplanet.com\/prodotto\/uncategorized\/ywc30\/"},"modified":"2023-09-25T16:16:14","modified_gmt":"2023-09-25T14:16:14","slug":"ywc30","status":"publish","type":"product","link":"https:\/\/milesiplanet.com\/fr\/prodotto\/solutions-dexterieur\/solutions-dexterieur-impregnant\/solutions-dexterieur-impregnant-impregnant-a-base-de-solvant\/ywc30\/","title":{"rendered":"YWC30"},"content":{"rendered":"<p>Impr\u00e9gnant \u00e0 solvant, \u00e0 excellente facilit\u00e9 d&#8217;application.<\/p>\n","protected":false},"excerpt":{"rendered":"<p>Impr\u00e9gnant \u00e0 solvant, \u00e0 excellente facilit\u00e9 d&#8217;application.<\/p>\n","protected":false},"featured_media":0,"template":"","meta":{"_acf_changed":false},"product_brand":[],"product_cat":[287,312,351,698],"product_tag":[],"class_list":{"0":"post-5575","1":"product","2":"type-product","3":"status-publish","5":"product_cat-solutions-dexterieur","6":"product_cat-solutions-dexterieur-impregnant","7":"product_cat-solutions-dexterieur-impregnant-impregnant-a-base-de-solvant","8":"product_cat-mvf-fr","10":"first","11":"instock","12":"shipping-taxable","13":"product-type-simple"},"acf":[],"_links":{"self":[{"href":"https:\/\/milesiplanet.com\/fr\/wp-json\/wp\/v2\/product\/5575","targetHints":{"allow":["GET"]}}],"collection":[{"href":"https:\/\/milesiplanet.com\/fr\/wp-json\/wp\/v2\/product"}],"about":[{"href":"https:\/\/milesiplanet.com\/fr\/wp-json\/wp\/v2\/types\/product"}],"wp:attachment":[{"href":"https:\/\/milesiplanet.com\/fr\/wp-json\/wp\/v2\/media?parent=5575"}],"wp:term":[{"taxonomy":"product_brand","embeddable":true,"href":"https:\/\/milesiplanet.com\/fr\/wp-json\/wp\/v2\/product_brand?post=5575"},{"taxonomy":"product_cat","embeddable":true,"href":"https:\/\/milesiplanet.com\/fr\/wp-json\/wp\/v2\/product_cat?post=5575"},{"taxonomy":"product_tag","embeddable":true,"href":"https:\/\/milesiplanet.com\/fr\/wp-json\/wp\/v2\/product_tag?post=5575"}],"curies":[{"name":"wp","href":"https:\/\/api.w.org\/{rel}","templated":true}]}}