
{"id":5578,"date":"2020-01-15T16:22:13","date_gmt":"2020-01-15T15:22:13","guid":{"rendered":"http:\/\/milesiplanet.com\/prodotto\/uncategorized\/yec20\/"},"modified":"2023-09-27T10:27:56","modified_gmt":"2023-09-27T08:27:56","slug":"yec20","status":"publish","type":"product","link":"https:\/\/milesiplanet.com\/fr\/prodotto\/solutions-dexterieur\/solutions-dexterieur-huiles-vegetales-et-synthetiques\/yec20\/","title":{"rendered":"YEC20"},"content":{"rendered":"<p>Huile synt\u00e9tique sp\u00e9cifique pour entretien du bois d\u00e9j\u00e0 verni.<\/p>\n","protected":false},"excerpt":{"rendered":"<p>Huile synt\u00e9tique sp\u00e9cifique pour entretien du bois d\u00e9j\u00e0 verni.<\/p>\n","protected":false},"featured_media":0,"template":"","meta":{"_acf_changed":false},"product_brand":[],"product_cat":[287,317,698],"product_tag":[],"class_list":{"0":"post-5578","1":"product","2":"type-product","3":"status-publish","5":"product_cat-solutions-dexterieur","6":"product_cat-solutions-dexterieur-huiles-vegetales-et-synthetiques","7":"product_cat-mvf-fr","9":"first","10":"instock","11":"shipping-taxable","12":"product-type-simple"},"acf":[],"_links":{"self":[{"href":"https:\/\/milesiplanet.com\/fr\/wp-json\/wp\/v2\/product\/5578","targetHints":{"allow":["GET"]}}],"collection":[{"href":"https:\/\/milesiplanet.com\/fr\/wp-json\/wp\/v2\/product"}],"about":[{"href":"https:\/\/milesiplanet.com\/fr\/wp-json\/wp\/v2\/types\/product"}],"wp:attachment":[{"href":"https:\/\/milesiplanet.com\/fr\/wp-json\/wp\/v2\/media?parent=5578"}],"wp:term":[{"taxonomy":"product_brand","embeddable":true,"href":"https:\/\/milesiplanet.com\/fr\/wp-json\/wp\/v2\/product_brand?post=5578"},{"taxonomy":"product_cat","embeddable":true,"href":"https:\/\/milesiplanet.com\/fr\/wp-json\/wp\/v2\/product_cat?post=5578"},{"taxonomy":"product_tag","embeddable":true,"href":"https:\/\/milesiplanet.com\/fr\/wp-json\/wp\/v2\/product_tag?post=5578"}],"curies":[{"name":"wp","href":"https:\/\/api.w.org\/{rel}","templated":true}]}}