
{"id":5580,"date":"2020-01-15T16:27:27","date_gmt":"2020-01-15T15:27:27","guid":{"rendered":"http:\/\/milesiplanet.com\/prodotto\/uncategorized\/ywc23516\/"},"modified":"2023-09-27T10:28:45","modified_gmt":"2023-09-27T08:28:45","slug":"ywc23516","status":"publish","type":"product","link":"https:\/\/milesiplanet.com\/fr\/prodotto\/solutions-dexterieur\/solutions-dexterieur-huiles-vegetales-et-synthetiques\/ywc23516\/","title":{"rendered":"YWC23516"},"content":{"rendered":"<p>Huile synth\u00e9tique transparente, r\u00e9g\u00e9nerante pour teak<\/p>\n","protected":false},"excerpt":{"rendered":"<p>Huile synth\u00e9tique transparente, r\u00e9g\u00e9nerante pour teak<\/p>\n","protected":false},"featured_media":0,"template":"","meta":{"_acf_changed":false},"product_brand":[],"product_cat":[287,317,626],"product_tag":[],"class_list":{"0":"post-5580","1":"product","2":"type-product","3":"status-publish","5":"product_cat-solutions-dexterieur","6":"product_cat-solutions-dexterieur-huiles-vegetales-et-synthetiques","7":"product_cat-africa-fr","9":"first","10":"instock","11":"shipping-taxable","12":"product-type-simple"},"acf":[],"_links":{"self":[{"href":"https:\/\/milesiplanet.com\/fr\/wp-json\/wp\/v2\/product\/5580","targetHints":{"allow":["GET"]}}],"collection":[{"href":"https:\/\/milesiplanet.com\/fr\/wp-json\/wp\/v2\/product"}],"about":[{"href":"https:\/\/milesiplanet.com\/fr\/wp-json\/wp\/v2\/types\/product"}],"wp:attachment":[{"href":"https:\/\/milesiplanet.com\/fr\/wp-json\/wp\/v2\/media?parent=5580"}],"wp:term":[{"taxonomy":"product_brand","embeddable":true,"href":"https:\/\/milesiplanet.com\/fr\/wp-json\/wp\/v2\/product_brand?post=5580"},{"taxonomy":"product_cat","embeddable":true,"href":"https:\/\/milesiplanet.com\/fr\/wp-json\/wp\/v2\/product_cat?post=5580"},{"taxonomy":"product_tag","embeddable":true,"href":"https:\/\/milesiplanet.com\/fr\/wp-json\/wp\/v2\/product_tag?post=5580"}],"curies":[{"name":"wp","href":"https:\/\/api.w.org\/{rel}","templated":true}]}}