
{"id":5600,"date":"2020-01-07T09:38:41","date_gmt":"2020-01-07T08:38:41","guid":{"rendered":"http:\/\/milesiplanet.com\/prodotto\/uncategorized\/xhc1\/"},"modified":"2023-09-25T15:32:49","modified_gmt":"2023-09-25T13:32:49","slug":"xhc1","status":"publish","type":"product","link":"https:\/\/milesiplanet.com\/fr\/prodotto\/solutions-dexterieur\/solutions-dexterieur-preimpregnant\/solutions-dexterieur-preimpregnant-preimpregnant-a-leau\/xhc1\/","title":{"rendered":"XHC1"},"content":{"rendered":"<p>Pr\u00e9impr\u00e9gnation hydro avec excellente r\u00e9sistance au grisaillement. Facilite l&#8217;ecoulement de l&#8217;impr\u00e9gation successive et uniformise la couleur. Certifii\u00e9 Resistance Outdoor WKI 2022.<\/p>\n","protected":false},"excerpt":{"rendered":"<p>Pr\u00e9impr\u00e9gnation hydro avec excellente r\u00e9sistance au grisaillement. Facilite l&#8217;ecoulement de l&#8217;impr\u00e9gation successive et uniformise la couleur. Certifii\u00e9 Resistance Outdoor WKI 2022.<\/p>\n","protected":false},"featured_media":0,"template":"","meta":{"_acf_changed":false},"product_brand":[],"product_cat":[287,349,350,698],"product_tag":[],"class_list":{"0":"post-5600","1":"product","2":"type-product","3":"status-publish","5":"product_cat-solutions-dexterieur","6":"product_cat-solutions-dexterieur-preimpregnant","7":"product_cat-solutions-dexterieur-preimpregnant-preimpregnant-a-leau","8":"product_cat-mvf-fr","10":"first","11":"instock","12":"shipping-taxable","13":"product-type-simple"},"acf":[],"_links":{"self":[{"href":"https:\/\/milesiplanet.com\/fr\/wp-json\/wp\/v2\/product\/5600","targetHints":{"allow":["GET"]}}],"collection":[{"href":"https:\/\/milesiplanet.com\/fr\/wp-json\/wp\/v2\/product"}],"about":[{"href":"https:\/\/milesiplanet.com\/fr\/wp-json\/wp\/v2\/types\/product"}],"wp:attachment":[{"href":"https:\/\/milesiplanet.com\/fr\/wp-json\/wp\/v2\/media?parent=5600"}],"wp:term":[{"taxonomy":"product_brand","embeddable":true,"href":"https:\/\/milesiplanet.com\/fr\/wp-json\/wp\/v2\/product_brand?post=5600"},{"taxonomy":"product_cat","embeddable":true,"href":"https:\/\/milesiplanet.com\/fr\/wp-json\/wp\/v2\/product_cat?post=5600"},{"taxonomy":"product_tag","embeddable":true,"href":"https:\/\/milesiplanet.com\/fr\/wp-json\/wp\/v2\/product_tag?post=5600"}],"curies":[{"name":"wp","href":"https:\/\/api.w.org\/{rel}","templated":true}]}}