
{"id":6644,"date":"2020-01-14T16:39:23","date_gmt":"2020-01-14T15:39:23","guid":{"rendered":"http:\/\/milesiplanet.com\/prodotto\/uncategorized\/xtc21241\/"},"modified":"2020-10-28T16:53:50","modified_gmt":"2020-10-28T15:53:50","slug":"xtc21241","status":"publish","type":"product","link":"https:\/\/milesiplanet.com\/fr\/prodotto\/solutions-dexterieur\/solutions-dexterieur-produits-auxiliaires\/xtc21241\/","title":{"rendered":"XTC21241"},"content":{"rendered":"<p>ADDITIF ANTI-GLISSANT<br \/>\nUtilis\u00e9 avec les agents d\u2019impr\u00e9gnation, les fonds et les finitions, il permet de r\u00e9soudre les probl\u00e8mes de glissance, en facilitant l\u2019\u00e9talement en surface du produit dans lequel il est incorpor\u00e9<\/p>\n","protected":false},"excerpt":{"rendered":"<p>ADDITIF ANTI-GLISSANT Utilis\u00e9 avec les agents d\u2019impr\u00e9gnation, les fonds et les finitions, il permet de r\u00e9soudre les probl\u00e8mes de glissance, en facilitant l\u2019\u00e9talement en surface du produit dans lequel il est incorpor\u00e9<\/p>\n","protected":false},"featured_media":0,"template":"","meta":{"_acf_changed":false},"product_brand":[],"product_cat":[287,355,656],"product_tag":[],"class_list":{"0":"post-6644","1":"product","2":"type-product","3":"status-publish","5":"product_cat-solutions-dexterieur","6":"product_cat-solutions-dexterieur-produits-auxiliaires","7":"product_cat-ii-fr","9":"first","10":"instock","11":"shipping-taxable","12":"product-type-simple"},"acf":[],"_links":{"self":[{"href":"https:\/\/milesiplanet.com\/fr\/wp-json\/wp\/v2\/product\/6644","targetHints":{"allow":["GET"]}}],"collection":[{"href":"https:\/\/milesiplanet.com\/fr\/wp-json\/wp\/v2\/product"}],"about":[{"href":"https:\/\/milesiplanet.com\/fr\/wp-json\/wp\/v2\/types\/product"}],"wp:attachment":[{"href":"https:\/\/milesiplanet.com\/fr\/wp-json\/wp\/v2\/media?parent=6644"}],"wp:term":[{"taxonomy":"product_brand","embeddable":true,"href":"https:\/\/milesiplanet.com\/fr\/wp-json\/wp\/v2\/product_brand?post=6644"},{"taxonomy":"product_cat","embeddable":true,"href":"https:\/\/milesiplanet.com\/fr\/wp-json\/wp\/v2\/product_cat?post=6644"},{"taxonomy":"product_tag","embeddable":true,"href":"https:\/\/milesiplanet.com\/fr\/wp-json\/wp\/v2\/product_tag?post=6644"}],"curies":[{"name":"wp","href":"https:\/\/api.w.org\/{rel}","templated":true}]}}