
{"id":6652,"date":"2020-01-14T16:44:10","date_gmt":"2020-01-14T15:44:10","guid":{"rendered":"http:\/\/milesiplanet.com\/prodotto\/uncategorized\/xzc7\/"},"modified":"2020-11-03T12:58:04","modified_gmt":"2020-11-03T11:58:04","slug":"xzc7","status":"publish","type":"product","link":"https:\/\/milesiplanet.com\/fr\/prodotto\/solutions-dexterieur\/solutions-dexterieur-produits-auxiliaires\/xzc7\/","title":{"rendered":"XZC7"},"content":{"rendered":"<p>D\u00c9TERGENT<br \/>\n\u00c0 utiliser tel quel pour nettoyer le mat\u00e9riel d\u2019application<\/p>\n","protected":false},"excerpt":{"rendered":"<p>D\u00c9TERGENT \u00c0 utiliser tel quel pour nettoyer le mat\u00e9riel d\u2019application<\/p>\n","protected":false},"featured_media":0,"template":"","meta":{"_acf_changed":false},"product_brand":[],"product_cat":[287,355,626],"product_tag":[],"class_list":{"0":"post-6652","1":"product","2":"type-product","3":"status-publish","5":"product_cat-solutions-dexterieur","6":"product_cat-solutions-dexterieur-produits-auxiliaires","7":"product_cat-africa-fr","9":"first","10":"instock","11":"shipping-taxable","12":"product-type-simple"},"acf":[],"_links":{"self":[{"href":"https:\/\/milesiplanet.com\/fr\/wp-json\/wp\/v2\/product\/6652","targetHints":{"allow":["GET"]}}],"collection":[{"href":"https:\/\/milesiplanet.com\/fr\/wp-json\/wp\/v2\/product"}],"about":[{"href":"https:\/\/milesiplanet.com\/fr\/wp-json\/wp\/v2\/types\/product"}],"wp:attachment":[{"href":"https:\/\/milesiplanet.com\/fr\/wp-json\/wp\/v2\/media?parent=6652"}],"wp:term":[{"taxonomy":"product_brand","embeddable":true,"href":"https:\/\/milesiplanet.com\/fr\/wp-json\/wp\/v2\/product_brand?post=6652"},{"taxonomy":"product_cat","embeddable":true,"href":"https:\/\/milesiplanet.com\/fr\/wp-json\/wp\/v2\/product_cat?post=6652"},{"taxonomy":"product_tag","embeddable":true,"href":"https:\/\/milesiplanet.com\/fr\/wp-json\/wp\/v2\/product_tag?post=6652"}],"curies":[{"name":"wp","href":"https:\/\/api.w.org\/{rel}","templated":true}]}}