
{"id":6654,"date":"2020-01-17T11:51:25","date_gmt":"2020-01-17T10:51:25","guid":{"rendered":"http:\/\/milesiplanet.com\/prodotto\/uncategorized\/xgc33\/"},"modified":"2023-09-27T10:21:27","modified_gmt":"2023-09-27T08:21:27","slug":"xgc33","status":"publish","type":"product","link":"https:\/\/milesiplanet.com\/fr\/prodotto\/solutions-dexterieur\/solutions-dexterieur-produits-dentretien\/solutions-dexterieur-produits-dentretien-entretien-courant\/xgc33\/","title":{"rendered":"XGC33"},"content":{"rendered":"<p>Finition hydro nuanc\u00e9e couleur m\u00e9l\u00e8ze<\/p>\n","protected":false},"excerpt":{"rendered":"<p>Finition hydro nuanc\u00e9e couleur m\u00e9l\u00e8ze<\/p>\n","protected":false},"featured_media":0,"template":"","meta":{"_acf_changed":false},"product_brand":[],"product_cat":[357,698,287,356],"product_tag":[],"class_list":{"0":"post-6654","1":"product","2":"type-product","3":"status-publish","5":"product_cat-solutions-dexterieur-produits-dentretien-entretien-courant","6":"product_cat-mvf-fr","7":"product_cat-solutions-dexterieur","8":"product_cat-solutions-dexterieur-produits-dentretien","10":"first","11":"instock","12":"shipping-taxable","13":"product-type-simple"},"acf":[],"_links":{"self":[{"href":"https:\/\/milesiplanet.com\/fr\/wp-json\/wp\/v2\/product\/6654","targetHints":{"allow":["GET"]}}],"collection":[{"href":"https:\/\/milesiplanet.com\/fr\/wp-json\/wp\/v2\/product"}],"about":[{"href":"https:\/\/milesiplanet.com\/fr\/wp-json\/wp\/v2\/types\/product"}],"wp:attachment":[{"href":"https:\/\/milesiplanet.com\/fr\/wp-json\/wp\/v2\/media?parent=6654"}],"wp:term":[{"taxonomy":"product_brand","embeddable":true,"href":"https:\/\/milesiplanet.com\/fr\/wp-json\/wp\/v2\/product_brand?post=6654"},{"taxonomy":"product_cat","embeddable":true,"href":"https:\/\/milesiplanet.com\/fr\/wp-json\/wp\/v2\/product_cat?post=6654"},{"taxonomy":"product_tag","embeddable":true,"href":"https:\/\/milesiplanet.com\/fr\/wp-json\/wp\/v2\/product_tag?post=6654"}],"curies":[{"name":"wp","href":"https:\/\/api.w.org\/{rel}","templated":true}]}}