
{"id":6700,"date":"2020-01-10T14:18:49","date_gmt":"2020-01-10T13:18:49","guid":{"rendered":"http:\/\/milesiplanet.com\/prodotto\/uncategorized\/xgc6a99x-serie-gloss-color-system\/"},"modified":"2023-09-26T16:20:48","modified_gmt":"2023-09-26T14:20:48","slug":"xgc6a99x-serie-gloss-color-system","status":"publish","type":"product","link":"https:\/\/milesiplanet.com\/fr\/prodotto\/pour-exterieur\/pour-exterieur-finition\/pour-exterieur-finition-finition-a-leau\/xgc6a99x-serie-gloss-color-system\/","title":{"rendered":"XGC6A99x  S\u00e9rie Gloss &#8211; Color System"},"content":{"rendered":"<p>Finition hydro, \u00e0 l&#8217;excellente perm\u00e9abilit\u00e9<\/p>\n","protected":false},"excerpt":{"rendered":"<p>Finition hydro, \u00e0 l&#8217;excellente perm\u00e9abilit\u00e9<\/p>\n","protected":false},"featured_media":0,"template":"","meta":{"_acf_changed":false},"product_brand":[],"product_cat":[330,335,336,698],"product_tag":[],"class_list":{"0":"post-6700","1":"product","2":"type-product","3":"status-publish","5":"product_cat-pour-exterieur","6":"product_cat-pour-exterieur-finition","7":"product_cat-pour-exterieur-finition-finition-a-leau","8":"product_cat-mvf-fr","10":"first","11":"instock","12":"shipping-taxable","13":"product-type-simple"},"acf":[],"_links":{"self":[{"href":"https:\/\/milesiplanet.com\/fr\/wp-json\/wp\/v2\/product\/6700","targetHints":{"allow":["GET"]}}],"collection":[{"href":"https:\/\/milesiplanet.com\/fr\/wp-json\/wp\/v2\/product"}],"about":[{"href":"https:\/\/milesiplanet.com\/fr\/wp-json\/wp\/v2\/types\/product"}],"wp:attachment":[{"href":"https:\/\/milesiplanet.com\/fr\/wp-json\/wp\/v2\/media?parent=6700"}],"wp:term":[{"taxonomy":"product_brand","embeddable":true,"href":"https:\/\/milesiplanet.com\/fr\/wp-json\/wp\/v2\/product_brand?post=6700"},{"taxonomy":"product_cat","embeddable":true,"href":"https:\/\/milesiplanet.com\/fr\/wp-json\/wp\/v2\/product_cat?post=6700"},{"taxonomy":"product_tag","embeddable":true,"href":"https:\/\/milesiplanet.com\/fr\/wp-json\/wp\/v2\/product_tag?post=6700"}],"curies":[{"name":"wp","href":"https:\/\/api.w.org\/{rel}","templated":true}]}}