
{"id":6702,"date":"2020-01-13T18:18:46","date_gmt":"2020-01-13T17:18:46","guid":{"rendered":"http:\/\/milesiplanet.com\/prodotto\/uncategorized\/xgt6aa2x-serie-gloss-color-system\/"},"modified":"2023-09-26T16:26:41","modified_gmt":"2023-09-26T14:26:41","slug":"xgt6aa2x-serie-gloss-color-system","status":"publish","type":"product","link":"https:\/\/milesiplanet.com\/fr\/prodotto\/pour-exterieur\/pour-exterieur-finition\/pour-exterieur-finition-finition-a-leau\/xgt6aa2x-serie-gloss-color-system\/","title":{"rendered":"XGT6AA2x S\u00e9rie Gloss &#8211; Color System"},"content":{"rendered":"<p>Finition hydro sp\u00e9cifique pour PVC, \u00e0 l&#8217;excellente accroche<\/p>\n","protected":false},"excerpt":{"rendered":"<p>Finition hydro sp\u00e9cifique pour PVC, \u00e0 l&#8217;excellente accroche<\/p>\n","protected":false},"featured_media":0,"template":"","meta":{"_acf_changed":false},"product_brand":[],"product_cat":[330,335,336,698],"product_tag":[],"class_list":{"0":"post-6702","1":"product","2":"type-product","3":"status-publish","5":"product_cat-pour-exterieur","6":"product_cat-pour-exterieur-finition","7":"product_cat-pour-exterieur-finition-finition-a-leau","8":"product_cat-mvf-fr","10":"first","11":"instock","12":"shipping-taxable","13":"product-type-simple"},"acf":[],"_links":{"self":[{"href":"https:\/\/milesiplanet.com\/fr\/wp-json\/wp\/v2\/product\/6702","targetHints":{"allow":["GET"]}}],"collection":[{"href":"https:\/\/milesiplanet.com\/fr\/wp-json\/wp\/v2\/product"}],"about":[{"href":"https:\/\/milesiplanet.com\/fr\/wp-json\/wp\/v2\/types\/product"}],"wp:attachment":[{"href":"https:\/\/milesiplanet.com\/fr\/wp-json\/wp\/v2\/media?parent=6702"}],"wp:term":[{"taxonomy":"product_brand","embeddable":true,"href":"https:\/\/milesiplanet.com\/fr\/wp-json\/wp\/v2\/product_brand?post=6702"},{"taxonomy":"product_cat","embeddable":true,"href":"https:\/\/milesiplanet.com\/fr\/wp-json\/wp\/v2\/product_cat?post=6702"},{"taxonomy":"product_tag","embeddable":true,"href":"https:\/\/milesiplanet.com\/fr\/wp-json\/wp\/v2\/product_tag?post=6702"}],"curies":[{"name":"wp","href":"https:\/\/api.w.org\/{rel}","templated":true}]}}