
{"id":6704,"date":"2020-02-27T10:26:41","date_gmt":"2020-02-27T09:26:41","guid":{"rendered":"http:\/\/milesiplanet.com\/?post_type=product&#038;p=6704"},"modified":"2020-11-09T14:19:46","modified_gmt":"2020-11-09T13:19:46","slug":"xgc1900x-serie-color-system","status":"publish","type":"product","link":"https:\/\/milesiplanet.com\/fr\/prodotto\/pour-exterieur\/pour-exterieur-finition\/pour-exterieur-finition-finition-a-leau\/xgc1900x-serie-color-system\/","title":{"rendered":"XGC1900x S\u00e9rie &#8211; Color System"},"content":{"rendered":"<p>Finitions \u00e0 l&#8217;eau sp\u00e9cifique pore ouvert, tr\u00e8s bon tendu.<\/p>\n","protected":false},"excerpt":{"rendered":"<p>Finitions \u00e0 l&#8217;eau sp\u00e9cifique pore ouvert, tr\u00e8s bon tendu.<\/p>\n","protected":false},"featured_media":0,"template":"","meta":{"_acf_changed":false},"product_brand":[],"product_cat":[330,335,336,698],"product_tag":[],"class_list":{"0":"post-6704","1":"product","2":"type-product","3":"status-publish","5":"product_cat-pour-exterieur","6":"product_cat-pour-exterieur-finition","7":"product_cat-pour-exterieur-finition-finition-a-leau","8":"product_cat-mvf-fr","10":"first","11":"instock","12":"shipping-taxable","13":"product-type-simple"},"acf":[],"_links":{"self":[{"href":"https:\/\/milesiplanet.com\/fr\/wp-json\/wp\/v2\/product\/6704","targetHints":{"allow":["GET"]}}],"collection":[{"href":"https:\/\/milesiplanet.com\/fr\/wp-json\/wp\/v2\/product"}],"about":[{"href":"https:\/\/milesiplanet.com\/fr\/wp-json\/wp\/v2\/types\/product"}],"wp:attachment":[{"href":"https:\/\/milesiplanet.com\/fr\/wp-json\/wp\/v2\/media?parent=6704"}],"wp:term":[{"taxonomy":"product_brand","embeddable":true,"href":"https:\/\/milesiplanet.com\/fr\/wp-json\/wp\/v2\/product_brand?post=6704"},{"taxonomy":"product_cat","embeddable":true,"href":"https:\/\/milesiplanet.com\/fr\/wp-json\/wp\/v2\/product_cat?post=6704"},{"taxonomy":"product_tag","embeddable":true,"href":"https:\/\/milesiplanet.com\/fr\/wp-json\/wp\/v2\/product_tag?post=6704"}],"curies":[{"name":"wp","href":"https:\/\/api.w.org\/{rel}","templated":true}]}}