
{"id":6705,"date":"2020-01-10T13:57:59","date_gmt":"2020-01-10T12:57:59","guid":{"rendered":"http:\/\/milesiplanet.com\/prodotto\/uncategorized\/xbt10x-serie-color-system\/"},"modified":"2023-09-26T15:53:37","modified_gmt":"2023-09-26T13:53:37","slug":"xbt10x-serie-color-system","status":"publish","type":"product","link":"https:\/\/milesiplanet.com\/fr\/prodotto\/pour-exterieur\/pour-exterieur-enduit\/pour-exterieur-enduit-enduit-a-leau\/xbt10x-serie-color-system\/","title":{"rendered":"XBT10x S\u00e9rie &#8211; Color System"},"content":{"rendered":"<p>Fond hydro, avec d&#8217;excellentes propri\u00e9t\u00e9s comme le pouvoir couvrant et l&#8217;\u00e9grenage facile.<\/p>\n","protected":false},"excerpt":{"rendered":"<p>Fond hydro, avec d&#8217;excellentes propri\u00e9t\u00e9s comme le pouvoir couvrant et l&#8217;\u00e9grenage facile.<\/p>\n","protected":false},"featured_media":0,"template":"","meta":{"_acf_changed":false},"product_brand":[],"product_cat":[330,333,334,656],"product_tag":[],"class_list":{"0":"post-6705","1":"product","2":"type-product","3":"status-publish","5":"product_cat-pour-exterieur","6":"product_cat-pour-exterieur-enduit","7":"product_cat-pour-exterieur-enduit-enduit-a-leau","8":"product_cat-ii-fr","10":"first","11":"instock","12":"shipping-taxable","13":"product-type-simple"},"acf":[],"_links":{"self":[{"href":"https:\/\/milesiplanet.com\/fr\/wp-json\/wp\/v2\/product\/6705","targetHints":{"allow":["GET"]}}],"collection":[{"href":"https:\/\/milesiplanet.com\/fr\/wp-json\/wp\/v2\/product"}],"about":[{"href":"https:\/\/milesiplanet.com\/fr\/wp-json\/wp\/v2\/types\/product"}],"wp:attachment":[{"href":"https:\/\/milesiplanet.com\/fr\/wp-json\/wp\/v2\/media?parent=6705"}],"wp:term":[{"taxonomy":"product_brand","embeddable":true,"href":"https:\/\/milesiplanet.com\/fr\/wp-json\/wp\/v2\/product_brand?post=6705"},{"taxonomy":"product_cat","embeddable":true,"href":"https:\/\/milesiplanet.com\/fr\/wp-json\/wp\/v2\/product_cat?post=6705"},{"taxonomy":"product_tag","embeddable":true,"href":"https:\/\/milesiplanet.com\/fr\/wp-json\/wp\/v2\/product_tag?post=6705"}],"curies":[{"name":"wp","href":"https:\/\/api.w.org\/{rel}","templated":true}]}}