
{"id":6706,"date":"2020-02-27T10:48:32","date_gmt":"2020-02-27T09:48:32","guid":{"rendered":"http:\/\/milesiplanet.com\/?post_type=product&#038;p=6706"},"modified":"2023-09-26T16:00:35","modified_gmt":"2023-09-26T14:00:35","slug":"xbt6aa1x-serie-color-system","status":"publish","type":"product","link":"https:\/\/milesiplanet.com\/fr\/prodotto\/pour-exterieur\/pour-exterieur-enduit\/pour-exterieur-enduit-enduit-a-leau\/xbt6aa1x-serie-color-system\/","title":{"rendered":"XBT6AAx  S\u00e9rie &#8211; Color System"},"content":{"rendered":"<p>Fond hydro, \u00e0 l&#8217;excellente verticalit\u00e9 et pouvoir isolant. Certifii\u00e9 Resistance Outdoor WKI 2022.<\/p>\n","protected":false},"excerpt":{"rendered":"<p>Fond hydro, \u00e0 l&#8217;excellente verticalit\u00e9 et pouvoir isolant. Certifii\u00e9 Resistance Outdoor WKI 2022.<\/p>\n","protected":false},"featured_media":0,"template":"","meta":{"_acf_changed":false},"product_brand":[],"product_cat":[330,333,334,698],"product_tag":[],"class_list":{"0":"post-6706","1":"product","2":"type-product","3":"status-publish","5":"product_cat-pour-exterieur","6":"product_cat-pour-exterieur-enduit","7":"product_cat-pour-exterieur-enduit-enduit-a-leau","8":"product_cat-mvf-fr","10":"first","11":"instock","12":"shipping-taxable","13":"product-type-simple"},"acf":[],"_links":{"self":[{"href":"https:\/\/milesiplanet.com\/fr\/wp-json\/wp\/v2\/product\/6706","targetHints":{"allow":["GET"]}}],"collection":[{"href":"https:\/\/milesiplanet.com\/fr\/wp-json\/wp\/v2\/product"}],"about":[{"href":"https:\/\/milesiplanet.com\/fr\/wp-json\/wp\/v2\/types\/product"}],"wp:attachment":[{"href":"https:\/\/milesiplanet.com\/fr\/wp-json\/wp\/v2\/media?parent=6706"}],"wp:term":[{"taxonomy":"product_brand","embeddable":true,"href":"https:\/\/milesiplanet.com\/fr\/wp-json\/wp\/v2\/product_brand?post=6706"},{"taxonomy":"product_cat","embeddable":true,"href":"https:\/\/milesiplanet.com\/fr\/wp-json\/wp\/v2\/product_cat?post=6706"},{"taxonomy":"product_tag","embeddable":true,"href":"https:\/\/milesiplanet.com\/fr\/wp-json\/wp\/v2\/product_tag?post=6706"}],"curies":[{"name":"wp","href":"https:\/\/api.w.org\/{rel}","templated":true}]}}