
{"id":6708,"date":"2020-01-08T18:28:33","date_gmt":"2020-01-08T17:28:33","guid":{"rendered":"http:\/\/milesiplanet.com\/prodotto\/uncategorized\/serie-xhc200x-color-system\/"},"modified":"2023-09-26T17:10:12","modified_gmt":"2023-09-26T15:10:12","slug":"serie-xhc200x-color-system","status":"publish","type":"product","link":"https:\/\/milesiplanet.com\/fr\/prodotto\/pour-exterieur\/pour-exterieur-impregnant\/pour-exterieur-impregnant-impregnant-a-leau\/serie-xhc200x-color-system\/","title":{"rendered":"S\u00e9rie XHC200x &#8211; Color System"},"content":{"rendered":"<p>Impr\u00e9gnation hydro reg\u00e9n\u00e9rante, \u00e0 bonne mouillabilit\u00e9. Certifii\u00e9 Resistance Outdoor WKI 2022.<\/p>\n","protected":false},"excerpt":{"rendered":"<p>Impr\u00e9gnation hydro reg\u00e9n\u00e9rante, \u00e0 bonne mouillabilit\u00e9. Certifii\u00e9 Resistance Outdoor WKI 2022.<\/p>\n","protected":false},"featured_media":0,"template":"","meta":{"_acf_changed":false},"product_brand":[],"product_cat":[287,330,331,332,698],"product_tag":[],"class_list":{"0":"post-6708","1":"product","2":"type-product","3":"status-publish","5":"product_cat-solutions-dexterieur","6":"product_cat-pour-exterieur","7":"product_cat-pour-exterieur-impregnant","8":"product_cat-pour-exterieur-impregnant-impregnant-a-leau","9":"product_cat-mvf-fr","11":"first","12":"instock","13":"shipping-taxable","14":"product-type-simple"},"acf":[],"_links":{"self":[{"href":"https:\/\/milesiplanet.com\/fr\/wp-json\/wp\/v2\/product\/6708","targetHints":{"allow":["GET"]}}],"collection":[{"href":"https:\/\/milesiplanet.com\/fr\/wp-json\/wp\/v2\/product"}],"about":[{"href":"https:\/\/milesiplanet.com\/fr\/wp-json\/wp\/v2\/types\/product"}],"wp:attachment":[{"href":"https:\/\/milesiplanet.com\/fr\/wp-json\/wp\/v2\/media?parent=6708"}],"wp:term":[{"taxonomy":"product_brand","embeddable":true,"href":"https:\/\/milesiplanet.com\/fr\/wp-json\/wp\/v2\/product_brand?post=6708"},{"taxonomy":"product_cat","embeddable":true,"href":"https:\/\/milesiplanet.com\/fr\/wp-json\/wp\/v2\/product_cat?post=6708"},{"taxonomy":"product_tag","embeddable":true,"href":"https:\/\/milesiplanet.com\/fr\/wp-json\/wp\/v2\/product_tag?post=6708"}],"curies":[{"name":"wp","href":"https:\/\/api.w.org\/{rel}","templated":true}]}}