
{"id":6710,"date":"2020-01-08T17:41:35","date_gmt":"2020-01-08T16:41:35","guid":{"rendered":"http:\/\/milesiplanet.com\/prodotto\/uncategorized\/xhc50x-serie-color-system\/"},"modified":"2023-09-27T10:30:31","modified_gmt":"2023-09-27T08:30:31","slug":"xhc50x-serie-color-system","status":"publish","type":"product","link":"https:\/\/milesiplanet.com\/fr\/prodotto\/pour-exterieur\/pour-exterieur-impregnant\/pour-exterieur-impregnant-impregnant-a-leau\/xhc50x-serie-color-system\/","title":{"rendered":"XHC50x S\u00e9rie &#8211; Color System"},"content":{"rendered":"<p>Impr\u00e9gnation \u00e0 eau avec une excellente mouillabilit\u00e9<\/p>\n","protected":false},"excerpt":{"rendered":"<p>Impr\u00e9gnation \u00e0 eau avec une excellente mouillabilit\u00e9<\/p>\n","protected":false},"featured_media":0,"template":"","meta":{"_acf_changed":false},"product_brand":[],"product_cat":[287,330,331,332,698],"product_tag":[],"class_list":{"0":"post-6710","1":"product","2":"type-product","3":"status-publish","5":"product_cat-solutions-dexterieur","6":"product_cat-pour-exterieur","7":"product_cat-pour-exterieur-impregnant","8":"product_cat-pour-exterieur-impregnant-impregnant-a-leau","9":"product_cat-mvf-fr","11":"first","12":"instock","13":"shipping-taxable","14":"product-type-simple"},"acf":[],"_links":{"self":[{"href":"https:\/\/milesiplanet.com\/fr\/wp-json\/wp\/v2\/product\/6710","targetHints":{"allow":["GET"]}}],"collection":[{"href":"https:\/\/milesiplanet.com\/fr\/wp-json\/wp\/v2\/product"}],"about":[{"href":"https:\/\/milesiplanet.com\/fr\/wp-json\/wp\/v2\/types\/product"}],"wp:attachment":[{"href":"https:\/\/milesiplanet.com\/fr\/wp-json\/wp\/v2\/media?parent=6710"}],"wp:term":[{"taxonomy":"product_brand","embeddable":true,"href":"https:\/\/milesiplanet.com\/fr\/wp-json\/wp\/v2\/product_brand?post=6710"},{"taxonomy":"product_cat","embeddable":true,"href":"https:\/\/milesiplanet.com\/fr\/wp-json\/wp\/v2\/product_cat?post=6710"},{"taxonomy":"product_tag","embeddable":true,"href":"https:\/\/milesiplanet.com\/fr\/wp-json\/wp\/v2\/product_tag?post=6710"}],"curies":[{"name":"wp","href":"https:\/\/api.w.org\/{rel}","templated":true}]}}